{"id":125,"date":"2019-03-15T16:15:25","date_gmt":"2019-03-15T15:15:25","guid":{"rendered":"http:\/\/tomygousset.s26722.manumartin.atester.fr\/hugo-and-co\/?page_id=125"},"modified":"2023-09-28T14:22:43","modified_gmt":"2023-09-28T12:22:43","slug":"reserver","status":"publish","type":"page","link":"https:\/\/tomygousset.com\/hugo-and-co\/reserver\/","title":{"rendered":"R\u00e9server"},"content":{"rendered":"<p><a href=\"\/hugo-and-co\/\"><img decoding=\"async\" src=\"\/visuels-tg\/pave-hugo-blank.png\" alt=\"\"><\/a><\/p>\n<ul>\n<li>\n<p><a href=\"hugo-and-co\/le-restaurant\">LE RESTAURANT<\/a><\/p>\n<\/li>\n<li>\n<p><a href=\"\/hugo-and-co\/le-chef\">LE CHEF<\/a><\/p>\n<\/li>\n<li>\n<p><a href=\"\/hugo-and-co\/equipe\">L&rsquo;\u00c9QUIPE<\/a><\/p>\n<\/li>\n<li>\n<p><a href=\"\/hugo-and-co\/la-carte\">LA CARTE<\/a><\/p>\n<\/li>\n<li>\n<p><a href=\"\/hugo-and-co\/situation\">S&rsquo;Y RENDRE<\/a><\/p>\n<\/li>\n<li>\n<p><a href=\"\/hugo-and-co\/nous-suivre\/\">NOUS SUIVRE<\/a><\/p>\n<\/li>\n<\/ul>\n<ul>\n<li>\n        <a href=\"reserver\">R\u00e9server<\/a>\n    <\/li>\n<li>\n        <a href=\"https:\/\/vimeo.com\/360331129\">VID\u00c9O<\/a>\n    <\/li>\n<li>\n        <a href=\"https:\/\/leadfoxcloud.com\/public\/5e207365bb5ffa26aeb4a779\/\">S&rsquo;abonner \u00e0 notre newsletter<\/a>\n    <\/li>\n<\/ul>\n<div>\n<p style=\"font-size: 0.8em;\">Du lundi au vendredi<br \/>12h00 &gt; 14h00<br \/>19h00 &gt; 22h00<\/p>\n<\/div>\n<div>\n<p style=\"font-size:0.8em;\">48 rue Monge<br \/>75005 Paris<\/p>\n<p>T. 09 53 92 62 77<\/p>\n<\/div>\n<hr>\n<div>\n<p>Restez en contact\u2026<\/p>\n<\/div>\n<div>\n<p style=\"font-size:0.8em;\"><a href=\"https:\/\/www.tomygousset.com\" target=\"_blank\" rel=\"noopener\">< Site Tomy Gousset <\/a> \/ <a class=\"el-link uk-link-muted uk-icon customize-unpreviewable\" target=\"_blank\" href=\"https:\/\/www.facebook.com\/Hugoandco-152480505462765\" uk-icon=\"icon: facebook;\"><svg width=\"20\" height=\"20\" viewBox=\"0 0 20 20\" xmlns=\"http:\/\/www.w3.org\/2000\/svg\" data-svg=\"facebook\"><path d=\"M11,10h2.6l0.4-3H11V5.3c0-0.9,0.2-1.5,1.5-1.5H14V1.1c-0.3,0-1-0.1-2.1-0.1C9.6,1,8,2.4,8,5v2H5.5v3H8v8h3V10z\"><\/path><\/svg><\/a> <a class=\"el-link uk-link-muted uk-icon customize-unpreviewable\" target=\"_blank\" href=\"https:\/\/www.instagram.com\/restaurant_hugoandco\/\" uk-icon=\"icon: instagram;\"><svg width=\"20\" height=\"20\" viewBox=\"0 0 20 20\" xmlns=\"http:\/\/www.w3.org\/2000\/svg\" data-svg=\"instagram\"><path d=\"M13.55,1H6.46C3.45,1,1,3.44,1,6.44v7.12c0,3,2.45,5.44,5.46,5.44h7.08c3.02,0,5.46-2.44,5.46-5.44V6.44 C19.01,3.44,16.56,1,13.55,1z M17.5,14c0,1.93-1.57,3.5-3.5,3.5H6c-1.93,0-3.5-1.57-3.5-3.5V6c0-1.93,1.57-3.5,3.5-3.5h8 c1.93,0,3.5,1.57,3.5,3.5V14z\"><\/path><circle cx=\"14.87\" cy=\"5.26\" r=\"1.09\"><\/circle><path d=\"M10.03,5.45c-2.55,0-4.63,2.06-4.63,4.6c0,2.55,2.07,4.61,4.63,4.61c2.56,0,4.63-2.061,4.63-4.61 C14.65,7.51,12.58,5.45,10.03,5.45L10.03,5.45L10.03,5.45z M10.08,13c-1.66,0-3-1.34-3-2.99c0-1.65,1.34-2.99,3-2.99s3,1.34,3,2.99 C13.08,11.66,11.74,13,10.08,13L10.08,13L10.08,13z\"><\/path><\/svg><\/a><\/p>\n<\/div>\n<h2><span style=\"color: #538447;\">R\u00e9server<\/span><\/h2>\n<div><iframe src='https:\/\/bookings.zenchef.com\/results?rid=362668&#038;fullscreen=1' frameborder='0' scrolling='yes' width='100%' height='630' style='display: block; margin: 0 auto; max-width: 600px; height:630px;'><\/iframe><\/div>\n<div>\n<p>Veuillez noter que ceci est une demande de r\u00e9servation. La confirmation vous sera envoy\u00e9e dans un second temps par mail ou par t\u00e9l\u00e9phone.<\/p>\n<p><strong>Nous ne traitons pas les demandes pendant nos jours de fermeture les samedis et dimanches, vous aurez donc une r\u00e9ponse tr\u00e8s rapidement en d\u00e9but de semaine merci de votre compr\u00e9hension.<\/strong><\/p>\n<p><em>Please note that this is a booking request. The confirmation will be sent to you in a second time by email or phone.<\/em><\/p>\n<p><strong><em>We do not process requests during our closing days on Saturdays and Sundays, so you will get an answer very quickly at the beginning of the week.<\/em><\/strong><\/p>\n<div>[calendarista-booking id=\u00a0\u00bb4&Prime;]<\/div>\n<\/div>\n<p><!-- {\"type\":\"layout\",\"children\":[{\"type\":\"section\",\"props\":{\"style\":\"default\",\"width\":\"\",\"vertical_align\":\"middle\",\"title_position\":\"top-left\",\"title_rotation\":\"left\",\"title_breakpoint\":\"xl\",\"image_position\":\"center-center\",\"text_color\":\"\",\"width_expand\":\"\",\"height\":\"\",\"padding\":\"\",\"header_transparent\":\"\",\"animation\":\"fade\",\"padding_remove_top\":true,\"padding_remove_bottom\":true,\"title\":\"\"},\"children\":[{\"type\":\"row\",\"props\":{\"layout\":\",3-4\",\"breakpoint\":\"m\",\"fixed_width\":\"large\",\"gutter\":\"collapse\",\"width\":\"\",\"width_expand\":\"\",\"height\":\"\",\"margin\":\"\"},\"children\":[{\"type\":\"column\",\"props\":{\"widths\":[\"\"],\"image_position\":\"top-center\",\"media_overlay_gradient\":\"\",\"vertical_align\":\"\",\"style\":\"secondary\",\"text_color\":\"\",\"padding\":\"\",\"image\":\"\\\/visuels-tg\\\/pave-hugo.png\",\"image_size\":\"contain\",\"image_effect\":\"\",\"image_parallax_breakpoint\":\"\",\"image_visibility\":\"m\",\"media_blend_mode\":\"\"},\"children\":[{\"type\":\"image\",\"props\":{\"margin\":\"remove-vertical\",\"image_svg_color\":\"emphasis\",\"link_target\":\"\",\"image_border\":\"\",\"image_box_shadow\":\"\",\"image_hover_box_shadow\":\"\",\"image_box_decoration\":\"\",\"text_align\":\"center\",\"text_align_breakpoint\":\"\",\"text_align_fallback\":\"\",\"maxwidth\":\"\",\"maxwidth_align\":\"\",\"maxwidth_breakpoint\":\"\",\"animation\":\"fade\",\"visibility\":\"m\",\"image\":\"\\\/visuels-tg\\\/pave-hugo-blank.png\",\"link\":\"\\\/hugo-and-co\\\/\",\"container_padding_remove\":true}},{\"type\":\"list\",\"props\":{\"show_image\":true,\"show_link\":true,\"image_svg_color\":\"emphasis\",\"image_align\":\"left\",\"image_vertical_align\":true,\"list_style\":\"\",\"content_style\":\"bold\",\"image_border\":\"\",\"icon_color\":\"\",\"link_style\":\"\",\"text_align\":\"left\",\"text_align_breakpoint\":\"\",\"text_align_fallback\":\"\",\"maxwidth\":\"\",\"maxwidth_align\":\"\",\"maxwidth_breakpoint\":\"\",\"margin\":\"\",\"animation\":\"slide-left\",\"visibility\":\"m\",\"list_size\":false,\"icon\":\"\",\"id\":\"\",\"class\":\"menuhugo\",\"css\":\".menuhugo {color:#538447;\"},\"children\":[{\"type\":\"list_item\",\"props\":{\"icon_color\":\"\",\"content\":\"LE RESTAURANT\",\"link\":\"hugo-and-co\\\/le-restaurant\"}},{\"type\":\"list_item\",\"props\":{\"icon_color\":\"\",\"content\":\"LE CHEF\",\"image\":\"\",\"link\":\"\\\/hugo-and-co\\\/le-chef\"}},{\"type\":\"list_item\",\"props\":{\"icon_color\":\"\",\"content\":\"L'\\u00c9QUIPE\",\"link\":\"\\\/hugo-and-co\\\/equipe\"}},{\"type\":\"list_item\",\"props\":{\"icon_color\":\"\",\"content\":\"LA CARTE\",\"link\":\"\\\/hugo-and-co\\\/la-carte\"}},{\"type\":\"list_item\",\"props\":{\"icon_color\":\"\",\"content\":\"S'Y RENDRE\",\"link\":\"\\\/hugo-and-co\\\/situation\"}},{\"type\":\"list_item\",\"props\":{\"icon_color\":\"\",\"content\":\"NOUS SUIVRE\",\"link\":\"\\\/hugo-and-co\\\/nous-suivre\\\/\"}}]},{\"type\":\"button\",\"props\":{\"gutter\":\"small\",\"margin\":\"small\",\"button_size\":\"small\",\"text_align\":\"\",\"text_align_breakpoint\":\"\",\"text_align_fallback\":\"\",\"maxwidth\":\"\",\"maxwidth_align\":\"\",\"maxwidth_breakpoint\":\"\",\"animation\":\"slide-left\",\"visibility\":\"m\",\"css\":\"\",\"class\":\"\",\"fullwidth\":false},\"children\":[{\"type\":\"button_item\",\"props\":{\"button_style\":\"default\",\"icon_align\":\"left\",\"link_target\":\"\",\"content\":\"R\\u00e9server\",\"link\":\"reserver\"}},{\"type\":\"button_item\",\"props\":{\"button_style\":\"secondary\",\"icon_align\":\"left\",\"link_target\":\"modal\",\"content\":\"VID\\u00c9O\",\"link\":\"https:\\\/\\\/vimeo.com\\\/360331129\",\"lightbox_width\":\"960\",\"lightbox_height\":\"540\",\"icon\":\"play-circle\"}},{\"type\":\"button_item\",\"props\":{\"button_style\":\"link-muted\",\"icon_align\":\"left\",\"link_target\":\"modal\",\"content\":\"S'abonner \\u00e0 notre newsletter\",\"link\":\"https:\\\/\\\/leadfoxcloud.com\\\/public\\\/5e207365bb5ffa26aeb4a779\\\/\",\"lightbox_width\":\"960\",\"lightbox_height\":\"540\",\"icon\":\"mail\"}}],\"name\":\"LIENS3\"},{\"type\":\"text\",\"props\":{\"margin\":\"default\",\"column_breakpoint\":\"m\",\"text_style\":\"\",\"text_color\":\"\",\"text_size\":\"\",\"column\":\"\",\"text_align\":\"\",\"text_align_breakpoint\":\"\",\"text_align_fallback\":\"\",\"maxwidth\":\"\",\"maxwidth_align\":\"\",\"maxwidth_breakpoint\":\"\",\"animation\":\"\",\"visibility\":\"m\",\"content\":\"\n\n<p style=\\\"font-size: 0.8em;\\\">Du lundi au vendredi<br \\\/>12h00 &gt; 14h00<br \\\/>19h00 &gt; 22h00<\\\/p>\"}},{\"type\":\"text\",\"props\":{\"margin\":\"default\",\"column_breakpoint\":\"m\",\"text_style\":\"\",\"text_color\":\"\",\"text_size\":\"\",\"column\":\"\",\"text_align\":\"\",\"text_align_breakpoint\":\"\",\"text_align_fallback\":\"\",\"maxwidth\":\"\",\"maxwidth_align\":\"\",\"maxwidth_breakpoint\":\"\",\"animation\":\"\",\"visibility\":\"m\",\"content\":\"\n\n<p style=\\\"font-size:0.8em;\\\">48 rue Monge<br \\\/>75005 Paris<\\\/p>\\n\n\n<p>T. 09 53 92 62 77<\\\/p>\"}},{\"type\":\"divider\",\"props\":{\"divider_element\":\"hr\",\"divider_style\":\"\",\"divider_align\":\"\",\"divider_align_breakpoint\":\"\",\"divider_align_fallback\":\"\",\"maxwidth\":\"\",\"maxwidth_align\":\"\",\"maxwidth_breakpoint\":\"\",\"margin\":\"\",\"animation\":\"\",\"visibility\":\"m\"}},{\"type\":\"text\",\"props\":{\"margin\":\"small\",\"column_breakpoint\":\"m\",\"text_style\":\"meta\",\"text_color\":\"\",\"text_size\":\"\",\"column\":\"\",\"text_align\":\"\",\"text_align_breakpoint\":\"\",\"text_align_fallback\":\"\",\"maxwidth\":\"\",\"maxwidth_align\":\"\",\"maxwidth_breakpoint\":\"\",\"animation\":\"\",\"visibility\":\"m\",\"content\":\"\n\n<p>Restez en contact\\u2026<\\\/p>\",\"margin_remove_bottom\":true,\"margin_remove_top\":false}},{\"type\":\"text\",\"props\":{\"margin\":\"remove-vertical\",\"column_breakpoint\":\"m\",\"text_style\":\"meta\",\"text_color\":\"\",\"text_size\":\"\",\"column\":\"\",\"text_align\":\"\",\"text_align_breakpoint\":\"\",\"text_align_fallback\":\"\",\"maxwidth\":\"\",\"maxwidth_align\":\"\",\"maxwidth_breakpoint\":\"\",\"animation\":\"\",\"visibility\":\"m\",\"content\":\"\n\n<p style=\\\"font-size:0.8em;\\\"><a href=\\\"https:\\\/\\\/www.tomygousset.com\\\" target=\\\"_blank\\\" rel=\\\"noopener\\\">< Site Tomy Gousset <\\\/a> \\\/ <a class=\\\"el-link uk-link-muted uk-icon customize-unpreviewable\\\" target=\\\"_blank\\\" href=\\\"https:\\\/\\\/www.facebook.com\\\/Hugoandco-152480505462765\\\" uk-icon=\\\"icon: facebook;\\\"><svg width=\\\"20\\\" height=\\\"20\\\" viewBox=\\\"0 0 20 20\\\" xmlns=\\\"http:\\\/\\\/www.w3.org\\\/2000\\\/svg\\\" data-svg=\\\"facebook\\\"><path d=\\\"M11,10h2.6l0.4-3H11V5.3c0-0.9,0.2-1.5,1.5-1.5H14V1.1c-0.3,0-1-0.1-2.1-0.1C9.6,1,8,2.4,8,5v2H5.5v3H8v8h3V10z\\\"><\\\/path><\\\/svg><\\\/a> <a class=\\\"el-link uk-link-muted uk-icon customize-unpreviewable\\\" target=\\\"_blank\\\" href=\\\"https:\\\/\\\/www.instagram.com\\\/restaurant_hugoandco\\\/\\\" uk-icon=\\\"icon: instagram;\\\"><svg width=\\\"20\\\" height=\\\"20\\\" viewBox=\\\"0 0 20 20\\\" xmlns=\\\"http:\\\/\\\/www.w3.org\\\/2000\\\/svg\\\" data-svg=\\\"instagram\\\"><path d=\\\"M13.55,1H6.46C3.45,1,1,3.44,1,6.44v7.12c0,3,2.45,5.44,5.46,5.44h7.08c3.02,0,5.46-2.44,5.46-5.44V6.44 C19.01,3.44,16.56,1,13.55,1z M17.5,14c0,1.93-1.57,3.5-3.5,3.5H6c-1.93,0-3.5-1.57-3.5-3.5V6c0-1.93,1.57-3.5,3.5-3.5h8 c1.93,0,3.5,1.57,3.5,3.5V14z\\\"><\\\/path><circle cx=\\\"14.87\\\" cy=\\\"5.26\\\" r=\\\"1.09\\\"><\\\/circle><path d=\\\"M10.03,5.45c-2.55,0-4.63,2.06-4.63,4.6c0,2.55,2.07,4.61,4.63,4.61c2.56,0,4.63-2.061,4.63-4.61 C14.65,7.51,12.58,5.45,10.03,5.45L10.03,5.45L10.03,5.45z M10.08,13c-1.66,0-3-1.34-3-2.99c0-1.65,1.34-2.99,3-2.99s3,1.34,3,2.99 C13.08,11.66,11.74,13,10.08,13L10.08,13L10.08,13z\\\"><\\\/path><\\\/svg><\\\/a><\\\/p>\",\"margin_remove_bottom\":true,\"margin_remove_top\":true}}]},{\"type\":\"column\",\"props\":{\"widths\":[\"3-4\"],\"image_position\":\"center-center\",\"media_overlay_gradient\":\"\",\"vertical_align\":\"\",\"style\":\"\",\"text_color\":\"\",\"padding\":\"small\",\"image\":\"\\\/visuels-tg\\\/fond-carte.png\",\"image_size\":\"cover\",\"image_effect\":\"\",\"image_parallax_breakpoint\":\"\",\"image_visibility\":\"\",\"media_blend_mode\":\"\",\"image_width\":\"\"},\"children\":[{\"type\":\"headline\",\"props\":{\"title_element\":\"h2\",\"title_style\":\"h1\",\"title_decoration\":\"\",\"title_color\":\"\",\"text_align\":\"right\",\"text_align_breakpoint\":\"\",\"text_align_fallback\":\"\",\"maxwidth\":\"\",\"maxwidth_align\":\"\",\"maxwidth_breakpoint\":\"\",\"margin\":\"large\",\"animation\":\"fade\",\"visibility\":\"\",\"content\":\"<span style=\\\"color: #538447;\\\">R\\u00e9server<\\\/span>\"}},{\"type\":\"text\",\"props\":{\"margin\":\"default\",\"column_breakpoint\":\"m\",\"text_style\":\"\",\"text_color\":\"\",\"text_size\":\"\",\"column\":\"\",\"text_align\":\"\",\"text_align_breakpoint\":\"\",\"text_align_fallback\":\"\",\"maxwidth\":\"\",\"maxwidth_align\":\"\",\"maxwidth_breakpoint\":\"\",\"animation\":\"\",\"visibility\":\"\",\"content\":\"<iframe src='https:\\\/\\\/bookings.zenchef.com\\\/results?rid=362668&fullscreen=1' frameborder='0' scrolling='yes' width='100%' height='630' style='display: block; margin: 0 auto; max-width: 600px; height:630px;'>\n\n<p style=\\\"padding-left: 20px; padding-right: 20px; color: #538447; text-align: center;\\\"><strong>Vente \\u00e0 emporter disponible sur r\\u00e9servation ou sur deliveroo.<\\\/strong><\\\/p>\\n\n\n<p>Veuillez noter que ceci est une demande de r\\u00e9servation. La confirmation vous sera envoy\\u00e9e dans un second temps par mail ou par t\\u00e9l\\u00e9phone.<\\\/p>\\n\n\n<p><em>Please note that this is a booking request. The confirmation will be sent to you in a second time by email or phone.<\\\/em><\\\/p>\\n\n\n<div>[calendarista-booking id=\\\"4\\\"]\",\"status\":\"\"},\"name\":\"Resa\"}]}]}]}],\"version\":\"1.18.15\",\"props\":[]} --><\/p>\n","protected":false},"excerpt":{"rendered":"<p>LE RESTAURANT LE CHEF L&rsquo;\u00c9QUIPE LA CARTE S&rsquo;Y RENDRE NOUS SUIVRE R\u00e9server VID\u00c9O S&rsquo;abonner \u00e0 notre newsletter Du lundi au vendredi12h00 &gt; 14h0019h00 &gt; 22h00 48 rue Monge75005 Paris T. 09 53 92 62 77 Restez en contact\u2026 < Site Tomy Gousset \/ R\u00e9server Veuillez noter que ceci est une demande de r\u00e9servation. La confirmation [&hellip;]\n<\/p>\n","protected":false},"author":1,"featured_media":0,"parent":0,"menu_order":0,"comment_status":"closed","ping_status":"closed","template":"","meta":{"_monsterinsights_skip_tracking":false,"_monsterinsights_sitenote_active":false,"_monsterinsights_sitenote_note":"","_monsterinsights_sitenote_category":0,"footnotes":""},"class_list":["post-125","page","type-page","status-publish","hentry"],"_links":{"self":[{"href":"https:\/\/tomygousset.com\/hugo-and-co\/wp-json\/wp\/v2\/pages\/125","targetHints":{"allow":["GET"]}}],"collection":[{"href":"https:\/\/tomygousset.com\/hugo-and-co\/wp-json\/wp\/v2\/pages"}],"about":[{"href":"https:\/\/tomygousset.com\/hugo-and-co\/wp-json\/wp\/v2\/types\/page"}],"author":[{"embeddable":true,"href":"https:\/\/tomygousset.com\/hugo-and-co\/wp-json\/wp\/v2\/users\/1"}],"replies":[{"embeddable":true,"href":"https:\/\/tomygousset.com\/hugo-and-co\/wp-json\/wp\/v2\/comments?post=125"}],"version-history":[{"count":0,"href":"https:\/\/tomygousset.com\/hugo-and-co\/wp-json\/wp\/v2\/pages\/125\/revisions"}],"wp:attachment":[{"href":"https:\/\/tomygousset.com\/hugo-and-co\/wp-json\/wp\/v2\/media?parent=125"}],"curies":[{"name":"wp","href":"https:\/\/api.w.org\/{rel}","templated":true}]}}