{"id":7,"date":"2019-03-15T09:48:41","date_gmt":"2019-03-15T08:48:41","guid":{"rendered":"http:\/\/tomygousset.s26722.manumartin.atester.fr\/hugo-and-co\/?page_id=7"},"modified":"2023-03-10T09:35:15","modified_gmt":"2023-03-10T08:35:15","slug":"accueil","status":"publish","type":"page","link":"https:\/\/tomygousset.com\/hugo-and-co\/","title":{"rendered":"Accueil"},"content":{"rendered":"<p><a href=\"https:\/\/www.tomygousset.com\/hugo-and-co\/\"><img decoding=\"async\" src=\"https:\/\/www.tomygousset.com\/visuels-tg\/pave-hugo-blank.png\" alt=\"\"><\/a><\/p>\n<ul>\n<li>\n<p><a href=\"hugo-and-co\/le-restaurant\">LE RESTAURANT<\/a><\/p>\n<\/li>\n<li>\n<p><a href=\"\/hugo-and-co\/le-chef\">LE CHEF<\/a><\/p>\n<\/li>\n<li>\n<p><a href=\"\/hugo-and-co\/equipe\">L&rsquo;\u00c9QUIPE<\/a><\/p>\n<\/li>\n<li>\n<p><a href=\"\/hugo-and-co\/la-carte\">LA CARTE<\/a><\/p>\n<\/li>\n<li>\n<p><a href=\"\/hugo-and-co\/situation\">S&rsquo;Y RENDRE<\/a><\/p>\n<\/li>\n<li>\n<p><a href=\"\/hugo-and-co\/nous-suivre\/\">NOUS SUIVRE<\/a><\/p>\n<\/li>\n<\/ul>\n<ul>\n<li>\n        <a href=\"reserver\">R\u00e9server<\/a>\n    <\/li>\n<li>\n        <a href=\"https:\/\/vimeo.com\/360331129\">VID\u00c9O<\/a>\n    <\/li>\n<li>\n        <a href=\"https:\/\/leadfoxcloud.com\/public\/5e207365bb5ffa26aeb4a779\/\">S&rsquo;abonner \u00e0 notre newsletter<\/a>\n    <\/li>\n<\/ul>\n<div>\n<p style=\"font-size: 0.8em;\">Du lundi au vendredi<br \/>12h00 &gt; 14h00<br \/>19h00 &gt; 22h00<\/p>\n<\/div>\n<div>\n<p style=\"font-size: 0.8em;\">48 rue Monge<br \/>75005 Paris<\/p>\n<p>T. 09 53 92 62 77<\/p>\n<\/div>\n<hr>\n<div>\n<p>Restez en contact\u2026<\/p>\n<\/div>\n<div>\n<p style=\"font-size:0.8em;\"><a href=\"https:\/\/www.tomygousset.com\" target=\"_blank\" rel=\"noopener\">< Site Tomy Gousset <\/a> \/ <a class=\"el-link uk-link-muted uk-icon customize-unpreviewable\" target=\"_blank\" href=\"https:\/\/www.facebook.com\/Hugoandco-152480505462765\" uk-icon=\"icon: facebook;\"><svg width=\"20\" height=\"20\" viewBox=\"0 0 20 20\" xmlns=\"http:\/\/www.w3.org\/2000\/svg\" data-svg=\"facebook\"><path d=\"M11,10h2.6l0.4-3H11V5.3c0-0.9,0.2-1.5,1.5-1.5H14V1.1c-0.3,0-1-0.1-2.1-0.1C9.6,1,8,2.4,8,5v2H5.5v3H8v8h3V10z\"><\/path><\/svg><\/a> <a class=\"el-link uk-link-muted uk-icon customize-unpreviewable\" target=\"_blank\" href=\"https:\/\/www.instagram.com\/restaurant_hugoandco\/\" uk-icon=\"icon: instagram;\"><svg width=\"20\" height=\"20\" viewBox=\"0 0 20 20\" xmlns=\"http:\/\/www.w3.org\/2000\/svg\" data-svg=\"instagram\"><path d=\"M13.55,1H6.46C3.45,1,1,3.44,1,6.44v7.12c0,3,2.45,5.44,5.46,5.44h7.08c3.02,0,5.46-2.44,5.46-5.44V6.44 C19.01,3.44,16.56,1,13.55,1z M17.5,14c0,1.93-1.57,3.5-3.5,3.5H6c-1.93,0-3.5-1.57-3.5-3.5V6c0-1.93,1.57-3.5,3.5-3.5h8 c1.93,0,3.5,1.57,3.5,3.5V14z\"><\/path><circle cx=\"14.87\" cy=\"5.26\" r=\"1.09\"><\/circle><path d=\"M10.03,5.45c-2.55,0-4.63,2.06-4.63,4.6c0,2.55,2.07,4.61,4.63,4.61c2.56,0,4.63-2.061,4.63-4.61 C14.65,7.51,12.58,5.45,10.03,5.45L10.03,5.45L10.03,5.45z M10.08,13c-1.66,0-3-1.34-3-2.99c0-1.65,1.34-2.99,3-2.99s3,1.34,3,2.99 C13.08,11.66,11.74,13,10.08,13L10.08,13L10.08,13z\"><\/path><\/svg><\/a><\/p>\n<\/div>\n<p><iframe src=\"https:\/\/vimeo.com\/785965712\"><\/iframe><\/p>\n<ul>\n<li>\n<p>        <img decoding=\"async\" src=\"\/visuels-tg\/fond-hugo-resto01.jpg\" alt=\"\"><\/p>\n<h1>Life is food<\/h1>\n<div>\n<h2 style=\"text-align: right;\"><span style=\"color: #ffffff; text-shadow: 3px 3px 3px #000000;\">\u00c9lu meilleur bistro<br \/>de l&rsquo;ann\u00e9e 2019<\/span><br \/><span style=\"color: #ffffff; font-size: 0.8em;\">par le <\/span><img loading=\"lazy\" decoding=\"async\" class=\"alignnone size-full wp-image-237\" src=\"\/visuels-tg\/LOGO-GM2.png\" alt=\"\" width=\"150\" height=\"40\" \/><\/h2>\n<\/div>\n<\/li>\n<li>\n<p>        <img decoding=\"async\" src=\"\/visuels-tg\/fond-hugo-resto02.jpg\" alt=\"\"><\/p>\n<h1>Life is food<\/h1>\n<div>\n<h2 style=\"text-align: right;\"><span style=\"color: #ffffff; text-shadow: 3px 3px 3px #000000;\">\u00c9lu meilleur bistro<br \/>de l&rsquo;ann\u00e9e 2019<\/span><br \/><span style=\"color: #ffffff; font-size: 0.8em;\">par le <\/span><img loading=\"lazy\" decoding=\"async\" class=\"alignnone size-full wp-image-237\" src=\"\/visuels-tg\/LOGO-GM2.png\" alt=\"\" width=\"150\" height=\"40\" \/><\/h2>\n<\/div>\n<\/li>\n<li>\n<p>        <img decoding=\"async\" src=\"\/visuels-tg\/fond-hugo-resto03.jpg\" alt=\"\"><\/p>\n<h1>Life is food<\/h1>\n<div>\n<h2 style=\"text-align: right;\"><span style=\"color: #ffffff; text-shadow: 3px 3px 3px #000000;\">\u00c9lu meilleur bistro<br \/>de l&rsquo;ann\u00e9e 2019<\/span><br \/><span style=\"color: #ffffff; font-size: 0.8em;\">par le <\/span><img loading=\"lazy\" decoding=\"async\" class=\"alignnone size-full wp-image-237\" src=\"\/visuels-tg\/LOGO-GM2.png\" alt=\"\" width=\"150\" height=\"40\" \/><\/h2>\n<\/div>\n<\/li>\n<li>\n<p>        <img decoding=\"async\" src=\"\/visuels-tg\/fond-hugo-resto04.jpg\" alt=\"\"><\/p>\n<h1>Life is food<\/h1>\n<div>\n<h2 style=\"text-align: right;\"><span style=\"color: #ffffff; text-shadow: 3px 3px 3px #000000;\">\u00c9lu meilleur bistro<br \/>de l&rsquo;ann\u00e9e 2019<\/span><br \/><span style=\"color: #ffffff; font-size: 0.8em;\">par le <\/span><img loading=\"lazy\" decoding=\"async\" class=\"alignnone size-full wp-image-237\" src=\"\/visuels-tg\/LOGO-GM2.png\" alt=\"\" width=\"150\" height=\"40\" \/><\/h2>\n<\/div>\n<\/li>\n<li>\n<p>        <img decoding=\"async\" src=\"\/visuels-tg\/fond-hugo-resto05.jpg\" alt=\"\"><\/p>\n<h1>Life is food<\/h1>\n<div>\n<h2 style=\"text-align: right;\"><span style=\"color: #ffffff; text-shadow: 3px 3px 3px #000000;\">\u00c9lu meilleur bistro<br \/>de l&rsquo;ann\u00e9e 2019<\/span><br \/><span style=\"color: #ffffff; font-size: 0.8em;\">par le <\/span><img loading=\"lazy\" decoding=\"async\" class=\"alignnone size-full wp-image-237\" src=\"\/visuels-tg\/LOGO-GM2.png\" alt=\"\" width=\"150\" height=\"40\" \/><\/h2>\n<\/div>\n<\/li>\n<li>\n<p>        <img decoding=\"async\" src=\"\/visuels-tg\/fond-hugo-resto06.jpg\" alt=\"\"><\/p>\n<h1>Life is food<\/h1>\n<div>\n<h2 style=\"text-align: right;\"><span style=\"color: #ffffff; text-shadow: 3px 3px 3px #000000;\">\u00c9lu meilleur bistro<br \/>de l&rsquo;ann\u00e9e 2019<\/span><br \/><span style=\"color: #ffffff; font-size: 0.8em;\">par le <\/span><img loading=\"lazy\" decoding=\"async\" class=\"alignnone size-full wp-image-237\" src=\"\/visuels-tg\/LOGO-GM2.png\" alt=\"\" width=\"150\" height=\"40\" \/><\/h2>\n<\/div>\n<\/li>\n<\/ul>\n<p><!-- {\"type\":\"layout\",\"children\":[{\"type\":\"section\",\"props\":{\"style\":\"primary\",\"width\":\"\",\"vertical_align\":\"middle\",\"title_position\":\"top-left\",\"title_rotation\":\"left\",\"title_breakpoint\":\"xl\",\"image_position\":\"center-center\",\"text_color\":\"\",\"width_expand\":\"\",\"height\":\"\",\"padding\":\"\",\"header_transparent\":\"\",\"animation\":\"\",\"padding_remove_top\":true,\"padding_remove_bottom\":true,\"title\":\"\",\"video\":\"\",\"image_size\":\"\",\"image_effect\":\"\",\"image_parallax_breakpoint\":\"\",\"image_visibility\":\"\",\"video_width\":\"1920\",\"video_height\":\"1080\",\"media_blend_mode\":\"\"},\"children\":[{\"type\":\"row\",\"props\":{\"layout\":\",3-4\",\"breakpoint\":\"m\",\"fixed_width\":\"large\",\"gutter\":\"collapse\",\"width\":\"\",\"width_expand\":\"\",\"height\":\"\",\"margin\":\"\"},\"children\":[{\"type\":\"column\",\"props\":{\"widths\":[\"\"],\"image_position\":\"top-center\",\"media_overlay_gradient\":\"\",\"vertical_align\":\"\",\"style\":\"secondary\",\"text_color\":\"\",\"padding\":\"\",\"image\":\"https:\\\/\\\/www.tomygousset.com\\\/visuels-tg\\\/pave-hugo.png\",\"image_size\":\"contain\",\"image_effect\":\"\",\"image_parallax_breakpoint\":\"\",\"image_visibility\":\"m\",\"media_blend_mode\":\"\"},\"children\":[{\"type\":\"image\",\"props\":{\"margin\":\"remove-vertical\",\"image_svg_color\":\"emphasis\",\"link_target\":\"\",\"image_border\":\"\",\"image_box_shadow\":\"\",\"image_hover_box_shadow\":\"\",\"image_box_decoration\":\"\",\"text_align\":\"center\",\"text_align_breakpoint\":\"\",\"text_align_fallback\":\"\",\"maxwidth\":\"\",\"maxwidth_align\":\"\",\"maxwidth_breakpoint\":\"\",\"animation\":\"fade\",\"visibility\":\"m\",\"image\":\"https:\\\/\\\/www.tomygousset.com\\\/visuels-tg\\\/pave-hugo-blank.png\",\"link\":\"https:\\\/\\\/www.tomygousset.com\\\/hugo-and-co\\\/\",\"container_padding_remove\":true}},{\"type\":\"list\",\"props\":{\"show_image\":true,\"show_link\":true,\"image_svg_color\":\"emphasis\",\"image_align\":\"left\",\"image_vertical_align\":true,\"list_style\":\"\",\"content_style\":\"bold\",\"image_border\":\"\",\"icon_color\":\"\",\"link_style\":\"\",\"text_align\":\"left\",\"text_align_breakpoint\":\"\",\"text_align_fallback\":\"\",\"maxwidth\":\"\",\"maxwidth_align\":\"\",\"maxwidth_breakpoint\":\"\",\"margin\":\"\",\"animation\":\"slide-left\",\"visibility\":\"m\",\"list_size\":false,\"icon\":\"\",\"id\":\"\",\"class\":\"menuhugo\",\"css\":\".menuhugo {color:#538447;\"},\"children\":[{\"type\":\"list_item\",\"props\":{\"icon_color\":\"\",\"content\":\"LE RESTAURANT\",\"link\":\"hugo-and-co\\\/le-restaurant\"}},{\"type\":\"list_item\",\"props\":{\"icon_color\":\"\",\"content\":\"LE CHEF\",\"image\":\"\",\"link\":\"\\\/hugo-and-co\\\/le-chef\"}},{\"type\":\"list_item\",\"props\":{\"icon_color\":\"\",\"content\":\"L'\\u00c9QUIPE\",\"link\":\"\\\/hugo-and-co\\\/equipe\"}},{\"type\":\"list_item\",\"props\":{\"icon_color\":\"\",\"content\":\"LA CARTE\",\"link\":\"\\\/hugo-and-co\\\/la-carte\"}},{\"type\":\"list_item\",\"props\":{\"icon_color\":\"\",\"content\":\"S'Y RENDRE\",\"link\":\"\\\/hugo-and-co\\\/situation\"}},{\"type\":\"list_item\",\"props\":{\"icon_color\":\"\",\"content\":\"NOUS SUIVRE\",\"link\":\"\\\/hugo-and-co\\\/nous-suivre\\\/\"}}]},{\"type\":\"button\",\"props\":{\"gutter\":\"small\",\"margin\":\"small\",\"button_size\":\"small\",\"text_align\":\"\",\"text_align_breakpoint\":\"\",\"text_align_fallback\":\"\",\"maxwidth\":\"\",\"maxwidth_align\":\"\",\"maxwidth_breakpoint\":\"\",\"animation\":\"slide-left\",\"visibility\":\"m\",\"css\":\"\",\"class\":\"\",\"fullwidth\":false},\"children\":[{\"type\":\"button_item\",\"props\":{\"button_style\":\"default\",\"icon_align\":\"left\",\"link_target\":\"\",\"content\":\"R\\u00e9server\",\"link\":\"reserver\"}},{\"type\":\"button_item\",\"props\":{\"button_style\":\"secondary\",\"icon_align\":\"left\",\"link_target\":\"modal\",\"content\":\"VID\\u00c9O\",\"link\":\"https:\\\/\\\/vimeo.com\\\/360331129\",\"lightbox_width\":\"960\",\"lightbox_height\":\"540\",\"icon\":\"play-circle\"}},{\"type\":\"button_item\",\"props\":{\"button_style\":\"link-muted\",\"icon_align\":\"left\",\"link_target\":\"modal\",\"content\":\"S'abonner \\u00e0 notre newsletter\",\"link\":\"https:\\\/\\\/leadfoxcloud.com\\\/public\\\/5e207365bb5ffa26aeb4a779\\\/\",\"lightbox_width\":\"960\",\"lightbox_height\":\"540\",\"icon\":\"mail\"}}]},{\"type\":\"text\",\"props\":{\"margin\":\"default\",\"column_breakpoint\":\"m\",\"text_style\":\"\",\"text_color\":\"\",\"text_size\":\"\",\"column\":\"\",\"text_align\":\"\",\"text_align_breakpoint\":\"\",\"text_align_fallback\":\"\",\"maxwidth\":\"\",\"maxwidth_align\":\"\",\"maxwidth_breakpoint\":\"\",\"animation\":\"\",\"visibility\":\"m\",\"content\":\"\n\n<p style=\\\"font-size: 0.8em;\\\">Du lundi au vendredi<br \\\/>12h00 &gt; 14h00<br \\\/>19h00 &gt; 22h00<\\\/p>\"}},{\"type\":\"text\",\"props\":{\"margin\":\"default\",\"column_breakpoint\":\"m\",\"text_style\":\"\",\"text_color\":\"\",\"text_size\":\"\",\"column\":\"\",\"text_align\":\"\",\"text_align_breakpoint\":\"\",\"text_align_fallback\":\"\",\"maxwidth\":\"\",\"maxwidth_align\":\"\",\"maxwidth_breakpoint\":\"\",\"animation\":\"\",\"visibility\":\"m\",\"content\":\"\n\n<p style=\\\"font-size: 0.8em;\\\">48 rue Monge<br \\\/>75005 Paris<\\\/p>\\n\n\n<p>T. 09 53 92 62 77<\\\/p>\"}},{\"type\":\"divider\",\"props\":{\"divider_element\":\"hr\",\"divider_style\":\"\",\"divider_align\":\"\",\"divider_align_breakpoint\":\"\",\"divider_align_fallback\":\"\",\"maxwidth\":\"\",\"maxwidth_align\":\"\",\"maxwidth_breakpoint\":\"\",\"margin\":\"\",\"animation\":\"\",\"visibility\":\"m\"}},{\"type\":\"text\",\"props\":{\"margin\":\"small\",\"column_breakpoint\":\"m\",\"text_style\":\"meta\",\"text_color\":\"\",\"text_size\":\"\",\"column\":\"\",\"text_align\":\"\",\"text_align_breakpoint\":\"\",\"text_align_fallback\":\"\",\"maxwidth\":\"\",\"maxwidth_align\":\"\",\"maxwidth_breakpoint\":\"\",\"animation\":\"\",\"visibility\":\"m\",\"content\":\"\n\n<p>Restez en contact\\u2026<\\\/p>\",\"margin_remove_bottom\":true,\"margin_remove_top\":false}},{\"type\":\"text\",\"props\":{\"margin\":\"remove-vertical\",\"column_breakpoint\":\"m\",\"text_style\":\"meta\",\"text_color\":\"\",\"text_size\":\"\",\"column\":\"\",\"text_align\":\"\",\"text_align_breakpoint\":\"\",\"text_align_fallback\":\"\",\"maxwidth\":\"\",\"maxwidth_align\":\"\",\"maxwidth_breakpoint\":\"\",\"animation\":\"\",\"visibility\":\"m\",\"content\":\"\n\n<p style=\\\"font-size:0.8em;\\\"><a href=\\\"https:\\\/\\\/www.tomygousset.com\\\" target=\\\"_blank\\\" rel=\\\"noopener\\\">< Site Tomy Gousset <\\\/a> \\\/ <a class=\\\"el-link uk-link-muted uk-icon customize-unpreviewable\\\" target=\\\"_blank\\\" href=\\\"https:\\\/\\\/www.facebook.com\\\/Hugoandco-152480505462765\\\" uk-icon=\\\"icon: facebook;\\\"><svg width=\\\"20\\\" height=\\\"20\\\" viewBox=\\\"0 0 20 20\\\" xmlns=\\\"http:\\\/\\\/www.w3.org\\\/2000\\\/svg\\\" data-svg=\\\"facebook\\\"><path d=\\\"M11,10h2.6l0.4-3H11V5.3c0-0.9,0.2-1.5,1.5-1.5H14V1.1c-0.3,0-1-0.1-2.1-0.1C9.6,1,8,2.4,8,5v2H5.5v3H8v8h3V10z\\\"><\\\/path><\\\/svg><\\\/a> <a class=\\\"el-link uk-link-muted uk-icon customize-unpreviewable\\\" target=\\\"_blank\\\" href=\\\"https:\\\/\\\/www.instagram.com\\\/restaurant_hugoandco\\\/\\\" uk-icon=\\\"icon: instagram;\\\"><svg width=\\\"20\\\" height=\\\"20\\\" viewBox=\\\"0 0 20 20\\\" xmlns=\\\"http:\\\/\\\/www.w3.org\\\/2000\\\/svg\\\" data-svg=\\\"instagram\\\"><path d=\\\"M13.55,1H6.46C3.45,1,1,3.44,1,6.44v7.12c0,3,2.45,5.44,5.46,5.44h7.08c3.02,0,5.46-2.44,5.46-5.44V6.44 C19.01,3.44,16.56,1,13.55,1z M17.5,14c0,1.93-1.57,3.5-3.5,3.5H6c-1.93,0-3.5-1.57-3.5-3.5V6c0-1.93,1.57-3.5,3.5-3.5h8 c1.93,0,3.5,1.57,3.5,3.5V14z\\\"><\\\/path><circle cx=\\\"14.87\\\" cy=\\\"5.26\\\" r=\\\"1.09\\\"><\\\/circle><path d=\\\"M10.03,5.45c-2.55,0-4.63,2.06-4.63,4.6c0,2.55,2.07,4.61,4.63,4.61c2.56,0,4.63-2.061,4.63-4.61 C14.65,7.51,12.58,5.45,10.03,5.45L10.03,5.45L10.03,5.45z M10.08,13c-1.66,0-3-1.34-3-2.99c0-1.65,1.34-2.99,3-2.99s3,1.34,3,2.99 C13.08,11.66,11.74,13,10.08,13L10.08,13L10.08,13z\\\"><\\\/path><\\\/svg><\\\/a><\\\/p>\",\"margin_remove_bottom\":true,\"margin_remove_top\":true}}]},{\"type\":\"column\",\"props\":{\"widths\":[\"3-4\"],\"image_position\":\"center-center\",\"media_overlay_gradient\":\"\",\"vertical_align\":\"\",\"style\":\"primary\",\"text_color\":\"\",\"padding\":\"none\",\"image\":\"\",\"image_size\":\"cover\",\"image_effect\":\"\",\"image_parallax_breakpoint\":\"\",\"image_visibility\":\"\",\"media_blend_mode\":\"\",\"image_width\":\"\"},\"children\":[{\"type\":\"video\",\"props\":{\"video_controls\":true,\"margin\":\"remove-vertical\",\"video_autoplay\":\"\",\"video_box_shadow\":\"\",\"video_box_decoration\":\"\",\"text_align\":\"center\",\"text_align_breakpoint\":\"\",\"text_align_fallback\":\"\",\"maxwidth\":\"\",\"maxwidth_align\":\"\",\"maxwidth_breakpoint\":\"\",\"animation\":\"\",\"visibility\":\"\",\"video_width\":\"1920\",\"video_height\":\"1080\",\"video\":\"https:\\\/\\\/vimeo.com\\\/785965712\",\"container_padding_remove\":true}},{\"type\":\"slideshow\",\"props\":{\"show_title\":false,\"show_meta\":false,\"show_content\":true,\"show_link\":false,\"show_thumbnail\":false,\"slideshow_min_height\":300,\"slideshow_autoplay_pause\":true,\"nav\":\"\",\"nav_position\":\"bottom-center\",\"nav_position_margin\":\"\",\"nav_align\":\"center\",\"nav_breakpoint\":\"s\",\"thumbnav_width\":\"100\",\"thumbnav_height\":\"75\",\"thumbnav_svg_color\":\"emphasis\",\"slidenav\":\"default\",\"slidenav_margin\":\"medium\",\"slidenav_breakpoint\":\"s\",\"slidenav_outside_breakpoint\":\"xl\",\"overlay_position\":\"top-right\",\"overlay_animation\":\"parallax\",\"title_element\":\"h1\",\"meta_style\":\"meta\",\"meta_align\":\"bottom\",\"link_text\":\"Read more\",\"link_style\":\"default\",\"margin\":\"remove-vertical\",\"slideshow_height\":\"full\",\"text_color\":\"\",\"slideshow_box_shadow\":\"\",\"slideshow_box_decoration\":\"\",\"slideshow_animation\":\"fade\",\"slideshow_kenburns\":\"\",\"nav_margin\":\"\",\"nav_color\":\"\",\"slidenav_outside_color\":\"\",\"overlay_container\":\"expand\",\"overlay_container_padding\":\"\",\"overlay_margin\":\"\",\"overlay_style\":\"\",\"overlay_padding\":\"\",\"overlay_width\":\"xlarge\",\"title_style\":\"h1\",\"title_decoration\":\"\",\"title_color\":\"muted\",\"title_margin\":\"\",\"meta_color\":\"\",\"meta_margin\":\"\",\"content_style\":\"\",\"content_margin\":\"\",\"link_size\":\"\",\"link_margin\":\"\",\"text_align\":\"right\",\"text_align_breakpoint\":\"\",\"text_align_fallback\":\"\",\"maxwidth\":\"\",\"maxwidth_align\":\"\",\"maxwidth_breakpoint\":\"\",\"animation\":\"\",\"visibility\":\"\",\"slideshow_autoplay\":true,\"slideshow_autoplay_interval\":\"5\",\"class\":\"uk-hidden@m\"},\"children\":[{\"type\":\"slideshow_item\",\"props\":{\"text_color\":\"\",\"image\":\"\\\/visuels-tg\\\/fond-hugo-resto01.jpg\",\"title\":\"Life is food\",\"content\":\"\n\n<h2 style=\\\"text-align: right;\\\"><span style=\\\"color: #ffffff; text-shadow: 3px 3px 3px #000000;\\\">\\u00c9lu meilleur bistro<br \\\/>de l'ann\\u00e9e 2019<\\\/span><br \\\/><span style=\\\"color: #ffffff; font-size: 0.8em;\\\">par le <\\\/span><img class=\\\"alignnone size-full wp-image-237\\\" src=\\\"\\\/visuels-tg\\\/LOGO-GM2.png\\\" alt=\\\"\\\" width=\\\"150\\\" height=\\\"40\\\" \\\/><\\\/h2>\\n\"}},{\"type\":\"slideshow_item\",\"props\":{\"text_color\":\"\",\"image\":\"\\\/visuels-tg\\\/fond-hugo-resto02.jpg\",\"title\":\"Life is food\",\"content\":\"\n\n<h2 style=\\\"text-align: right;\\\"><span style=\\\"color: #ffffff; text-shadow: 3px 3px 3px #000000;\\\">\\u00c9lu meilleur bistro<br \\\/>de l'ann\\u00e9e 2019<\\\/span><br \\\/><span style=\\\"color: #ffffff; font-size: 0.8em;\\\">par le <\\\/span><img class=\\\"alignnone size-full wp-image-237\\\" src=\\\"\\\/visuels-tg\\\/LOGO-GM2.png\\\" alt=\\\"\\\" width=\\\"150\\\" height=\\\"40\\\" \\\/><\\\/h2>\"}},{\"type\":\"slideshow_item\",\"props\":{\"text_color\":\"\",\"image\":\"\\\/visuels-tg\\\/fond-hugo-resto03.jpg\",\"title\":\"Life is food\",\"content\":\"\n\n<h2 style=\\\"text-align: right;\\\"><span style=\\\"color: #ffffff; text-shadow: 3px 3px 3px #000000;\\\">\\u00c9lu meilleur bistro<br \\\/>de l'ann\\u00e9e 2019<\\\/span><br \\\/><span style=\\\"color: #ffffff; font-size: 0.8em;\\\">par le <\\\/span><img class=\\\"alignnone size-full wp-image-237\\\" src=\\\"\\\/visuels-tg\\\/LOGO-GM2.png\\\" alt=\\\"\\\" width=\\\"150\\\" height=\\\"40\\\" \\\/><\\\/h2>\"}},{\"type\":\"slideshow_item\",\"props\":{\"text_color\":\"\",\"image\":\"\\\/visuels-tg\\\/fond-hugo-resto04.jpg\",\"title\":\"Life is food\",\"content\":\"\n\n<h2 style=\\\"text-align: right;\\\"><span style=\\\"color: #ffffff; text-shadow: 3px 3px 3px #000000;\\\">\\u00c9lu meilleur bistro<br \\\/>de l'ann\\u00e9e 2019<\\\/span><br \\\/><span style=\\\"color: #ffffff; font-size: 0.8em;\\\">par le <\\\/span><img class=\\\"alignnone size-full wp-image-237\\\" src=\\\"\\\/visuels-tg\\\/LOGO-GM2.png\\\" alt=\\\"\\\" width=\\\"150\\\" height=\\\"40\\\" \\\/><\\\/h2>\"}},{\"type\":\"slideshow_item\",\"props\":{\"text_color\":\"\",\"image\":\"\\\/visuels-tg\\\/fond-hugo-resto05.jpg\",\"title\":\"Life is food\",\"content\":\"\n\n<h2 style=\\\"text-align: right;\\\"><span style=\\\"color: #ffffff; text-shadow: 3px 3px 3px #000000;\\\">\\u00c9lu meilleur bistro<br \\\/>de l'ann\\u00e9e 2019<\\\/span><br \\\/><span style=\\\"color: #ffffff; font-size: 0.8em;\\\">par le <\\\/span><img class=\\\"alignnone size-full wp-image-237\\\" src=\\\"\\\/visuels-tg\\\/LOGO-GM2.png\\\" alt=\\\"\\\" width=\\\"150\\\" height=\\\"40\\\" \\\/><\\\/h2>\"}},{\"type\":\"slideshow_item\",\"props\":{\"text_color\":\"\",\"image\":\"\\\/visuels-tg\\\/fond-hugo-resto06.jpg\",\"title\":\"Life is food\",\"content\":\"\n\n<h2 style=\\\"text-align: right;\\\"><span style=\\\"color: #ffffff; text-shadow: 3px 3px 3px #000000;\\\">\\u00c9lu meilleur bistro<br \\\/>de l'ann\\u00e9e 2019<\\\/span><br \\\/><span style=\\\"color: #ffffff; font-size: 0.8em;\\\">par le <\\\/span><img class=\\\"alignnone size-full wp-image-237\\\" src=\\\"\\\/visuels-tg\\\/LOGO-GM2.png\\\" alt=\\\"\\\" width=\\\"150\\\" height=\\\"40\\\" \\\/><\\\/h2>\"}}],\"name\":\"SlidewhowHugo\"}]}]}],\"name\":\"homehugo\"}],\"version\":\"1.18.15\",\"props\":[]} --><\/p>\n","protected":false},"excerpt":{"rendered":"<p>LE RESTAURANT LE CHEF L&rsquo;\u00c9QUIPE LA CARTE S&rsquo;Y RENDRE NOUS SUIVRE R\u00e9server VID\u00c9O S&rsquo;abonner \u00e0 notre newsletter Du lundi au vendredi12h00 &gt; 14h0019h00 &gt; 22h00 48 rue Monge75005 Paris T. 09 53 92 62 77 Restez en contact\u2026 < Site Tomy Gousset \/ Life is food \u00c9lu meilleur bistrode l&rsquo;ann\u00e9e 2019par le Life is food [&hellip;]\n<\/p>\n","protected":false},"author":1,"featured_media":0,"parent":0,"menu_order":0,"comment_status":"closed","ping_status":"closed","template":"","meta":{"_monsterinsights_skip_tracking":false,"_monsterinsights_sitenote_active":false,"_monsterinsights_sitenote_note":"","_monsterinsights_sitenote_category":0,"footnotes":""},"class_list":["post-7","page","type-page","status-publish","hentry"],"_links":{"self":[{"href":"https:\/\/tomygousset.com\/hugo-and-co\/wp-json\/wp\/v2\/pages\/7","targetHints":{"allow":["GET"]}}],"collection":[{"href":"https:\/\/tomygousset.com\/hugo-and-co\/wp-json\/wp\/v2\/pages"}],"about":[{"href":"https:\/\/tomygousset.com\/hugo-and-co\/wp-json\/wp\/v2\/types\/page"}],"author":[{"embeddable":true,"href":"https:\/\/tomygousset.com\/hugo-and-co\/wp-json\/wp\/v2\/users\/1"}],"replies":[{"embeddable":true,"href":"https:\/\/tomygousset.com\/hugo-and-co\/wp-json\/wp\/v2\/comments?post=7"}],"version-history":[{"count":0,"href":"https:\/\/tomygousset.com\/hugo-and-co\/wp-json\/wp\/v2\/pages\/7\/revisions"}],"wp:attachment":[{"href":"https:\/\/tomygousset.com\/hugo-and-co\/wp-json\/wp\/v2\/media?parent=7"}],"curies":[{"name":"wp","href":"https:\/\/api.w.org\/{rel}","templated":true}]}}