{"id":80,"date":"2019-03-15T13:06:14","date_gmt":"2019-03-15T12:06:14","guid":{"rendered":"http:\/\/tomygousset.s26722.manumartin.atester.fr\/hugo-and-co\/?page_id=80"},"modified":"2023-10-02T09:46:55","modified_gmt":"2023-10-02T07:46:55","slug":"le-restaurant","status":"publish","type":"page","link":"https:\/\/tomygousset.com\/hugo-and-co\/le-restaurant\/","title":{"rendered":"Le restaurant"},"content":{"rendered":"<p><a href=\"\/hugo-and-co\/\"><img decoding=\"async\" src=\"\/visuels-tg\/pave-hugo-blank.png\" alt=\"\"><\/a><\/p>\n<ul>\n<li>\n<p><a href=\"hugo-and-co\/le-restaurant\">LE RESTAURANT<\/a><\/p>\n<\/li>\n<li>\n<p><a href=\"\/hugo-and-co\/le-chef\">LE CHEF<\/a><\/p>\n<\/li>\n<li>\n<p><a href=\"\/hugo-and-co\/equipe\">L&rsquo;\u00c9QUIPE<\/a><\/p>\n<\/li>\n<li>\n<p><a href=\"\/hugo-and-co\/la-carte\">LA CARTE<\/a><\/p>\n<\/li>\n<li>\n<p><a href=\"\/hugo-and-co\/situation\">S&rsquo;Y RENDRE<\/a><\/p>\n<\/li>\n<li>\n<p><a href=\"\/hugo-and-co\/nous-suivre\/\">NOUS SUIVRE<\/a><\/p>\n<\/li>\n<\/ul>\n<ul>\n<li>\n        <a href=\"reserver\">R\u00e9server<\/a>\n    <\/li>\n<li>\n        <a href=\"https:\/\/vimeo.com\/360331129\">VID\u00c9O<\/a>\n    <\/li>\n<li>\n        <a href=\"https:\/\/leadfoxcloud.com\/public\/5e207365bb5ffa26aeb4a779\/\">S&rsquo;abonner \u00e0 notre newsletter<\/a>\n    <\/li>\n<\/ul>\n<div>\n<p style=\"font-size: 0.8em;\">Du lundi au vendredi<br \/>12h00 &gt; 14h00<br \/>19h00 &gt; 22h00<\/p>\n<\/div>\n<div>\n<p style=\"font-size:0.8em;\">48 rue Monge<br \/>75005 Paris<\/p>\n<p>T. 09 53 92 62 77<\/p>\n<\/div>\n<hr>\n<div>\n<p>Restez en contact\u2026<\/p>\n<\/div>\n<div>\n<p style=\"font-size:0.8em;\"><a href=\"https:\/\/www.tomygousset.com\" target=\"_blank\" rel=\"noopener\">< Site Tomy Gousset <\/a> \/ <a class=\"el-link uk-link-muted uk-icon customize-unpreviewable\" target=\"_blank\" href=\"https:\/\/www.facebook.com\/Hugoandco-152480505462765\" uk-icon=\"icon: facebook;\"><svg width=\"20\" height=\"20\" viewBox=\"0 0 20 20\" xmlns=\"http:\/\/www.w3.org\/2000\/svg\" data-svg=\"facebook\"><path d=\"M11,10h2.6l0.4-3H11V5.3c0-0.9,0.2-1.5,1.5-1.5H14V1.1c-0.3,0-1-0.1-2.1-0.1C9.6,1,8,2.4,8,5v2H5.5v3H8v8h3V10z\"><\/path><\/svg><\/a> <a class=\"el-link uk-link-muted uk-icon customize-unpreviewable\" target=\"_blank\" href=\"https:\/\/www.instagram.com\/restaurant_hugoandco\/\" uk-icon=\"icon: instagram;\"><svg width=\"20\" height=\"20\" viewBox=\"0 0 20 20\" xmlns=\"http:\/\/www.w3.org\/2000\/svg\" data-svg=\"instagram\"><path d=\"M13.55,1H6.46C3.45,1,1,3.44,1,6.44v7.12c0,3,2.45,5.44,5.46,5.44h7.08c3.02,0,5.46-2.44,5.46-5.44V6.44 C19.01,3.44,16.56,1,13.55,1z M17.5,14c0,1.93-1.57,3.5-3.5,3.5H6c-1.93,0-3.5-1.57-3.5-3.5V6c0-1.93,1.57-3.5,3.5-3.5h8 c1.93,0,3.5,1.57,3.5,3.5V14z\"><\/path><circle cx=\"14.87\" cy=\"5.26\" r=\"1.09\"><\/circle><path d=\"M10.03,5.45c-2.55,0-4.63,2.06-4.63,4.6c0,2.55,2.07,4.61,4.63,4.61c2.56,0,4.63-2.061,4.63-4.61 C14.65,7.51,12.58,5.45,10.03,5.45L10.03,5.45L10.03,5.45z M10.08,13c-1.66,0-3-1.34-3-2.99c0-1.65,1.34-2.99,3-2.99s3,1.34,3,2.99 C13.08,11.66,11.74,13,10.08,13L10.08,13L10.08,13z\"><\/path><\/svg><\/a><\/p>\n<\/div>\n<h2>Le restaurant<\/h2>\n<div>\n<p><em>Le restaurant Hugo &amp; co m\u00eale bistronomie et cr\u00e9ativit\u00e9, <br \/>Le nom du restaurant est un clin d\u2019\u0153il \u00e0 son fils a\u00een\u00e9, Hugo.<\/em><\/p>\n<h3>Une cuisine ouverte sur le monde.<\/h3>\n<p>Chez Hugo &amp; co chaque assiette se veut ouverte sur le monde, teint\u00e9e d\u2019influences cosmopolites se mariant entre elles. Hugo &amp; co est le symbole de cette nouvelle fusion, o\u00f9 l\u2019on peut grignoter, partager plusieurs plats, passer d\u2019un monde \u00e0 l\u2019autre.<\/p>\n<p>Parmi les musts qui sont propos\u00e9s, les brioches vapeur fa\u00e7on bao \u00e0 la queue de b\u0153uf, l\u00e9gumes pickles, cacahu\u00e8tes et coriandre sont l\u2019exemple m\u00eame de la cuisine Hugo &amp; co : un aller retour entre le Cambodge (pays originaire du chef) et la Street Food made in NYC. C\u00f4t\u00e9 d\u00e9coration, les murs alternent entre carrelages ivoires \u2013 clin d\u2019\u0153il au m\u00e9tro New Yorkais et \u00e0 Brooklyn si chers au chef \u2013 et cagettes en bois empil\u00e9es jusqu\u2019au plafond, garnies de verdure abondante pour amener de la fra\u00eecheur et recr\u00e9er comme un mur v\u00e9g\u00e9tal. Les tables sont \u00e0 mi-hauteur &#8211; entre le mange debout et une table classique &#8211; bord\u00e9es de banquettes et chaises en cuir confortables o\u00f9 il fait bon s\u2019installer. Au centre du restaurant, une grande table d\u2019h\u00f4te en b\u00e9ton pouvant accueillir jusqu\u2019\u00e0 8 convives se tient. Au dessus de celle-ci, le \u00ab mantra \u00bb du chef \u00ab Life is Food \u00bb, d\u00e9j\u00e0 pr\u00e9sent chez Tomy &amp; co, \u00e9claire avec son n\u00e9on. Le comptoir au fond du restaurant, poss\u00e8de 4 places assises pour manger directement accoud\u00e9 comme siroter un des cocktails \u00e0 la carte.<\/p>\n<p>Enfin pour les beaux jours, la salle sera baign\u00e9e de lumi\u00e8re gr\u00e2ce aux baies vitr\u00e9es pouvant s\u2019ouvrir sur l\u2019ext\u00e9rieur. La terrasse accueille une douzaine de convives aux beaux jours.<\/p>\n<\/div>\n<p><!-- {\"type\":\"layout\",\"children\":[{\"type\":\"section\",\"props\":{\"style\":\"default\",\"width\":\"\",\"vertical_align\":\"middle\",\"title_position\":\"top-left\",\"title_rotation\":\"left\",\"title_breakpoint\":\"xl\",\"image_position\":\"center-center\",\"text_color\":\"\",\"width_expand\":\"\",\"height\":\"\",\"padding\":\"\",\"header_transparent\":\"\",\"animation\":\"\",\"padding_remove_top\":true,\"padding_remove_bottom\":true,\"title\":\"\"},\"children\":[{\"type\":\"row\",\"props\":{\"layout\":\",3-4\",\"breakpoint\":\"m\",\"fixed_width\":\"large\",\"gutter\":\"collapse\",\"width\":\"\",\"width_expand\":\"\",\"height\":\"\",\"margin\":\"\"},\"children\":[{\"type\":\"column\",\"props\":{\"widths\":[\"\"],\"image_position\":\"top-center\",\"media_overlay_gradient\":\"\",\"vertical_align\":\"\",\"style\":\"secondary\",\"text_color\":\"\",\"padding\":\"\",\"image\":\"\\\/visuels-tg\\\/pave-hugo.png\",\"image_size\":\"contain\",\"image_effect\":\"\",\"image_parallax_breakpoint\":\"\",\"image_visibility\":\"m\",\"media_blend_mode\":\"\"},\"children\":[{\"type\":\"image\",\"props\":{\"margin\":\"remove-vertical\",\"image_svg_color\":\"emphasis\",\"link_target\":\"\",\"image_border\":\"\",\"image_box_shadow\":\"\",\"image_hover_box_shadow\":\"\",\"image_box_decoration\":\"\",\"text_align\":\"center\",\"text_align_breakpoint\":\"\",\"text_align_fallback\":\"\",\"maxwidth\":\"\",\"maxwidth_align\":\"\",\"maxwidth_breakpoint\":\"\",\"animation\":\"fade\",\"visibility\":\"m\",\"image\":\"\\\/visuels-tg\\\/pave-hugo-blank.png\",\"link\":\"\\\/hugo-and-co\\\/\",\"container_padding_remove\":true}},{\"type\":\"list\",\"props\":{\"show_image\":true,\"show_link\":true,\"image_svg_color\":\"emphasis\",\"image_align\":\"left\",\"image_vertical_align\":true,\"list_style\":\"\",\"content_style\":\"bold\",\"image_border\":\"\",\"icon_color\":\"\",\"link_style\":\"\",\"text_align\":\"left\",\"text_align_breakpoint\":\"\",\"text_align_fallback\":\"\",\"maxwidth\":\"\",\"maxwidth_align\":\"\",\"maxwidth_breakpoint\":\"\",\"margin\":\"\",\"animation\":\"slide-left\",\"visibility\":\"m\",\"list_size\":false,\"icon\":\"\",\"id\":\"\",\"class\":\"menuhugo\",\"css\":\".menuhugo {color:#538447;\"},\"children\":[{\"type\":\"list_item\",\"props\":{\"icon_color\":\"\",\"content\":\"LE RESTAURANT\",\"link\":\"hugo-and-co\\\/le-restaurant\"}},{\"type\":\"list_item\",\"props\":{\"icon_color\":\"\",\"content\":\"LE CHEF\",\"image\":\"\",\"link\":\"\\\/hugo-and-co\\\/le-chef\"}},{\"type\":\"list_item\",\"props\":{\"icon_color\":\"\",\"content\":\"L'\\u00c9QUIPE\",\"link\":\"\\\/hugo-and-co\\\/equipe\"}},{\"type\":\"list_item\",\"props\":{\"icon_color\":\"\",\"content\":\"LA CARTE\",\"link\":\"\\\/hugo-and-co\\\/la-carte\"}},{\"type\":\"list_item\",\"props\":{\"icon_color\":\"\",\"content\":\"S'Y RENDRE\",\"link\":\"\\\/hugo-and-co\\\/situation\"}},{\"type\":\"list_item\",\"props\":{\"icon_color\":\"\",\"content\":\"NOUS SUIVRE\",\"link\":\"\\\/hugo-and-co\\\/nous-suivre\\\/\"}}]},{\"type\":\"button\",\"props\":{\"gutter\":\"small\",\"margin\":\"small\",\"button_size\":\"small\",\"text_align\":\"\",\"text_align_breakpoint\":\"\",\"text_align_fallback\":\"\",\"maxwidth\":\"\",\"maxwidth_align\":\"\",\"maxwidth_breakpoint\":\"\",\"animation\":\"slide-left\",\"visibility\":\"m\",\"css\":\"\",\"class\":\"\",\"fullwidth\":false},\"children\":[{\"type\":\"button_item\",\"props\":{\"button_style\":\"default\",\"icon_align\":\"left\",\"link_target\":\"\",\"content\":\"R\\u00e9server\",\"link\":\"reserver\"}},{\"type\":\"button_item\",\"props\":{\"button_style\":\"secondary\",\"icon_align\":\"left\",\"link_target\":\"modal\",\"content\":\"VID\\u00c9O\",\"link\":\"https:\\\/\\\/vimeo.com\\\/360331129\",\"lightbox_width\":\"960\",\"lightbox_height\":\"540\",\"icon\":\"play-circle\"}},{\"type\":\"button_item\",\"props\":{\"button_style\":\"link-muted\",\"icon_align\":\"left\",\"link_target\":\"modal\",\"content\":\"S'abonner \\u00e0 notre newsletter\",\"link\":\"https:\\\/\\\/leadfoxcloud.com\\\/public\\\/5e207365bb5ffa26aeb4a779\\\/\",\"lightbox_width\":\"960\",\"lightbox_height\":\"540\",\"icon\":\"mail\"}}],\"name\":\"LIENS3\"},{\"type\":\"text\",\"props\":{\"margin\":\"default\",\"column_breakpoint\":\"m\",\"text_style\":\"\",\"text_color\":\"\",\"text_size\":\"\",\"column\":\"\",\"text_align\":\"\",\"text_align_breakpoint\":\"\",\"text_align_fallback\":\"\",\"maxwidth\":\"\",\"maxwidth_align\":\"\",\"maxwidth_breakpoint\":\"\",\"animation\":\"\",\"visibility\":\"m\",\"content\":\"\n\n<p style=\\\"font-size: 0.8em;\\\">Du lundi au vendredi<br \\\/>12h00 &gt; 14h00<br \\\/>19h00 &gt; 22h00<\\\/p>\"}},{\"type\":\"text\",\"props\":{\"margin\":\"default\",\"column_breakpoint\":\"m\",\"text_style\":\"\",\"text_color\":\"\",\"text_size\":\"\",\"column\":\"\",\"text_align\":\"\",\"text_align_breakpoint\":\"\",\"text_align_fallback\":\"\",\"maxwidth\":\"\",\"maxwidth_align\":\"\",\"maxwidth_breakpoint\":\"\",\"animation\":\"\",\"visibility\":\"m\",\"content\":\"\n\n<p style=\\\"font-size:0.8em;\\\">48 rue Monge<br \\\/>75005 Paris<\\\/p>\\n\n\n<p>T. 09 53 92 62 77<\\\/p>\"}},{\"type\":\"divider\",\"props\":{\"divider_element\":\"hr\",\"divider_style\":\"\",\"divider_align\":\"\",\"divider_align_breakpoint\":\"\",\"divider_align_fallback\":\"\",\"maxwidth\":\"\",\"maxwidth_align\":\"\",\"maxwidth_breakpoint\":\"\",\"margin\":\"\",\"animation\":\"\",\"visibility\":\"m\"}},{\"type\":\"text\",\"props\":{\"margin\":\"small\",\"column_breakpoint\":\"m\",\"text_style\":\"meta\",\"text_color\":\"\",\"text_size\":\"\",\"column\":\"\",\"text_align\":\"\",\"text_align_breakpoint\":\"\",\"text_align_fallback\":\"\",\"maxwidth\":\"\",\"maxwidth_align\":\"\",\"maxwidth_breakpoint\":\"\",\"animation\":\"\",\"visibility\":\"m\",\"content\":\"\n\n<p>Restez en contact\\u2026<\\\/p>\",\"margin_remove_bottom\":true,\"margin_remove_top\":false}},{\"type\":\"text\",\"props\":{\"margin\":\"remove-vertical\",\"column_breakpoint\":\"m\",\"text_style\":\"meta\",\"text_color\":\"\",\"text_size\":\"\",\"column\":\"\",\"text_align\":\"\",\"text_align_breakpoint\":\"\",\"text_align_fallback\":\"\",\"maxwidth\":\"\",\"maxwidth_align\":\"\",\"maxwidth_breakpoint\":\"\",\"animation\":\"\",\"visibility\":\"m\",\"content\":\"\n\n<p style=\\\"font-size:0.8em;\\\"><a href=\\\"https:\\\/\\\/www.tomygousset.com\\\" target=\\\"_blank\\\" rel=\\\"noopener\\\">< Site Tomy Gousset <\\\/a> \\\/ <a class=\\\"el-link uk-link-muted uk-icon customize-unpreviewable\\\" target=\\\"_blank\\\" href=\\\"https:\\\/\\\/www.facebook.com\\\/Hugoandco-152480505462765\\\" uk-icon=\\\"icon: facebook;\\\"><svg width=\\\"20\\\" height=\\\"20\\\" viewBox=\\\"0 0 20 20\\\" xmlns=\\\"http:\\\/\\\/www.w3.org\\\/2000\\\/svg\\\" data-svg=\\\"facebook\\\"><path d=\\\"M11,10h2.6l0.4-3H11V5.3c0-0.9,0.2-1.5,1.5-1.5H14V1.1c-0.3,0-1-0.1-2.1-0.1C9.6,1,8,2.4,8,5v2H5.5v3H8v8h3V10z\\\"><\\\/path><\\\/svg><\\\/a> <a class=\\\"el-link uk-link-muted uk-icon customize-unpreviewable\\\" target=\\\"_blank\\\" href=\\\"https:\\\/\\\/www.instagram.com\\\/restaurant_hugoandco\\\/\\\" uk-icon=\\\"icon: instagram;\\\"><svg width=\\\"20\\\" height=\\\"20\\\" viewBox=\\\"0 0 20 20\\\" xmlns=\\\"http:\\\/\\\/www.w3.org\\\/2000\\\/svg\\\" data-svg=\\\"instagram\\\"><path d=\\\"M13.55,1H6.46C3.45,1,1,3.44,1,6.44v7.12c0,3,2.45,5.44,5.46,5.44h7.08c3.02,0,5.46-2.44,5.46-5.44V6.44 C19.01,3.44,16.56,1,13.55,1z M17.5,14c0,1.93-1.57,3.5-3.5,3.5H6c-1.93,0-3.5-1.57-3.5-3.5V6c0-1.93,1.57-3.5,3.5-3.5h8 c1.93,0,3.5,1.57,3.5,3.5V14z\\\"><\\\/path><circle cx=\\\"14.87\\\" cy=\\\"5.26\\\" r=\\\"1.09\\\"><\\\/circle><path d=\\\"M10.03,5.45c-2.55,0-4.63,2.06-4.63,4.6c0,2.55,2.07,4.61,4.63,4.61c2.56,0,4.63-2.061,4.63-4.61 C14.65,7.51,12.58,5.45,10.03,5.45L10.03,5.45L10.03,5.45z M10.08,13c-1.66,0-3-1.34-3-2.99c0-1.65,1.34-2.99,3-2.99s3,1.34,3,2.99 C13.08,11.66,11.74,13,10.08,13L10.08,13L10.08,13z\\\"><\\\/path><\\\/svg><\\\/a><\\\/p>\",\"margin_remove_bottom\":true,\"margin_remove_top\":true}}]},{\"type\":\"column\",\"props\":{\"widths\":[\"3-4\"],\"image_position\":\"center-center\",\"media_overlay_gradient\":\"\",\"vertical_align\":\"\",\"style\":\"\",\"text_color\":\"\",\"padding\":\"small\",\"image\":\"\\\/visuels-tg\\\/fond-carte.png\",\"image_size\":\"cover\",\"image_effect\":\"\",\"image_parallax_breakpoint\":\"\",\"image_visibility\":\"\",\"media_blend_mode\":\"\",\"image_width\":\"\"},\"children\":[{\"type\":\"headline\",\"props\":{\"title_element\":\"h2\",\"title_style\":\"h1\",\"title_decoration\":\"\",\"title_color\":\"\",\"text_align\":\"right\",\"text_align_breakpoint\":\"\",\"text_align_fallback\":\"\",\"maxwidth\":\"\",\"maxwidth_align\":\"\",\"maxwidth_breakpoint\":\"\",\"margin\":\"large\",\"animation\":\"\",\"visibility\":\"\",\"content\":\"Le restaurant\"}},{\"type\":\"text\",\"props\":{\"margin\":\"default\",\"column_breakpoint\":\"m\",\"text_style\":\"\",\"text_color\":\"\",\"text_size\":\"\",\"column\":\"\",\"text_align\":\"\",\"text_align_breakpoint\":\"\",\"text_align_fallback\":\"\",\"maxwidth\":\"\",\"maxwidth_align\":\"\",\"maxwidth_breakpoint\":\"\",\"animation\":\"\",\"visibility\":\"\",\"content\":\"\n\n<p><em>Le restaurant Hugo &amp; co m\\u00eale bistronomie et cr\\u00e9ativit\\u00e9, <br \\\/>Le nom du restaurant est un clin d\\u2019\\u0153il \\u00e0 son fils a\\u00een\\u00e9, Hugo.<\\\/em><\\\/p>\\n\n\n<h3>Une cuisine ouverte sur le monde.<\\\/h3>\\n\n\n<p>Chez Hugo &amp; co chaque assiette se veut ouverte sur le monde, teint\\u00e9e d\\u2019influences cosmopolites se mariant entre elles. Hugo &amp; co est le symbole de cette nouvelle fusion, o\\u00f9 l\\u2019on peut grignoter, partager plusieurs plats, passer d\\u2019un monde \\u00e0 l\\u2019autre.<\\\/p>\\n\n\n<p>Parmi les musts qui sont propos\\u00e9s, les brioches vapeur fa\\u00e7on bao \\u00e0 la queue de b\\u0153uf, l\\u00e9gumes pickles, cacahu\\u00e8tes et coriandre sont l\\u2019exemple m\\u00eame de la cuisine Hugo &amp; co : un aller retour entre le Cambodge (pays originaire du chef) et la Street Food made in NYC. C\\u00f4t\\u00e9 d\\u00e9coration, les murs alternent entre carrelages ivoires \\u2013 clin d\\u2019\\u0153il au m\\u00e9tro New Yorkais et \\u00e0 Brooklyn si chers au chef \\u2013 et cagettes en bois empil\\u00e9es jusqu\\u2019au plafond, garnies de verdure abondante pour amener de la fra\\u00eecheur et recr\\u00e9er comme un mur v\\u00e9g\\u00e9tal. Les tables sont \\u00e0 mi-hauteur - entre le mange debout et une table classique - bord\\u00e9es de banquettes et chaises en cuir confortables o\\u00f9 il fait bon s\\u2019installer. Au centre du restaurant, une grande table d\\u2019h\\u00f4te en b\\u00e9ton pouvant accueillir jusqu\\u2019\\u00e0 8 convives se tient. Au dessus de celle-ci, le \\u00ab mantra \\u00bb du chef \\u00ab Life is Food \\u00bb, d\\u00e9j\\u00e0 pr\\u00e9sent chez Tomy &amp; co, \\u00e9claire avec son n\\u00e9on. Le comptoir au fond du restaurant, poss\\u00e8de 4 places assises pour manger directement accoud\\u00e9 comme siroter un des cocktails \\u00e0 la carte.<\\\/p>\\n\n\n<p>Enfin pour les beaux jours, la salle sera baign\\u00e9e de lumi\\u00e8re gr\\u00e2ce aux baies vitr\\u00e9es pouvant s\\u2019ouvrir sur l\\u2019ext\\u00e9rieur. La terrasse accueille une douzaine de convives aux beaux jours.<\\\/p>\",\"class\":\"\",\"css\":\"\"}}]}]}]}],\"version\":\"1.18.15\",\"props\":[]} --><\/p>\n","protected":false},"excerpt":{"rendered":"<p>LE RESTAURANT LE CHEF L&rsquo;\u00c9QUIPE LA CARTE S&rsquo;Y RENDRE NOUS SUIVRE R\u00e9server VID\u00c9O S&rsquo;abonner \u00e0 notre newsletter Du lundi au vendredi12h00 &gt; 14h0019h00 &gt; 22h00 48 rue Monge75005 Paris T. 09 53 92 62 77 Restez en contact\u2026 < Site Tomy Gousset \/ Le restaurant Le restaurant Hugo &amp; co m\u00eale bistronomie et cr\u00e9ativit\u00e9, Le [&hellip;]\n<\/p>\n","protected":false},"author":1,"featured_media":0,"parent":0,"menu_order":0,"comment_status":"closed","ping_status":"closed","template":"","meta":{"_monsterinsights_skip_tracking":false,"_monsterinsights_sitenote_active":false,"_monsterinsights_sitenote_note":"","_monsterinsights_sitenote_category":0,"footnotes":""},"class_list":["post-80","page","type-page","status-publish","hentry"],"_links":{"self":[{"href":"https:\/\/tomygousset.com\/hugo-and-co\/wp-json\/wp\/v2\/pages\/80","targetHints":{"allow":["GET"]}}],"collection":[{"href":"https:\/\/tomygousset.com\/hugo-and-co\/wp-json\/wp\/v2\/pages"}],"about":[{"href":"https:\/\/tomygousset.com\/hugo-and-co\/wp-json\/wp\/v2\/types\/page"}],"author":[{"embeddable":true,"href":"https:\/\/tomygousset.com\/hugo-and-co\/wp-json\/wp\/v2\/users\/1"}],"replies":[{"embeddable":true,"href":"https:\/\/tomygousset.com\/hugo-and-co\/wp-json\/wp\/v2\/comments?post=80"}],"version-history":[{"count":0,"href":"https:\/\/tomygousset.com\/hugo-and-co\/wp-json\/wp\/v2\/pages\/80\/revisions"}],"wp:attachment":[{"href":"https:\/\/tomygousset.com\/hugo-and-co\/wp-json\/wp\/v2\/media?parent=80"}],"curies":[{"name":"wp","href":"https:\/\/api.w.org\/{rel}","templated":true}]}}