{"id":93,"date":"2019-03-15T13:33:41","date_gmt":"2019-03-15T12:33:41","guid":{"rendered":"http:\/\/tomygousset.s26722.manumartin.atester.fr\/hugo-and-co\/?page_id=93"},"modified":"2025-10-14T14:12:36","modified_gmt":"2025-10-14T12:12:36","slug":"la-carte","status":"publish","type":"page","link":"https:\/\/tomygousset.com\/hugo-and-co\/la-carte\/","title":{"rendered":"La carte"},"content":{"rendered":"<p><a href=\"\/hugo-and-co\/\"><img decoding=\"async\" src=\"\/visuels-tg\/pave-hugo-blank.png\" alt=\"\"><\/a><\/p>\n<ul>\n<li>\n<p><a href=\"\/hugo-and-co\/hugo-and-co\/le-restaurant\">LE RESTAURANT<\/a><\/p>\n<\/li>\n<li>\n<p><a href=\"\/hugo-and-co\/le-chef\">LE CHEF<\/a><\/p>\n<\/li>\n<li>\n<p><a href=\"\/hugo-and-co\/equipe\">L&rsquo;\u00c9QUIPE<\/a><\/p>\n<\/li>\n<li>\n<p><a href=\"\/hugo-and-co\/la-carte\">LA CARTE<\/a><\/p>\n<\/li>\n<li>\n<p><a href=\"\/hugo-and-co\/situation\">S&rsquo;Y RENDRE<\/a><\/p>\n<\/li>\n<li>\n<p><a href=\"\/hugo-and-co\/nous-suivre\/\">NOUS SUIVRE<\/a><\/p>\n<\/li>\n<\/ul>\n<ul>\n<li>\n<p>\n        <a href=\"\/hugo-and-co\/reserver\">R\u00e9server<\/a>\n    <\/p>\n<\/li>\n<li>\n<p>\n        <a href=\"https:\/\/vimeo.com\/360331129\">VID\u00c9O<\/a>\n    <\/p>\n<\/li>\n<li>\n<p>\n        <a href=\"https:\/\/leadfoxcloud.com\/public\/5e207365bb5ffa26aeb4a779\/\">S&rsquo;abonner \u00e0 notre newsletter<\/a>\n    <\/p>\n<\/li>\n<\/ul>\n<div>\n<p style=\"font-size:0.8em;\">Du lundi au vendredi<br \/>12h00 &gt; 14h00<br \/>19h00 &gt; 22h00<\/p>\n<\/div>\n<div>\n<p style=\"font-size:0.8em;\">48 rue Monge<br \/>75005 Paris<\/p>\n<p>T. 09 53 92 62 77<\/p>\n<\/div>\n<hr>\n<div>\n<p>Restez en contact\u2026<\/p>\n<\/div>\n<div>\n<p style=\"font-size:0.8em;\"><a href=\"https:\/\/www.tomygousset.com\" target=\"_blank\" rel=\"noopener\">< Site Tomy Gousset <\/a> \/ <a class=\"el-link uk-link-muted uk-icon customize-unpreviewable\" target=\"_blank\" href=\"https:\/\/www.facebook.com\/Hugoandco-152480505462765\" uk-icon=\"icon: facebook;\"><svg width=\"20\" height=\"20\" viewBox=\"0 0 20 20\" xmlns=\"http:\/\/www.w3.org\/2000\/svg\" data-svg=\"facebook\"><path d=\"M11,10h2.6l0.4-3H11V5.3c0-0.9,0.2-1.5,1.5-1.5H14V1.1c-0.3,0-1-0.1-2.1-0.1C9.6,1,8,2.4,8,5v2H5.5v3H8v8h3V10z\"><\/path><\/svg><\/a> <a class=\"el-link uk-link-muted uk-icon customize-unpreviewable\" target=\"_blank\" href=\"https:\/\/www.instagram.com\/restaurant_hugoandco\/\" uk-icon=\"icon: instagram;\"><svg width=\"20\" height=\"20\" viewBox=\"0 0 20 20\" xmlns=\"http:\/\/www.w3.org\/2000\/svg\" data-svg=\"instagram\"><path d=\"M13.55,1H6.46C3.45,1,1,3.44,1,6.44v7.12c0,3,2.45,5.44,5.46,5.44h7.08c3.02,0,5.46-2.44,5.46-5.44V6.44 C19.01,3.44,16.56,1,13.55,1z M17.5,14c0,1.93-1.57,3.5-3.5,3.5H6c-1.93,0-3.5-1.57-3.5-3.5V6c0-1.93,1.57-3.5,3.5-3.5h8 c1.93,0,3.5,1.57,3.5,3.5V14z\"><\/path><circle cx=\"14.87\" cy=\"5.26\" r=\"1.09\"><\/circle><path d=\"M10.03,5.45c-2.55,0-4.63,2.06-4.63,4.6c0,2.55,2.07,4.61,4.63,4.61c2.56,0,4.63-2.061,4.63-4.61 C14.65,7.51,12.58,5.45,10.03,5.45L10.03,5.45L10.03,5.45z M10.08,13c-1.66,0-3-1.34-3-2.99c0-1.65,1.34-2.99,3-2.99s3,1.34,3,2.99 C13.08,11.66,11.74,13,10.08,13L10.08,13L10.08,13z\"><\/path><\/svg><\/a><\/p>\n<\/div>\n<h2><span style=\"color: #44722c;\">La carte<\/span><\/h2>\n<div>\n\n\n<div>\n\n        \n<ul class=\"uk-subnav uk-subnav-pill uk-flex-left\" uk-switcher=\"connect: #wk-d75\" uk-margin>\n        <li><a href>Carte des vins<\/a><\/li>\n        <li><a href>Menu carte<\/a><\/li>\n<\/ul>\n\n    \n    \n<ul id=\"wk-d75\" class=\"uk-switcher uk-text-left uk-margin-top\">\n\n    \n    <li>\n        <div class=\"uk-panel\">\n\n            \n            \n            \n            \n                        <div class=\"uk-margin\"><p style=\"text-align: center\"><em>Les vins au verre<\/em>\r\n<em>Servis au verre 15cl<\/em><\/p>\r\n<p style=\"text-align: center\"><em>Les bulles<\/em><\/p>\r\n<p style=\"text-align: center\"><em>AOP Cr\u00e9mant de Loire \u00ab Initia \u00bb - Domaine des Huards 10\u20ac<\/em>\r\n<em>AOP Champagne \u00ab Extra Brut \u00bb - Domaine Gosset 17\u20ac<\/em><\/p>\r\n<p style=\"text-align: center\"><em>Vins Ros\u00e9<\/em><\/p>\r\n<p style=\"text-align: center\"><em>2022 IGP M\u00e9diterran\u00e9e \u00ab Effront\u00e9\u2019e \u00bb - Ch\u00e2teau les Valentines 7\u20ac<\/em><\/p>\r\n<p style=\"text-align: center\"><em>Vins Blancs<\/em><\/p>\r\n<p style=\"text-align: center\"><em>2023 AOP Reuilly \u2013 Domaine Mathieu Mabillot 7.5\u20ac<\/em>\r\n<em>2023 AOP Pays d\u2019Oc \u00ab Viognier \u00bb - Domaine de la Tour Penedesses 8.5\u20ac<\/em>\r\n<em>2023 VDF Chardonnay \u2013 Domaine David Moret 9.5\u20ac<\/em><\/p>\r\n<p style=\"text-align: center\"><em>Vins Rouges<\/em><\/p>\r\n<p style=\"text-align: center\"><em>2020 AOP Blaye Cote de Bordeaux \u2013 Ch\u00e2teau Terrier de Millepied 7,5\u20ac<\/em>\r\n<em>2023 AOP Crozes-Hermitage \u2013 Domaine Jean Esprit 8.5\u20ac<\/em>\r\n<em>2022 VDF Pinot Noir \u2013 Domaine David Moret 9.5\u20ac<\/em><\/p>\r\n<p style=\"text-align: center\"><em>Prix nets en euros &amp; service compris<\/em><\/p><\/div>\n            \n            \n            \n            \n            \n        <\/div>\n    <\/li>\n\n\n    \n    <li>\n        <div class=\"uk-panel\">\n\n            \n            \n            \n            \n                        <div class=\"uk-margin\"><p style=\"text-align: center\"><em>Menu HUGO<\/em><\/p>\r\n<p style=\"text-align: center\"><em>Entr\u00e9e + Plat + Dessert 46 \u20ac<\/em><\/p>\r\n<p style=\"text-align: center\"><em>Entr\u00e9e + Plat ou Plat + Dessert 37 \u20ac<\/em><\/p>\r\n<p style=\"text-align: center\"><em>Entr\u00e9es<\/em><\/p>\r\n<p style=\"text-align: center\"><em>Ceviche de daurade, yaourt aux herbes &amp; radis rouges en pickles<\/em><\/p>\r\n<p style=\"text-align: center\"><em>P\u00e2t\u00e9 en cro\u00fbte de canard \/foie gras\/pistache, l\u00e9gumes en pickles<\/em><\/p>\r\n<p style=\"text-align: center\"><em>Tartare de b\u0153uf, sauce gochujang &amp; navet marin\u00e9, chips de nori<\/em><\/p>\r\n<p style=\"text-align: center\"><em>Asperges blanches &amp; f\u00eata, condiment citron &amp; granola sal\u00e9<\/em><\/p>\r\n<p style=\"text-align: center\"><em>Plats<\/em><\/p>\r\n<p style=\"text-align: center\"><em>Saumon r\u00f4ti bibimbap, l\u00e9gumes de printemps &amp; orges perl\u00e9s<\/em><\/p>\r\n<p style=\"text-align: center\"><em>Merlu &amp; sauce au curry &amp; basilic thai, petits pois &amp; poireaux<\/em><\/p>\r\n<p style=\"text-align: center\"><em>Porc r\u00f4ti, asperges vertes &amp; chimichurri, carotte au miso<\/em><\/p>\r\n<p style=\"text-align: center\"><em>B\u0153uf marin\u00e9, pur\u00e9e de PDT &amp; brocolini, pesto ails des ours<\/em><\/p>\r\n<p style=\"text-align: center\"><em>Suggestion<\/em><\/p>\r\n<p style=\"text-align: center\"><em>C\u00f4te de b\u0153uf 1kg, pommes grenailles, pour 2 personnes 95\u20ac<\/em><\/p>\r\n&nbsp;\r\n<p style=\"text-align: center\"><em>Desserts<\/em><\/p>\r\n<p style=\"text-align: center\"><em>Glace au th\u00e9 matcha, ganache au chocolat &amp; kada\u00eff<\/em><\/p>\r\n<p style=\"text-align: center\"><em>Fraises gariguette, dattes &amp; glace yaourt, riz souffl\u00e9<\/em><\/p>\r\n<p style=\"text-align: center\"><em>Rhubarbes, confiture &amp; son sorbet, riz au lait<\/em><\/p><\/div>\n            \n            \n            \n            \n            \n        <\/div>\n    <\/li>\n\n<\/ul>\n\n    \n<\/div>\n\n\n<\/div>\n<hr>\n<ul>\n<li>\n<p>\n        <a href=\"\/hugo-and-co\/wp-content\/uploads\/sites\/3\/2025\/10\/CARTE-VINS-HUGO-A4.pdf\">CARTE DES VINS<\/a>\n    <\/p>\n<\/li>\n<li>\n<p>\n        <a href=\"\/hugo-and-co\/wp-content\/uploads\/sites\/3\/2025\/10\/Menu-Hugo.pdf\">MENU<\/a>\n    <\/p>\n<\/li>\n<\/ul>\n<div>\n<p style=\"text-align: center;\"><span style=\"color: #000000;\">Toutes nos cartes sont susceptibles de changer au court des saisons et des arrivages.<\/span><\/p>\n<\/div>\n<p><!--more--><br \/>\n<!-- {\"type\":\"layout\",\"children\":[{\"type\":\"section\",\"props\":{\"animation\":\"fade\",\"image_position\":\"center-center\",\"padding_remove_bottom\":true,\"padding_remove_top\":true,\"style\":\"default\",\"title_breakpoint\":\"xl\",\"title_position\":\"top-left\",\"title_rotation\":\"left\",\"vertical_align\":\"\",\"width\":\"\"},\"children\":[{\"type\":\"row\",\"props\":{\"column_gap\":\"collapse\",\"layout\":\"1-4,3-4\",\"row_gap\":\"collapse\"},\"children\":[{\"type\":\"column\",\"props\":{\"image\":\"\\\/visuels-tg\\\/pave-hugo.png\",\"image_position\":\"top-center\",\"image_size\":\"contain\",\"media_visibility\":\"m\",\"position_sticky_breakpoint\":\"m\",\"style\":\"tile-secondary\",\"width_medium\":\"1-4\"},\"children\":[{\"type\":\"image\",\"props\":{\"animation\":\"fade\",\"container_padding_remove\":true,\"image\":\"\\\/visuels-tg\\\/pave-hugo-blank.png\",\"image_svg_color\":\"emphasis\",\"link\":\"\\\/hugo-and-co\\\/\",\"margin\":\"remove-vertical\",\"text_align\":\"center\",\"visibility\":\"m\"}},{\"type\":\"list\",\"props\":{\"animation\":\"slide-left\",\"class\":\"menuhugo\",\"column_breakpoint\":\"m\",\"content_style\":\"text-bold\",\"css\":\".menuhugo {color:#538447;\",\"image_align\":\"left\",\"image_svg_color\":\"emphasis\",\"image_vertical_align\":true,\"list_element\":\"ul\",\"list_horizontal_separator\":\", \",\"list_type\":\"vertical\",\"show_image\":true,\"show_link\":true,\"text_align\":\"left\",\"visibility\":\"m\"},\"children\":[{\"type\":\"list_item\",\"props\":{\"content\":\"LE RESTAURANT\",\"link\":\"hugo-and-co\\\/le-restaurant\"}},{\"type\":\"list_item\",\"props\":{\"content\":\"LE CHEF\",\"image\":\"\",\"link\":\"\\\/hugo-and-co\\\/le-chef\"}},{\"type\":\"list_item\",\"props\":{\"content\":\"L'\\u00c9QUIPE\",\"link\":\"\\\/hugo-and-co\\\/equipe\"}},{\"type\":\"list_item\",\"props\":{\"content\":\"LA CARTE\",\"link\":\"\\\/hugo-and-co\\\/la-carte\"}},{\"type\":\"list_item\",\"props\":{\"content\":\"S'Y RENDRE\",\"link\":\"\\\/hugo-and-co\\\/situation\"}},{\"type\":\"list_item\",\"props\":{\"content\":\"NOUS SUIVRE\",\"link\":\"\\\/hugo-and-co\\\/nous-suivre\\\/\"}}]},{\"type\":\"button\",\"props\":{\"animation\":\"slide-left\",\"button_size\":\"small\",\"fullwidth\":false,\"grid_column_gap\":\"small\",\"grid_row_gap\":\"small\",\"margin\":\"small\",\"visibility\":\"m\"},\"children\":[{\"type\":\"button_item\",\"props\":{\"button_style\":\"default\",\"content\":\"R\\u00e9server\",\"dialog_layout\":\"modal\",\"dialog_offcanvas_flip\":true,\"icon_align\":\"left\",\"link\":\"reserver\"}},{\"type\":\"button_item\",\"props\":{\"button_style\":\"secondary\",\"content\":\"VID\\u00c9O\",\"dialog_layout\":\"modal\",\"dialog_offcanvas_flip\":true,\"icon\":\"play-circle\",\"icon_align\":\"left\",\"image_height\":\"540\",\"image_width\":\"960\",\"link\":\"https:\\\/\\\/vimeo.com\\\/360331129\",\"link_target\":\"modal\"}},{\"type\":\"button_item\",\"props\":{\"button_style\":\"link-muted\",\"content\":\"S'abonner \\u00e0 notre newsletter\",\"dialog_layout\":\"modal\",\"dialog_offcanvas_flip\":true,\"icon\":\"mail\",\"icon_align\":\"left\",\"image_height\":\"540\",\"image_width\":\"960\",\"link\":\"https:\\\/\\\/leadfoxcloud.com\\\/public\\\/5e207365bb5ffa26aeb4a779\\\/\",\"link_target\":\"modal\"}}],\"name\":\"LIENS3\"},{\"type\":\"text\",\"props\":{\"column_breakpoint\":\"m\",\"content\":\"\n\n<p style=\\\"font-size:0.8em;\\\">Du lundi au vendredi<br \\\/>12h00 &gt; 14h00<br \\\/>19h00 &gt; 22h00<\\\/p>\",\"margin\":\"default\",\"visibility\":\"m\"}},{\"type\":\"text\",\"props\":{\"column_breakpoint\":\"m\",\"content\":\"\n\n<p style=\\\"font-size:0.8em;\\\">48 rue Monge<br \\\/>75005 Paris<\\\/p>\\n\n\n<p>T. 09 53 92 62 77<\\\/p>\",\"margin\":\"default\",\"visibility\":\"m\"}},{\"type\":\"divider\",\"props\":{\"divider_element\":\"hr\",\"visibility\":\"m\"}},{\"type\":\"text\",\"props\":{\"column_breakpoint\":\"m\",\"content\":\"\n\n<p>Restez en contact\\u2026<\\\/p>\",\"margin\":\"small\",\"margin_remove_bottom\":true,\"margin_remove_top\":false,\"text_style\":\"meta\",\"visibility\":\"m\"}},{\"type\":\"text\",\"props\":{\"column_breakpoint\":\"m\",\"content\":\"\n\n<p style=\\\"font-size:0.8em;\\\"><a href=\\\"https:\\\/\\\/www.tomygousset.com\\\" target=\\\"_blank\\\" rel=\\\"noopener\\\">< Site Tomy Gousset <\\\/a> \\\/ <a class=\\\"el-link uk-link-muted uk-icon customize-unpreviewable\\\" target=\\\"_blank\\\" href=\\\"https:\\\/\\\/www.facebook.com\\\/Hugoandco-152480505462765\\\" uk-icon=\\\"icon: facebook;\\\"><svg width=\\\"20\\\" height=\\\"20\\\" viewBox=\\\"0 0 20 20\\\" xmlns=\\\"http:\\\/\\\/www.w3.org\\\/2000\\\/svg\\\" data-svg=\\\"facebook\\\"><path d=\\\"M11,10h2.6l0.4-3H11V5.3c0-0.9,0.2-1.5,1.5-1.5H14V1.1c-0.3,0-1-0.1-2.1-0.1C9.6,1,8,2.4,8,5v2H5.5v3H8v8h3V10z\\\"><\\\/path><\\\/svg><\\\/a> <a class=\\\"el-link uk-link-muted uk-icon customize-unpreviewable\\\" target=\\\"_blank\\\" href=\\\"https:\\\/\\\/www.instagram.com\\\/restaurant_hugoandco\\\/\\\" uk-icon=\\\"icon: instagram;\\\"><svg width=\\\"20\\\" height=\\\"20\\\" viewBox=\\\"0 0 20 20\\\" xmlns=\\\"http:\\\/\\\/www.w3.org\\\/2000\\\/svg\\\" data-svg=\\\"instagram\\\"><path d=\\\"M13.55,1H6.46C3.45,1,1,3.44,1,6.44v7.12c0,3,2.45,5.44,5.46,5.44h7.08c3.02,0,5.46-2.44,5.46-5.44V6.44 C19.01,3.44,16.56,1,13.55,1z M17.5,14c0,1.93-1.57,3.5-3.5,3.5H6c-1.93,0-3.5-1.57-3.5-3.5V6c0-1.93,1.57-3.5,3.5-3.5h8 c1.93,0,3.5,1.57,3.5,3.5V14z\\\"><\\\/path><circle cx=\\\"14.87\\\" cy=\\\"5.26\\\" r=\\\"1.09\\\"><\\\/circle><path d=\\\"M10.03,5.45c-2.55,0-4.63,2.06-4.63,4.6c0,2.55,2.07,4.61,4.63,4.61c2.56,0,4.63-2.061,4.63-4.61 C14.65,7.51,12.58,5.45,10.03,5.45L10.03,5.45L10.03,5.45z M10.08,13c-1.66,0-3-1.34-3-2.99c0-1.65,1.34-2.99,3-2.99s3,1.34,3,2.99 C13.08,11.66,11.74,13,10.08,13L10.08,13L10.08,13z\\\"><\\\/path><\\\/svg><\\\/a><\\\/p>\",\"margin\":\"remove-vertical\",\"margin_remove_bottom\":true,\"margin_remove_top\":true,\"text_style\":\"meta\",\"visibility\":\"m\"}}]},{\"type\":\"column\",\"props\":{\"image\":\"\\\/visuels-tg\\\/fond-carte.png\",\"image_position\":\"center-center\",\"image_size\":\"cover\",\"padding\":\"small\",\"position_sticky_breakpoint\":\"m\",\"width_medium\":\"3-4\"},\"children\":[{\"type\":\"headline\",\"props\":{\"content\":\"<span style=\\\"color: #44722c;\\\">La carte<\\\/span>\",\"margin\":\"large\",\"text_align\":\"right\",\"title_element\":\"h2\",\"title_style\":\"h1\"}},{\"type\":\"text\",\"props\":{\"column_breakpoint\":\"m\",\"content\":\"\n\n<p>[widgetkit id=\\\"2\\\"]<\\\/p>\",\"margin\":\"default\",\"visibility\":\"s\"}},{\"type\":\"divider\",\"props\":{\"divider_element\":\"hr\",\"divider_style\":\"small\",\"visibility\":\"s\"}},{\"type\":\"button\",\"props\":{\"animation\":\"scale-up\",\"button_size\":\"large\",\"fullwidth\":false,\"grid_column_gap\":\"medium\",\"grid_row_gap\":\"medium\",\"margin\":\"default\",\"text_align\":\"center\"},\"children\":[{\"type\":\"button_item\",\"props\":{\"button_style\":\"secondary\",\"content\":\"CARTE DES VINS\",\"dialog_layout\":\"modal\",\"dialog_offcanvas_flip\":true,\"icon\":\"download\",\"icon_align\":\"left\",\"link\":\"\\\/hugo-and-co\\\/wp-content\\\/uploads\\\/sites\\\/3\\\/2025\\\/10\\\/CARTE-VINS-HUGO-A4.pdf\",\"link_target\":\"blank\"}},{\"type\":\"button_item\",\"props\":{\"button_style\":\"primary\",\"content\":\"MENU\",\"dialog_layout\":\"modal\",\"dialog_offcanvas_flip\":true,\"icon\":\"download\",\"icon_align\":\"left\",\"link\":\"wp-content\\\/uploads\\\/sites\\\/3\\\/2025\\\/10\\\/Menu-Hugo.pdf\",\"link_target\":\"blank\"}}]},{\"type\":\"text\",\"props\":{\"column_breakpoint\":\"m\",\"content\":\"\n\n<p style=\\\"text-align: center;\\\"><span style=\\\"color: #000000;\\\">Toutes nos cartes sont susceptibles de changer au court des saisons et des arrivages.<\\\/span><\\\/p>\",\"margin\":\"default\",\"text_style\":\"meta\",\"visibility\":\"s\"}}]}]}]}],\"version\":\"4.5.25\"} --><\/p>\n","protected":false},"excerpt":{"rendered":"<p>LE RESTAURANT LE CHEF L&rsquo;\u00c9QUIPE LA CARTE S&rsquo;Y RENDRE NOUS SUIVRE R\u00e9server VID\u00c9O S&rsquo;abonner \u00e0 notre newsletter Du lundi au vendredi12h00 &gt; 14h0019h00 &gt; 22h00 48 rue Monge75005 Paris T. 09 53 92 62 77 Restez en contact\u2026 < Site Tomy Gousset \/ La carte CARTE DES VINS MENU Toutes nos cartes sont susceptibles de [&hellip;]\n<\/p>\n","protected":false},"author":1,"featured_media":0,"parent":0,"menu_order":0,"comment_status":"closed","ping_status":"closed","template":"","meta":{"_monsterinsights_skip_tracking":false,"_monsterinsights_sitenote_active":false,"_monsterinsights_sitenote_note":"","_monsterinsights_sitenote_category":0,"footnotes":""},"class_list":["post-93","page","type-page","status-publish","hentry"],"_links":{"self":[{"href":"https:\/\/tomygousset.com\/hugo-and-co\/wp-json\/wp\/v2\/pages\/93","targetHints":{"allow":["GET"]}}],"collection":[{"href":"https:\/\/tomygousset.com\/hugo-and-co\/wp-json\/wp\/v2\/pages"}],"about":[{"href":"https:\/\/tomygousset.com\/hugo-and-co\/wp-json\/wp\/v2\/types\/page"}],"author":[{"embeddable":true,"href":"https:\/\/tomygousset.com\/hugo-and-co\/wp-json\/wp\/v2\/users\/1"}],"replies":[{"embeddable":true,"href":"https:\/\/tomygousset.com\/hugo-and-co\/wp-json\/wp\/v2\/comments?post=93"}],"version-history":[{"count":0,"href":"https:\/\/tomygousset.com\/hugo-and-co\/wp-json\/wp\/v2\/pages\/93\/revisions"}],"wp:attachment":[{"href":"https:\/\/tomygousset.com\/hugo-and-co\/wp-json\/wp\/v2\/media?parent=93"}],"curies":[{"name":"wp","href":"https:\/\/api.w.org\/{rel}","templated":true}]}}