{"id":114,"date":"2019-03-15T15:35:24","date_gmt":"2019-03-15T14:35:24","guid":{"rendered":"http:\/\/tomygousset.s26722.manumartin.atester.fr\/tomy-and-co\/?page_id=114"},"modified":"2024-10-08T16:27:57","modified_gmt":"2024-10-08T14:27:57","slug":"equipe","status":"publish","type":"page","link":"https:\/\/tomygousset.com\/tomy-and-co\/equipe\/","title":{"rendered":"L&rsquo;\u00e9quipe"},"content":{"rendered":"<p><a href=\"\/tomy-and-co\/\"><img decoding=\"async\" src=\"\/visuels-tg\/pave-hugo-blank.png\" alt=\"\"><\/a><\/p>\n<ul>\n<li>\n<p><a href=\"\/tomy-and-co\/le-restaurant\">LE RESTAURANT<\/a><\/p>\n<\/li>\n<li>\n<p><a href=\"\/tomy-and-co\/le-chef\">LE CHEF<\/a><\/p>\n<\/li>\n<li>\n<p><a href=\"\/tomy-and-co\/equipe\">L&rsquo;\u00c9QUIPE<\/a><\/p>\n<\/li>\n<li>\n<p><a href=\"\/tomy-and-co\/la-carte\">LA CARTE<\/a><\/p>\n<\/li>\n<li>\n<p><a href=\"\/tomy-and-co\/situation\">S&rsquo;Y RENDRE<\/a><\/p>\n<\/li>\n<li>\n<p><a href=\"\/tomy-and-co\/nous-suivre\/\">NOUS SUIVRE<\/a><\/p>\n<\/li>\n<\/ul>\n<ul>\n<li>\n        <a href=\"\/tomy-and-co\/reserver\">R\u00e9server<\/a>\n    <\/li>\n<li>\n        <a href=\"https:\/\/vimeo.com\/360331129\">VID\u00c9O<\/a>\n    <\/li>\n<li>\n        <a href=\"https:\/\/leadfoxcloud.com\/public\/5e206b98bd03b306dd3021ae\/\">S&rsquo;abonner \u00e0 notre newsletter<\/a>\n    <\/li>\n<\/ul>\n<div>\n<p style=\"font-size: 0.8em;\">Du lundi au vendredi<br \/>12h00 &gt; 13h30<br \/>19h15 &gt; 21h30<\/p>\n<\/div>\n<div>\n<p style=\"font-size: 0.8em;\">22 rue Surcouf<br \/>75007 Paris<\/p>\n<p>T. 01 45 51 46 93<\/p>\n<\/div>\n<hr>\n<div>\n<p>Restez en contact\u2026<\/p>\n<\/div>\n<div>\n<p style=\"font-size:0.8em;\"><a href=\"https:\/\/www.tomygousset.com\" target=\"_blank\" rel=\"noopener\">< Site Tomy Gousset <\/a> \/ <a class=\"el-link uk-link-muted uk-icon customize-unpreviewable\" target=\"_blank\" href=\"https:\/\/www.facebook.com\/tomyandco\/\" uk-icon=\"icon: facebook;\"><svg width=\"20\" height=\"20\" viewBox=\"0 0 20 20\" xmlns=\"http:\/\/www.w3.org\/2000\/svg\" data-svg=\"facebook\"><path d=\"M11,10h2.6l0.4-3H11V5.3c0-0.9,0.2-1.5,1.5-1.5H14V1.1c-0.3,0-1-0.1-2.1-0.1C9.6,1,8,2.4,8,5v2H5.5v3H8v8h3V10z\"><\/path><\/svg><\/a> <a class=\"el-link uk-link-muted uk-icon customize-unpreviewable\" target=\"_blank\" href=\"https:\/\/www.instagram.com\/tomy&#038;co\/\" uk-icon=\"icon: instagram;\"><svg width=\"20\" height=\"20\" viewBox=\"0 0 20 20\" xmlns=\"http:\/\/www.w3.org\/2000\/svg\" data-svg=\"instagram\"><path d=\"M13.55,1H6.46C3.45,1,1,3.44,1,6.44v7.12c0,3,2.45,5.44,5.46,5.44h7.08c3.02,0,5.46-2.44,5.46-5.44V6.44 C19.01,3.44,16.56,1,13.55,1z M17.5,14c0,1.93-1.57,3.5-3.5,3.5H6c-1.93,0-3.5-1.57-3.5-3.5V6c0-1.93,1.57-3.5,3.5-3.5h8 c1.93,0,3.5,1.57,3.5,3.5V14z\"><\/path><circle cx=\"14.87\" cy=\"5.26\" r=\"1.09\"><\/circle><path d=\"M10.03,5.45c-2.55,0-4.63,2.06-4.63,4.6c0,2.55,2.07,4.61,4.63,4.61c2.56,0,4.63-2.061,4.63-4.61 C14.65,7.51,12.58,5.45,10.03,5.45L10.03,5.45L10.03,5.45z M10.08,13c-1.66,0-3-1.34-3-2.99c0-1.65,1.34-2.99,3-2.99s3,1.34,3,2.99 C13.08,11.66,11.74,13,10.08,13L10.08,13L10.08,13z\"><\/path><\/svg><\/a><\/p>\n<\/div>\n<h2><span style=\"color: #393938;\">L&rsquo;\u00e9quipe<\/span><\/h2>\n<ul>\n<li>\n<p><img decoding=\"async\" src=\"\/visuels-tg\/portrait-tomy.jpg\" alt=\"\"><\/p>\n<h3>Tomy Gousset<\/h3>\n<p>Chef de cuisine<\/p>\n<div>\n<p>Tomy Gousset ouvre son premier restaurant Tomy and co en septembre 2016. Cette liaison &#8211; &amp;co &#8211; est alors LE symbole coh\u00e9rent et \u00e9vident\u2026<\/p>\n<p><a href=\"\/tomy-and-co\/le-chef\">Lire la bio<\/a><\/p>\n<\/div>\n<\/li>\n<li>\n<p><img decoding=\"async\" src=\"\/tomy-and-co\/wp-content\/uploads\/sites\/5\/2024\/10\/jee.jpg\" alt=\"\"><\/p>\n<h3>Jee Yeon Leem <\/h3>\n<p>Sous-chef de cuisine<\/p>\n<div>\n<p>Jee a b\u00e9n\u00e9fici\u00e9 d&rsquo;une belle exp\u00e9rience en p\u00e2tisserie boutique et dans de grands restaurants parisiens, elle est parmi nous depuis 4 ans d\u00e9j\u00e0, elle a pris la position de sous-cheffe de cuisine, une belle \u00e9volution pour elle !<\/p>\n<\/div>\n<\/li>\n<li>\n<p><img decoding=\"async\" src=\"\/tomy-and-co\/wp-content\/uploads\/sites\/5\/2024\/10\/kenta.jpg\" alt=\"\"><\/p>\n<h3>Kenta Morimoto <\/h3>\n<p>Directeur de salle<\/p>\n<div>\n<p>Passionn\u00e9s de vin et de gastronomie Kenta et son \u00e9quipe vous accueilleront dans notre restaurant cosy pour un moment de qualit\u00e9 hors du temps.<\/p>\n<\/div>\n<\/li>\n<\/ul>\n<p><!--more--><br \/>\n<!-- {\"type\":\"layout\",\"children\":[{\"type\":\"section\",\"props\":{\"animation\":\"fade\",\"image_position\":\"center-center\",\"padding_remove_bottom\":true,\"padding_remove_top\":true,\"style\":\"default\",\"title_breakpoint\":\"xl\",\"title_position\":\"top-left\",\"title_rotation\":\"left\",\"vertical_align\":\"middle\",\"width\":\"\"},\"children\":[{\"type\":\"row\",\"props\":{\"column_gap\":\"collapse\",\"layout\":\"1-4,3-4\",\"row_gap\":\"collapse\"},\"children\":[{\"type\":\"column\",\"props\":{\"image\":\"\\\/visuels-tg\\\/pave-tomy-etoile.png\",\"image_effect\":\"parallax\",\"image_parallax_bgx\":\"0,-0\",\"image_parallax_bgy\":\"0,0\",\"image_parallax_easing\":\"1\",\"image_position\":\"top-center\",\"image_size\":\"contain\",\"media_visibility\":\"m\",\"position_sticky_breakpoint\":\"m\",\"style\":\"tile-secondary\",\"width_medium\":\"1-4\"},\"children\":[{\"type\":\"image\",\"props\":{\"animation\":\"fade\",\"container_padding_remove\":true,\"image\":\"\\\/visuels-tg\\\/pave-hugo-blank.png\",\"image_svg_color\":\"emphasis\",\"link\":\"\\\/tomy-and-co\\\/\",\"margin\":\"remove-vertical\",\"text_align\":\"center\",\"visibility\":\"m\"}},{\"type\":\"list\",\"props\":{\"animation\":\"slide-left\",\"class\":\"menuhugo\",\"column_breakpoint\":\"m\",\"content_style\":\"text-bold\",\"css\":\".menuhugo {color:#538447;\",\"image_align\":\"left\",\"image_svg_color\":\"emphasis\",\"image_vertical_align\":true,\"list_element\":\"ul\",\"list_horizontal_separator\":\", \",\"list_type\":\"vertical\",\"show_image\":true,\"show_link\":true,\"text_align\":\"left\",\"visibility\":\"m\"},\"children\":[{\"type\":\"list_item\",\"props\":{\"content\":\"LE RESTAURANT\",\"link\":\"\\\/tomy-and-co\\\/le-restaurant\"}},{\"type\":\"list_item\",\"props\":{\"content\":\"LE CHEF\",\"image\":\"\",\"link\":\"\\\/tomy-and-co\\\/le-chef\"}},{\"type\":\"list_item\",\"props\":{\"content\":\"L'\\u00c9QUIPE\",\"link\":\"\\\/tomy-and-co\\\/equipe\"}},{\"type\":\"list_item\",\"props\":{\"content\":\"LA CARTE\",\"link\":\"\\\/tomy-and-co\\\/la-carte\"}},{\"type\":\"list_item\",\"props\":{\"content\":\"S'Y RENDRE\",\"link\":\"\\\/tomy-and-co\\\/situation\"}},{\"type\":\"list_item\",\"props\":{\"content\":\"NOUS SUIVRE\",\"link\":\"\\\/tomy-and-co\\\/nous-suivre\\\/\"}}]},{\"type\":\"button\",\"props\":{\"animation\":\"slide-left\",\"button_size\":\"small\",\"grid_column_gap\":\"small\",\"grid_row_gap\":\"small\",\"margin\":\"default\",\"visibility\":\"m\"},\"children\":[{\"type\":\"button_item\",\"props\":{\"button_style\":\"default\",\"content\":\"R\\u00e9server\",\"icon_align\":\"left\",\"link\":\"reserver\"}},{\"type\":\"button_item\",\"props\":{\"button_style\":\"secondary\",\"content\":\"VID\\u00c9O\",\"icon\":\"play-circle\",\"icon_align\":\"left\",\"lightbox_height\":\"540\",\"lightbox_width\":\"960\",\"link\":\"https:\\\/\\\/vimeo.com\\\/360331129\",\"link_target\":\"modal\"}},{\"type\":\"button_item\",\"props\":{\"button_style\":\"link-muted\",\"content\":\"S'abonner \\u00e0 notre newsletter\",\"icon\":\"mail\",\"icon_align\":\"left\",\"lightbox_height\":\"540\",\"lightbox_width\":\"960\",\"link\":\"https:\\\/\\\/leadfoxcloud.com\\\/public\\\/5e206b98bd03b306dd3021ae\\\/\",\"link_target\":\"modal\"}}],\"name\":\"LIENS3\"},{\"type\":\"text\",\"props\":{\"column_breakpoint\":\"m\",\"content\":\"\n\n<p style=\\\"font-size: 0.8em;\\\">Du lundi au vendredi<br \\\/>12h00 &gt; 13h30<br \\\/>19h15 &gt; 21h30<\\\/p>\",\"margin\":\"default\",\"visibility\":\"m\"}},{\"type\":\"text\",\"props\":{\"column_breakpoint\":\"m\",\"content\":\"\n\n<p style=\\\"font-size: 0.8em;\\\">22 rue Surcouf<br \\\/>75007 Paris<\\\/p>\\n\n\n<p>T. 01 45 51 46 93<\\\/p>\",\"margin\":\"default\",\"visibility\":\"m\"}},{\"type\":\"divider\",\"props\":{\"divider_element\":\"hr\",\"visibility\":\"m\"}},{\"type\":\"text\",\"props\":{\"column_breakpoint\":\"m\",\"content\":\"\n\n<p>Restez en contact\\u2026<\\\/p>\",\"margin\":\"small\",\"margin_remove_bottom\":true,\"margin_remove_top\":false,\"text_style\":\"meta\",\"visibility\":\"m\"}},{\"type\":\"text\",\"props\":{\"column_breakpoint\":\"m\",\"content\":\"\n\n<p style=\\\"font-size:0.8em;\\\"><a href=\\\"https:\\\/\\\/www.tomygousset.com\\\" target=\\\"_blank\\\" rel=\\\"noopener\\\">< Site Tomy Gousset <\\\/a> \\\/ <a class=\\\"el-link uk-link-muted uk-icon customize-unpreviewable\\\" target=\\\"_blank\\\" href=\\\"https:\\\/\\\/www.facebook.com\\\/tomyandco\\\/\\\" uk-icon=\\\"icon: facebook;\\\"><svg width=\\\"20\\\" height=\\\"20\\\" viewBox=\\\"0 0 20 20\\\" xmlns=\\\"http:\\\/\\\/www.w3.org\\\/2000\\\/svg\\\" data-svg=\\\"facebook\\\"><path d=\\\"M11,10h2.6l0.4-3H11V5.3c0-0.9,0.2-1.5,1.5-1.5H14V1.1c-0.3,0-1-0.1-2.1-0.1C9.6,1,8,2.4,8,5v2H5.5v3H8v8h3V10z\\\"><\\\/path><\\\/svg><\\\/a> <a class=\\\"el-link uk-link-muted uk-icon customize-unpreviewable\\\" target=\\\"_blank\\\" href=\\\"https:\\\/\\\/www.instagram.com\\\/tomy&co\\\/\\\" uk-icon=\\\"icon: instagram;\\\"><svg width=\\\"20\\\" height=\\\"20\\\" viewBox=\\\"0 0 20 20\\\" xmlns=\\\"http:\\\/\\\/www.w3.org\\\/2000\\\/svg\\\" data-svg=\\\"instagram\\\"><path d=\\\"M13.55,1H6.46C3.45,1,1,3.44,1,6.44v7.12c0,3,2.45,5.44,5.46,5.44h7.08c3.02,0,5.46-2.44,5.46-5.44V6.44 C19.01,3.44,16.56,1,13.55,1z M17.5,14c0,1.93-1.57,3.5-3.5,3.5H6c-1.93,0-3.5-1.57-3.5-3.5V6c0-1.93,1.57-3.5,3.5-3.5h8 c1.93,0,3.5,1.57,3.5,3.5V14z\\\"><\\\/path><circle cx=\\\"14.87\\\" cy=\\\"5.26\\\" r=\\\"1.09\\\"><\\\/circle><path d=\\\"M10.03,5.45c-2.55,0-4.63,2.06-4.63,4.6c0,2.55,2.07,4.61,4.63,4.61c2.56,0,4.63-2.061,4.63-4.61 C14.65,7.51,12.58,5.45,10.03,5.45L10.03,5.45L10.03,5.45z M10.08,13c-1.66,0-3-1.34-3-2.99c0-1.65,1.34-2.99,3-2.99s3,1.34,3,2.99 C13.08,11.66,11.74,13,10.08,13L10.08,13L10.08,13z\\\"><\\\/path><\\\/svg><\\\/a><\\\/p>\",\"margin\":\"remove-vertical\",\"margin_remove_bottom\":true,\"margin_remove_top\":true,\"text_style\":\"meta\",\"visibility\":\"m\"}}]},{\"type\":\"column\",\"props\":{\"image\":\"\\\/visuels-tg\\\/fond-carte.png\",\"image_position\":\"center-center\",\"image_size\":\"cover\",\"padding\":\"small\",\"position_sticky_breakpoint\":\"m\",\"width_medium\":\"3-4\"},\"children\":[{\"type\":\"headline\",\"props\":{\"animation\":\"fade\",\"content\":\"<span style=\\\"color: #393938;\\\">L'\\u00e9quipe<\\\/span>\",\"margin\":\"large\",\"text_align\":\"right\",\"title_element\":\"h2\",\"title_style\":\"h1\"}},{\"type\":\"grid\",\"props\":{\"animation\":\"slide-top-medium\",\"content_column_breakpoint\":\"m\",\"filter_align\":\"left\",\"filter_all\":true,\"filter_grid_breakpoint\":\"m\",\"filter_grid_width\":\"auto\",\"filter_position\":\"top\",\"filter_style\":\"tab\",\"grid_default\":\"1\",\"grid_large\":\"3\",\"grid_medium\":\"3\",\"grid_small\":\"2\",\"grid_xlarge\":\"3\",\"icon_width\":80,\"image_align\":\"top\",\"image_grid_breakpoint\":\"m\",\"image_grid_width\":\"1-2\",\"image_svg_color\":\"emphasis\",\"item_animation\":true,\"link_style\":\"default\",\"link_text\":\"Read more\",\"margin\":\"default\",\"meta_align\":\"above-title\",\"meta_color\":\"primary\",\"meta_element\":\"div\",\"meta_style\":\"h6\",\"panel_padding\":\"small\",\"panel_style\":\"card-default\",\"parallax_easing\":\"1\",\"show_content\":true,\"show_image\":true,\"show_link\":false,\"show_meta\":true,\"show_title\":true,\"title_align\":\"top\",\"title_element\":\"h3\",\"title_grid_breakpoint\":\"m\",\"title_grid_width\":\"1-2\",\"title_hover_style\":\"reset\"},\"children\":[{\"type\":\"grid_item\",\"props\":{\"content\":\"\n\n<p>Tomy Gousset ouvre son premier restaurant Tomy and co en septembre 2016. Cette liaison - &amp;co - est alors LE symbole coh\\u00e9rent et \\u00e9vident\\u2026<\\\/p>\\n\n\n<p><a href=\\\"\\\/tomy-and-co\\\/le-chef\\\">Lire la bio<\\\/a><\\\/p>\",\"image\":\"\\\/visuels-tg\\\/portrait-tomy.jpg\",\"meta\":\"Chef de cuisine\",\"title\":\"Tomy Gousset\"}},{\"type\":\"grid_item\",\"props\":{\"content\":\"\n\n<p>Jee a b\\u00e9n\\u00e9fici\\u00e9 d'une belle exp\\u00e9rience en p\\u00e2tisserie boutique et dans de grands restaurants parisiens, elle est parmi nous depuis 4 ans d\\u00e9j\\u00e0, elle a pris la position de sous-cheffe de cuisine, une belle \\u00e9volution pour elle !<\\\/p>\",\"image\":\"wp-content\\\/uploads\\\/sites\\\/5\\\/2024\\\/10\\\/jee.jpg\",\"meta\":\"Sous-chef de cuisine\",\"title\":\"Jee Yeon Leem \"}},{\"type\":\"grid_item\",\"props\":{\"content\":\"\n\n<p>Passionn\\u00e9s de vin et de gastronomie Kenta et son \\u00e9quipe vous accueilleront dans notre restaurant cosy pour un moment de qualit\\u00e9 hors du temps.<\\\/p>\",\"image\":\"wp-content\\\/uploads\\\/sites\\\/5\\\/2024\\\/10\\\/kenta.jpg\",\"meta\":\"Directeur de salle\",\"title\":\"Kenta Morimoto \"}}]}]}]},{\"type\":\"row\",\"props\":{\"status\":\"disabled\"},\"children\":[{\"type\":\"column\",\"props\":{\"image_position\":\"center-center\",\"position_sticky_breakpoint\":\"m\",\"width_medium\":\"1-1\"},\"children\":[{\"type\":\"grid\",\"props\":{\"animation\":\"slide-top-medium\",\"content_column_breakpoint\":\"m\",\"filter_align\":\"left\",\"filter_all\":true,\"filter_grid_breakpoint\":\"m\",\"filter_grid_width\":\"auto\",\"filter_position\":\"top\",\"filter_style\":\"tab\",\"grid_default\":\"1\",\"grid_large\":\"3\",\"grid_medium\":\"3\",\"grid_small\":\"2\",\"grid_xlarge\":\"3\",\"icon_width\":80,\"image_align\":\"top\",\"image_grid_breakpoint\":\"m\",\"image_grid_width\":\"1-2\",\"image_svg_color\":\"emphasis\",\"item_animation\":true,\"link_style\":\"default\",\"link_text\":\"Read more\",\"margin\":\"default\",\"meta_align\":\"above-title\",\"meta_color\":\"primary\",\"meta_element\":\"div\",\"meta_style\":\"h6\",\"panel_padding\":\"small\",\"panel_style\":\"card-default\",\"parallax_easing\":\"1\",\"show_content\":true,\"show_image\":true,\"show_link\":false,\"show_meta\":true,\"show_title\":true,\"title_align\":\"top\",\"title_element\":\"h3\",\"title_grid_breakpoint\":\"m\",\"title_grid_width\":\"1-2\",\"title_hover_style\":\"reset\"},\"children\":[{\"type\":\"grid_item\",\"props\":{\"content\":\"\n\n<p>Tomy Gousset ouvre son premier restaurant Tomy and co en septembre 2016. Cette liaison - &amp;co - est alors LE symbole coh\\u00e9rent et \\u00e9vident\\u2026<\\\/p>\\n\n\n<p><a href=\\\"\\\/tomy-and-co\\\/le-chef\\\">Lire la bio<\\\/a><\\\/p>\",\"image\":\"\\\/visuels-tg\\\/portrait-tomy.jpg\",\"meta\":\"Chef de cuisine\",\"title\":\"Tomy Gousset\"}},{\"type\":\"grid_item\",\"props\":{\"content\":\"\n\n<p>Jeune chef dynamique et plein d'id\\u00e9es \\u00e0 l'avenir prometteur.<\\\/p>\",\"image\":\"wp-content\\\/uploads\\\/sites\\\/5\\\/2021\\\/08\\\/piotto.jpg\",\"meta\":\"Sous-chef de cuisine\",\"title\":\"Thibault Piotto\"}},{\"type\":\"grid_item\",\"props\":{\"content\":\"\n\n<p>Kevin Ficat a rejoint la Team depuis la cr\\u00e9ation du restaurant en 2016, apr\\u00e8s avoir fait ses preuves chez Tomy&amp;co il est pass\\u00e9 directeur du restaurant Hugo&amp;co d\\u00e8s son ouverture (Paris 5). <br \\\/>Il revient donc l\\u00e0 o\\u00f9 il a commenc\\u00e9 fort de cette exp\\u00e9rience et pr\\u00eat \\u00e0 relever un nouveau d\\u00e9fis<\\\/p>\",\"image\":\"wp-content\\\/uploads\\\/sites\\\/5\\\/2022\\\/04\\\/ficat2.jpg\",\"meta\":\"Directeur associ\\u00e9 - Sommelier\",\"title\":\"Kevin Ficat\"}}]}]}]}]}],\"version\":\"4.3.6\"} --><\/p>\n","protected":false},"excerpt":{"rendered":"<p>LE RESTAURANT LE CHEF L&rsquo;\u00c9QUIPE LA CARTE S&rsquo;Y RENDRE NOUS SUIVRE R\u00e9server VID\u00c9O S&rsquo;abonner \u00e0 notre newsletter Du lundi au vendredi12h00 &gt; 13h3019h15 &gt; 21h30 22 rue Surcouf75007 Paris T. 01 45 51 46 93 Restez en contact\u2026 < Site Tomy Gousset \/ L&rsquo;\u00e9quipe Tomy Gousset Chef de cuisine Tomy Gousset ouvre son premier restaurant [&hellip;]\n<\/p>\n","protected":false},"author":1,"featured_media":0,"parent":0,"menu_order":0,"comment_status":"closed","ping_status":"closed","template":"","meta":{"_monsterinsights_skip_tracking":false,"_monsterinsights_sitenote_active":false,"_monsterinsights_sitenote_note":"","_monsterinsights_sitenote_category":0,"footnotes":""},"class_list":["post-114","page","type-page","status-publish","hentry"],"_links":{"self":[{"href":"https:\/\/tomygousset.com\/tomy-and-co\/wp-json\/wp\/v2\/pages\/114","targetHints":{"allow":["GET"]}}],"collection":[{"href":"https:\/\/tomygousset.com\/tomy-and-co\/wp-json\/wp\/v2\/pages"}],"about":[{"href":"https:\/\/tomygousset.com\/tomy-and-co\/wp-json\/wp\/v2\/types\/page"}],"author":[{"embeddable":true,"href":"https:\/\/tomygousset.com\/tomy-and-co\/wp-json\/wp\/v2\/users\/1"}],"replies":[{"embeddable":true,"href":"https:\/\/tomygousset.com\/tomy-and-co\/wp-json\/wp\/v2\/comments?post=114"}],"version-history":[{"count":0,"href":"https:\/\/tomygousset.com\/tomy-and-co\/wp-json\/wp\/v2\/pages\/114\/revisions"}],"wp:attachment":[{"href":"https:\/\/tomygousset.com\/tomy-and-co\/wp-json\/wp\/v2\/media?parent=114"}],"curies":[{"name":"wp","href":"https:\/\/api.w.org\/{rel}","templated":true}]}}