{"id":7,"date":"2019-03-15T09:48:41","date_gmt":"2019-03-15T08:48:41","guid":{"rendered":"http:\/\/tomygousset.s26722.manumartin.atester.fr\/tomy-and-co\/?page_id=7"},"modified":"2025-07-04T15:28:29","modified_gmt":"2025-07-04T13:28:29","slug":"accueil","status":"publish","type":"page","link":"https:\/\/tomygousset.com\/tomy-and-co\/","title":{"rendered":"Accueil"},"content":{"rendered":"<p><a href=\"\/tomy-and-co\/\"><img decoding=\"async\" src=\"\/visuels-tg\/pave-hugo-blank.png\" alt=\"\"><\/a><\/p>\n<ul>\n<li>\n<p><a href=\"\/tomy-and-co\/le-restaurant\">LE RESTAURANT<\/a><\/p>\n<\/li>\n<li>\n<p><a href=\"\/tomy-and-co\/le-chef\">LE CHEF<\/a><\/p>\n<\/li>\n<li>\n<p><a href=\"\/tomy-and-co\/equipe\">L&rsquo;\u00c9QUIPE<\/a><\/p>\n<\/li>\n<li>\n<p><a href=\"\/tomy-and-co\/la-carte\">LA CARTE<\/a><\/p>\n<\/li>\n<li>\n<p><a href=\"\/tomy-and-co\/situation\">S&rsquo;Y RENDRE<\/a><\/p>\n<\/li>\n<li>\n<p><a href=\"\/tomy-and-co\/nous-suivre\/\">NOUS SUIVRE<\/a><\/p>\n<\/li>\n<\/ul>\n<ul>\n<li>\n        <a href=\"\/tomy-and-co\/reserver\">R\u00e9server<\/a>\n    <\/li>\n<li>\n        <a href=\"https:\/\/vimeo.com\/360331129\">VID\u00c9O<\/a>\n    <\/li>\n<li>\n        <a href=\"https:\/\/leadfoxcloud.com\/public\/5e206b98bd03b306dd3021ae\/\">S&rsquo;abonner \u00e0 notre newsletter<\/a>\n    <\/li>\n<\/ul>\n<div>\n<p style=\"font-size: 0.8em;\">Du lundi au vendredi<br \/>12h00 &gt; 13h30<br \/>19h15 &gt; 21h30<\/p>\n<\/div>\n<div>\n<p style=\"font-size: 0.8em;\">22 rue Surcouf<br \/>75007 Paris<\/p>\n<p>T. 01 45 51 46 93<\/p>\n<\/div>\n<hr>\n<div>\n<p>Restez en contact\u2026<\/p>\n<\/div>\n<div>\n<p style=\"font-size:0.8em;\"><a href=\"https:\/\/www.tomygousset.com\" target=\"_blank\" rel=\"noopener\">< Site Tomy Gousset <\/a> \/ <a class=\"el-link uk-link-muted uk-icon customize-unpreviewable\" target=\"_blank\" href=\"https:\/\/www.facebook.com\/tomyandco\/\" uk-icon=\"icon: facebook;\"><svg width=\"20\" height=\"20\" viewBox=\"0 0 20 20\" xmlns=\"http:\/\/www.w3.org\/2000\/svg\" data-svg=\"facebook\"><path d=\"M11,10h2.6l0.4-3H11V5.3c0-0.9,0.2-1.5,1.5-1.5H14V1.1c-0.3,0-1-0.1-2.1-0.1C9.6,1,8,2.4,8,5v2H5.5v3H8v8h3V10z\"><\/path><\/svg><\/a> <a class=\"el-link uk-link-muted uk-icon customize-unpreviewable\" target=\"_blank\" href=\"https:\/\/www.instagram.com\/tomy&#038;co\/\" uk-icon=\"icon: instagram;\"><svg width=\"20\" height=\"20\" viewBox=\"0 0 20 20\" xmlns=\"http:\/\/www.w3.org\/2000\/svg\" data-svg=\"instagram\"><path d=\"M13.55,1H6.46C3.45,1,1,3.44,1,6.44v7.12c0,3,2.45,5.44,5.46,5.44h7.08c3.02,0,5.46-2.44,5.46-5.44V6.44 C19.01,3.44,16.56,1,13.55,1z M17.5,14c0,1.93-1.57,3.5-3.5,3.5H6c-1.93,0-3.5-1.57-3.5-3.5V6c0-1.93,1.57-3.5,3.5-3.5h8 c1.93,0,3.5,1.57,3.5,3.5V14z\"><\/path><circle cx=\"14.87\" cy=\"5.26\" r=\"1.09\"><\/circle><path d=\"M10.03,5.45c-2.55,0-4.63,2.06-4.63,4.6c0,2.55,2.07,4.61,4.63,4.61c2.56,0,4.63-2.061,4.63-4.61 C14.65,7.51,12.58,5.45,10.03,5.45L10.03,5.45L10.03,5.45z M10.08,13c-1.66,0-3-1.34-3-2.99c0-1.65,1.34-2.99,3-2.99s3,1.34,3,2.99 C13.08,11.66,11.74,13,10.08,13L10.08,13L10.08,13z\"><\/path><\/svg><\/a><\/p>\n<\/div>\n<p><iframe src=\"https:\/\/vimeo.com\/1098724165\"><\/iframe><\/p>\n<div>\n<h3>Ch\u00e8ques cadeaux<\/h3>\n<div>\n<p>Offrez \u00e0 vos proches une exp\u00e9rience gastronomique chez le chef Tomy Gousset<\/p>\n<\/div>\n<p><a href=\"https:\/\/bookings.zenchef.com\/shop?rid=362643\">Cliquez ici<\/a><\/p>\n<\/div>\n<ul>\n<li>\n<p>        <img decoding=\"async\" src=\"\/tomy-and-co\/wp-content\/uploads\/sites\/5\/2025\/07\/chefTomy.jpg\" alt=\"\"><\/p>\n<h1>Life is food<\/h1>\n<\/li>\n<li>\n<p>        <img decoding=\"async\" src=\"\/tomy-and-co\/wp-content\/uploads\/sites\/5\/2025\/06\/TG01.jpg\" alt=\"\"><\/p>\n<h1>Life is food<\/h1>\n<\/li>\n<li>\n<p>        <img decoding=\"async\" src=\"\/tomy-and-co\/wp-content\/uploads\/sites\/5\/2025\/06\/TG02.jpg\" alt=\"\"><\/p>\n<h1>Life is food<\/h1>\n<\/li>\n<li>\n<p>        <img decoding=\"async\" src=\"\/tomy-and-co\/wp-content\/uploads\/sites\/5\/2025\/06\/TG03.jpg\" alt=\"\"><\/p>\n<h1>Life is food<\/h1>\n<\/li>\n<li>\n<p>        <img decoding=\"async\" src=\"\/tomy-and-co\/wp-content\/uploads\/sites\/5\/2025\/06\/TG04.jpg\" alt=\"\"><\/p>\n<h1>Life is food<\/h1>\n<\/li>\n<li>\n<p>        <img decoding=\"async\" src=\"\/tomy-and-co\/wp-content\/uploads\/sites\/5\/2025\/06\/TG05.jpg\" alt=\"\"><\/p>\n<h1>Life is food<\/h1>\n<\/li>\n<li>\n<p>        <img decoding=\"async\" src=\"\/tomy-and-co\/wp-content\/uploads\/sites\/5\/2025\/06\/TG07.jpg\" alt=\"\"><\/p>\n<h1>Life is food<\/h1>\n<\/li>\n<li>\n<p>        <img decoding=\"async\" src=\"\/tomy-and-co\/wp-content\/uploads\/sites\/5\/2025\/06\/TG08.jpg\" alt=\"\"><\/p>\n<h1>Life is food<\/h1>\n<\/li>\n<\/ul>\n<p><!--more--><br \/>\n<!-- {\"type\":\"layout\",\"children\":[{\"type\":\"section\",\"props\":{\"image_position\":\"center-center\",\"padding_remove_bottom\":true,\"padding_remove_top\":true,\"style\":\"primary\",\"title_breakpoint\":\"xl\",\"title_position\":\"top-left\",\"title_rotation\":\"left\",\"vertical_align\":\"\",\"width\":\"\"},\"children\":[{\"type\":\"row\",\"props\":{\"column_gap\":\"collapse\",\"layout\":\"1-4,3-4\",\"margin_remove_bottom\":false,\"margin_remove_top\":false,\"match\":false,\"row_gap\":\"collapse\"},\"children\":[{\"type\":\"column\",\"props\":{\"image\":\"\\\/visuels-tg\\\/pave-tomy-etoile.png\",\"image_position\":\"top-center\",\"image_size\":\"contain\",\"media_visibility\":\"m\",\"position_sticky_breakpoint\":\"m\",\"style\":\"tile-secondary\",\"width_medium\":\"1-4\"},\"children\":[{\"type\":\"image\",\"props\":{\"animation\":\"fade\",\"container_padding_remove\":true,\"image\":\"\\\/visuels-tg\\\/pave-hugo-blank.png\",\"image_svg_color\":\"emphasis\",\"link\":\"\\\/tomy-and-co\\\/\",\"margin\":\"remove-vertical\",\"text_align\":\"center\",\"visibility\":\"m\"}},{\"type\":\"list\",\"props\":{\"animation\":\"slide-left\",\"class\":\"menuhugo\",\"column_breakpoint\":\"m\",\"content_style\":\"text-bold\",\"css\":\".menuhugo {color:#538447;\",\"image_align\":\"left\",\"image_svg_color\":\"emphasis\",\"image_vertical_align\":true,\"list_element\":\"ul\",\"list_horizontal_separator\":\", \",\"list_type\":\"vertical\",\"show_image\":true,\"show_link\":true,\"text_align\":\"left\",\"visibility\":\"m\"},\"children\":[{\"type\":\"list_item\",\"props\":{\"content\":\"LE RESTAURANT\",\"link\":\"\\\/tomy-and-co\\\/le-restaurant\"}},{\"type\":\"list_item\",\"props\":{\"content\":\"LE CHEF\",\"image\":\"\",\"link\":\"\\\/tomy-and-co\\\/le-chef\"}},{\"type\":\"list_item\",\"props\":{\"content\":\"L'\\u00c9QUIPE\",\"link\":\"\\\/tomy-and-co\\\/equipe\"}},{\"type\":\"list_item\",\"props\":{\"content\":\"LA CARTE\",\"link\":\"\\\/tomy-and-co\\\/la-carte\"}},{\"type\":\"list_item\",\"props\":{\"content\":\"S'Y RENDRE\",\"link\":\"\\\/tomy-and-co\\\/situation\"}},{\"type\":\"list_item\",\"props\":{\"content\":\"NOUS SUIVRE\",\"link\":\"\\\/tomy-and-co\\\/nous-suivre\\\/\"}}]},{\"type\":\"button\",\"props\":{\"animation\":\"slide-left\",\"button_size\":\"small\",\"grid_column_gap\":\"small\",\"grid_row_gap\":\"small\",\"margin\":\"default\",\"visibility\":\"m\"},\"children\":[{\"type\":\"button_item\",\"props\":{\"button_style\":\"default\",\"content\":\"R\\u00e9server\",\"icon_align\":\"left\",\"link\":\"reserver\"}},{\"type\":\"button_item\",\"props\":{\"button_style\":\"secondary\",\"content\":\"VID\\u00c9O\",\"icon\":\"play-circle\",\"icon_align\":\"left\",\"lightbox_height\":\"540\",\"lightbox_width\":\"960\",\"link\":\"https:\\\/\\\/vimeo.com\\\/360331129\",\"link_target\":\"modal\"}},{\"type\":\"button_item\",\"props\":{\"button_style\":\"link-muted\",\"content\":\"S'abonner \\u00e0 notre newsletter\",\"icon\":\"mail\",\"icon_align\":\"left\",\"lightbox_height\":\"540\",\"lightbox_width\":\"960\",\"link\":\"https:\\\/\\\/leadfoxcloud.com\\\/public\\\/5e206b98bd03b306dd3021ae\\\/\",\"link_target\":\"modal\"}}]},{\"type\":\"text\",\"props\":{\"column_breakpoint\":\"m\",\"content\":\"\n\n<p style=\\\"font-size: 0.8em;\\\">Du lundi au vendredi<br \\\/>12h00 &gt; 13h30<br \\\/>19h15 &gt; 21h30<\\\/p>\",\"margin\":\"default\",\"visibility\":\"m\"}},{\"type\":\"text\",\"props\":{\"column_breakpoint\":\"m\",\"content\":\"\n\n<p style=\\\"font-size: 0.8em;\\\">22 rue Surcouf<br \\\/>75007 Paris<\\\/p>\\n\n\n<p>T. 01 45 51 46 93<\\\/p>\",\"margin\":\"default\",\"visibility\":\"m\"}},{\"type\":\"divider\",\"props\":{\"divider_element\":\"hr\",\"visibility\":\"m\"}},{\"type\":\"text\",\"props\":{\"column_breakpoint\":\"m\",\"content\":\"\n\n<p>Restez en contact\\u2026<\\\/p>\",\"margin\":\"small\",\"margin_remove_bottom\":true,\"margin_remove_top\":false,\"text_style\":\"meta\",\"visibility\":\"m\"}},{\"type\":\"text\",\"props\":{\"column_breakpoint\":\"m\",\"content\":\"\n\n<p style=\\\"font-size:0.8em;\\\"><a href=\\\"https:\\\/\\\/www.tomygousset.com\\\" target=\\\"_blank\\\" rel=\\\"noopener\\\">< Site Tomy Gousset <\\\/a> \\\/ <a class=\\\"el-link uk-link-muted uk-icon customize-unpreviewable\\\" target=\\\"_blank\\\" href=\\\"https:\\\/\\\/www.facebook.com\\\/tomyandco\\\/\\\" uk-icon=\\\"icon: facebook;\\\"><svg width=\\\"20\\\" height=\\\"20\\\" viewBox=\\\"0 0 20 20\\\" xmlns=\\\"http:\\\/\\\/www.w3.org\\\/2000\\\/svg\\\" data-svg=\\\"facebook\\\"><path d=\\\"M11,10h2.6l0.4-3H11V5.3c0-0.9,0.2-1.5,1.5-1.5H14V1.1c-0.3,0-1-0.1-2.1-0.1C9.6,1,8,2.4,8,5v2H5.5v3H8v8h3V10z\\\"><\\\/path><\\\/svg><\\\/a> <a class=\\\"el-link uk-link-muted uk-icon customize-unpreviewable\\\" target=\\\"_blank\\\" href=\\\"https:\\\/\\\/www.instagram.com\\\/tomy&co\\\/\\\" uk-icon=\\\"icon: instagram;\\\"><svg width=\\\"20\\\" height=\\\"20\\\" viewBox=\\\"0 0 20 20\\\" xmlns=\\\"http:\\\/\\\/www.w3.org\\\/2000\\\/svg\\\" data-svg=\\\"instagram\\\"><path d=\\\"M13.55,1H6.46C3.45,1,1,3.44,1,6.44v7.12c0,3,2.45,5.44,5.46,5.44h7.08c3.02,0,5.46-2.44,5.46-5.44V6.44 C19.01,3.44,16.56,1,13.55,1z M17.5,14c0,1.93-1.57,3.5-3.5,3.5H6c-1.93,0-3.5-1.57-3.5-3.5V6c0-1.93,1.57-3.5,3.5-3.5h8 c1.93,0,3.5,1.57,3.5,3.5V14z\\\"><\\\/path><circle cx=\\\"14.87\\\" cy=\\\"5.26\\\" r=\\\"1.09\\\"><\\\/circle><path d=\\\"M10.03,5.45c-2.55,0-4.63,2.06-4.63,4.6c0,2.55,2.07,4.61,4.63,4.61c2.56,0,4.63-2.061,4.63-4.61 C14.65,7.51,12.58,5.45,10.03,5.45L10.03,5.45L10.03,5.45z M10.08,13c-1.66,0-3-1.34-3-2.99c0-1.65,1.34-2.99,3-2.99s3,1.34,3,2.99 C13.08,11.66,11.74,13,10.08,13L10.08,13L10.08,13z\\\"><\\\/path><\\\/svg><\\\/a><\\\/p>\",\"margin\":\"remove-vertical\",\"margin_remove_bottom\":true,\"margin_remove_top\":true,\"text_style\":\"meta\",\"visibility\":\"m\"}}]},{\"type\":\"column\",\"props\":{\"image_position\":\"center-center\",\"image_size\":\"cover\",\"padding\":\"none\",\"position_sticky_breakpoint\":\"m\",\"width_medium\":\"3-4\"},\"children\":[{\"type\":\"video\",\"props\":{\"animation\":\"none\",\"container_padding_remove\":false,\"margin\":\"remove-vertical\",\"text_align\":\"center\",\"video\":\"https:\\\/\\\/vimeo.com\\\/1098724165\",\"video_controls\":true,\"video_height\":\"1080\",\"video_width\":\"1920\"},\"name\":\"VV\"},{\"type\":\"video\",\"props\":{\"animation\":\"none\",\"container_padding_remove\":false,\"margin\":\"remove-vertical\",\"status\":\"disabled\",\"text_align\":\"center\",\"video\":\"https:\\\/\\\/vimeo.com\\\/1098724165\",\"video_controls\":true,\"video_height\":\"1080\",\"video_width\":\"1920\"},\"name\":\"VV\"},{\"type\":\"grid\",\"props\":{\"content_column_breakpoint\":\"m\",\"filter_align\":\"left\",\"filter_all\":true,\"filter_grid_breakpoint\":\"m\",\"filter_grid_width\":\"auto\",\"filter_position\":\"top\",\"filter_style\":\"tab\",\"grid_default\":\"1\",\"grid_medium\":\"\",\"icon_width\":80,\"image_align\":\"top\",\"image_grid_breakpoint\":\"m\",\"image_grid_width\":\"1-2\",\"image_svg_color\":\"emphasis\",\"item_animation\":true,\"link_style\":\"primary\",\"link_text\":\"Read more\",\"margin\":\"large\",\"meta_align\":\"below-title\",\"meta_element\":\"div\",\"meta_style\":\"text-meta\",\"show_content\":true,\"show_image\":true,\"show_link\":true,\"show_meta\":true,\"show_title\":true,\"text_align\":\"center\",\"title_align\":\"top\",\"title_element\":\"h3\",\"title_grid_breakpoint\":\"m\",\"title_grid_width\":\"1-2\",\"title_hover_style\":\"reset\"},\"children\":[{\"type\":\"grid_item\",\"props\":{\"content\":\"\n\n<p>Offrez \\u00e0 vos proches une exp\\u00e9rience gastronomique chez le chef Tomy Gousset<\\\/p>\",\"link\":\"https:\\\/\\\/bookings.zenchef.com\\\/shop?rid=362643\",\"link_text\":\"Cliquez ici\",\"title\":\"Ch\\u00e8ques cadeaux\"}}],\"name\":\"Ch\\u00e8ques cadeaux\"},{\"type\":\"slideshow\",\"props\":{\"link_style\":\"default\",\"link_text\":\"Read more\",\"margin\":\"remove-vertical\",\"meta_align\":\"below-title\",\"meta_element\":\"div\",\"meta_style\":\"text-meta\",\"nav\":\"\",\"nav_align\":\"center\",\"nav_breakpoint\":\"s\",\"nav_position\":\"bottom-center\",\"nav_position_margin\":\"\",\"overlay_animation\":\"parallax\",\"overlay_container\":\"expand\",\"overlay_position\":\"top-right\",\"overlay_width\":\"xlarge\",\"show_content\":false,\"show_link\":false,\"show_meta\":false,\"show_thumbnail\":false,\"show_title\":true,\"slidenav\":\"default\",\"slidenav_breakpoint\":\"s\",\"slidenav_margin\":\"medium\",\"slidenav_outside_breakpoint\":\"xl\",\"slideshow_animation\":\"fade\",\"slideshow_autoplay\":true,\"slideshow_autoplay_interval\":\"5\",\"slideshow_autoplay_pause\":true,\"slideshow_min_height\":300,\"slideshow_ratio\":\"9:16\",\"text_align\":\"right\",\"thumbnav_height\":\"75\",\"thumbnav_svg_color\":\"emphasis\",\"thumbnav_width\":\"100\",\"title_color\":\"muted\",\"title_element\":\"h1\",\"title_style\":\"h1\",\"visibility\":\"hidden-m\"},\"children\":[{\"type\":\"slideshow_item\",\"props\":{\"image\":\"wp-content\\\/uploads\\\/sites\\\/5\\\/2025\\\/07\\\/chefTomy.jpg\",\"title\":\"Life is food\"}},{\"type\":\"slideshow_item\",\"props\":{\"image\":\"wp-content\\\/uploads\\\/sites\\\/5\\\/2025\\\/06\\\/TG01.jpg\",\"title\":\"Life is food\"}},{\"type\":\"slideshow_item\",\"props\":{\"image\":\"wp-content\\\/uploads\\\/sites\\\/5\\\/2025\\\/06\\\/TG02.jpg\",\"title\":\"Life is food\"}},{\"type\":\"slideshow_item\",\"props\":{\"image\":\"wp-content\\\/uploads\\\/sites\\\/5\\\/2025\\\/06\\\/TG03.jpg\",\"title\":\"Life is food\"}},{\"type\":\"slideshow_item\",\"props\":{\"image\":\"wp-content\\\/uploads\\\/sites\\\/5\\\/2025\\\/06\\\/TG04.jpg\",\"title\":\"Life is food\"}},{\"type\":\"slideshow_item\",\"props\":{\"image\":\"wp-content\\\/uploads\\\/sites\\\/5\\\/2025\\\/06\\\/TG05.jpg\",\"title\":\"Life is food\"}},{\"type\":\"slideshow_item\",\"props\":{\"image\":\"wp-content\\\/uploads\\\/sites\\\/5\\\/2025\\\/06\\\/TG07.jpg\",\"title\":\"Life is food\"}},{\"type\":\"slideshow_item\",\"props\":{\"image\":\"wp-content\\\/uploads\\\/sites\\\/5\\\/2025\\\/06\\\/TG08.jpg\",\"title\":\"Life is food\"}}],\"name\":\"SlideshowTommy\"}]}]}],\"name\":\"hometomy\"}],\"version\":\"4.4.19\"} --><\/p>\n","protected":false},"excerpt":{"rendered":"<p>LE RESTAURANT LE CHEF L&rsquo;\u00c9QUIPE LA CARTE S&rsquo;Y RENDRE NOUS SUIVRE R\u00e9server VID\u00c9O S&rsquo;abonner \u00e0 notre newsletter Du lundi au vendredi12h00 &gt; 13h3019h15 &gt; 21h30 22 rue Surcouf75007 Paris T. 01 45 51 46 93 Restez en contact\u2026 < Site Tomy Gousset \/ Ch\u00e8ques cadeaux Offrez \u00e0 vos proches une exp\u00e9rience gastronomique chez le chef [&hellip;]\n<\/p>\n","protected":false},"author":1,"featured_media":0,"parent":0,"menu_order":0,"comment_status":"closed","ping_status":"closed","template":"","meta":{"_monsterinsights_skip_tracking":false,"_monsterinsights_sitenote_active":false,"_monsterinsights_sitenote_note":"","_monsterinsights_sitenote_category":0,"footnotes":""},"class_list":["post-7","page","type-page","status-publish","hentry"],"_links":{"self":[{"href":"https:\/\/tomygousset.com\/tomy-and-co\/wp-json\/wp\/v2\/pages\/7","targetHints":{"allow":["GET"]}}],"collection":[{"href":"https:\/\/tomygousset.com\/tomy-and-co\/wp-json\/wp\/v2\/pages"}],"about":[{"href":"https:\/\/tomygousset.com\/tomy-and-co\/wp-json\/wp\/v2\/types\/page"}],"author":[{"embeddable":true,"href":"https:\/\/tomygousset.com\/tomy-and-co\/wp-json\/wp\/v2\/users\/1"}],"replies":[{"embeddable":true,"href":"https:\/\/tomygousset.com\/tomy-and-co\/wp-json\/wp\/v2\/comments?post=7"}],"version-history":[{"count":0,"href":"https:\/\/tomygousset.com\/tomy-and-co\/wp-json\/wp\/v2\/pages\/7\/revisions"}],"wp:attachment":[{"href":"https:\/\/tomygousset.com\/tomy-and-co\/wp-json\/wp\/v2\/media?parent=7"}],"curies":[{"name":"wp","href":"https:\/\/api.w.org\/{rel}","templated":true}]}}