{"id":85,"date":"2019-03-15T13:20:46","date_gmt":"2019-03-15T12:20:46","guid":{"rendered":"http:\/\/tomygousset.s26722.manumartin.atester.fr\/tomy-and-co\/?page_id=85"},"modified":"2022-05-31T09:38:40","modified_gmt":"2022-05-31T07:38:40","slug":"situation","status":"publish","type":"page","link":"https:\/\/tomygousset.com\/tomy-and-co\/situation\/","title":{"rendered":"S&rsquo;y rendre"},"content":{"rendered":"<p><a href=\"\/tomy-and-co\/\"><img decoding=\"async\" src=\"\/visuels-tg\/pave-hugo-blank.png\" alt=\"\"><\/a><\/p>\n<ul>\n<li>\n<p><a href=\"\/tomy-and-co\/le-restaurant\">LE RESTAURANT<\/a><\/p>\n<\/li>\n<li>\n<p><a href=\"\/tomy-and-co\/le-chef\">LE CHEF<\/a><\/p>\n<\/li>\n<li>\n<p><a href=\"\/tomy-and-co\/equipe\">L&rsquo;\u00c9QUIPE<\/a><\/p>\n<\/li>\n<li>\n<p><a href=\"\/tomy-and-co\/la-carte\">LA CARTE<\/a><\/p>\n<\/li>\n<li>\n<p><a href=\"\/tomy-and-co\/situation\">S&rsquo;Y RENDRE<\/a><\/p>\n<\/li>\n<li>\n<p><a href=\"\/tomy-and-co\/nous-suivre\/\">NOUS SUIVRE<\/a><\/p>\n<\/li>\n<\/ul>\n<ul>\n<li>\n        <a href=\"reserver\">R\u00e9server<\/a>\n    <\/li>\n<li>\n        <a href=\"https:\/\/vimeo.com\/360331129\">VID\u00c9O<\/a>\n    <\/li>\n<li>\n        <a href=\"https:\/\/leadfoxcloud.com\/public\/5e206b98bd03b306dd3021ae\/\">S&rsquo;abonner \u00e0 notre newsletter<\/a>\n    <\/li>\n<\/ul>\n<div>\n<p style=\"font-size: 0.8em;\">Du lundi au vendredi<br \/>12h00 &gt; 13h30<br \/>19h15 &gt; 21h30<\/p>\n<\/div>\n<div>\n<p style=\"font-size: 0.8em;\">22 rue Surcouf &#8211; 75007 Paris<\/p>\n<p>T. 01 45 51 46 93<\/p>\n<\/div>\n<div>\n<p style=\"font-size:0.8em;\"><a href=\"https:\/\/www.tomygousset.com\" target=\"_blank\" rel=\"noopener\">< Site Tomy Gousset <\/a> \/ <a class=\"el-link uk-link-muted uk-icon customize-unpreviewable\" target=\"_blank\" href=\"https:\/\/www.facebook.com\/tomyandco\/\" uk-icon=\"icon: facebook;\"><svg width=\"20\" height=\"20\" viewBox=\"0 0 20 20\" xmlns=\"http:\/\/www.w3.org\/2000\/svg\" data-svg=\"facebook\"><path d=\"M11,10h2.6l0.4-3H11V5.3c0-0.9,0.2-1.5,1.5-1.5H14V1.1c-0.3,0-1-0.1-2.1-0.1C9.6,1,8,2.4,8,5v2H5.5v3H8v8h3V10z\"><\/path><\/svg><\/a> <a class=\"el-link uk-link-muted uk-icon customize-unpreviewable\" target=\"_blank\" href=\"https:\/\/www.instagram.com\/tomyandco\/\" uk-icon=\"icon: instagram;\"><svg width=\"20\" height=\"20\" viewBox=\"0 0 20 20\" xmlns=\"http:\/\/www.w3.org\/2000\/svg\" data-svg=\"instagram\"><path d=\"M13.55,1H6.46C3.45,1,1,3.44,1,6.44v7.12c0,3,2.45,5.44,5.46,5.44h7.08c3.02,0,5.46-2.44,5.46-5.44V6.44 C19.01,3.44,16.56,1,13.55,1z M17.5,14c0,1.93-1.57,3.5-3.5,3.5H6c-1.93,0-3.5-1.57-3.5-3.5V6c0-1.93,1.57-3.5,3.5-3.5h8 c1.93,0,3.5,1.57,3.5,3.5V14z\"><\/path><circle cx=\"14.87\" cy=\"5.26\" r=\"1.09\"><\/circle><path d=\"M10.03,5.45c-2.55,0-4.63,2.06-4.63,4.6c0,2.55,2.07,4.61,4.63,4.61c2.56,0,4.63-2.061,4.63-4.61 C14.65,7.51,12.58,5.45,10.03,5.45L10.03,5.45L10.03,5.45z M10.08,13c-1.66,0-3-1.34-3-2.99c0-1.65,1.34-2.99,3-2.99s3,1.34,3,2.99 C13.08,11.66,11.74,13,10.08,13L10.08,13L10.08,13z\"><\/path><\/svg><\/a><\/p>\n<\/div>\n<ul>\n<li>\n<p>        <a href=\"https:\/\/www.tomygousset.com\/tomy-and-co\/\"><img decoding=\"async\" src=\"https:\/\/www.tomygousset.com\/visuels-tg\/pave-tomy.png\" alt=\"Restaurant Tomy &#038; Co\"><\/a><\/p>\n<div>Restaurant Tomy &#038; Co<\/div>\n<\/li>\n<li>\n<p>        <a href=\"https:\/\/www.tomygousset.com\/hugo-and-co\/\"><img decoding=\"async\" src=\"https:\/\/www.tomygousset.com\/visuels-tg\/pave-hugo.png\" alt=\"Restaurant Hugo &#038; Co\"><\/a><\/p>\n<\/li>\n<li>\n<p>        <a href=\"https:\/\/www.tomygousset.com\/marso-and-co\/\"><img decoding=\"async\" src=\"https:\/\/www.tomygousset.com\/visuels-tg\/pave-marso.png\" alt=\"Restaurant Marso &#038; Co\"><\/a><\/p>\n<\/li>\n<\/ul>\n<div>\n<h3>Restaurant Tomy &#038; Co<\/h3>\n<div>\n<p style=\"text-align: center;\">22 rue Surcouf<br \/>75007 Paris<\/p>\n<p style=\"text-align: center;\">T. 01 45 51 46 93<\/p>\n<p style=\"text-align: center;\"><a href=\"https:\/\/goo.gl\/maps\/bdKPVe4C2Sx\" target=\"_blank\" rel=\"noopener\">Ouvrir dans gmap<\/a><\/p>\n<p style=\"text-align: center;\"><a href=\"https:\/\/www.tomygousset.com\/tomy-and-co\/reserver\" data-wplink-url-error=\"true\">R\u00e9server<\/a><\/p>\n<\/div>\n<p>48.8609,2.3093<\/p>\n<\/div>\n<p><!-- {\"type\":\"layout\",\"children\":[{\"type\":\"section\",\"props\":{\"style\":\"default\",\"width\":\"\",\"vertical_align\":\"middle\",\"title_position\":\"top-left\",\"title_rotation\":\"left\",\"title_breakpoint\":\"xl\",\"image_position\":\"center-center\",\"text_color\":\"\",\"width_expand\":\"\",\"height\":\"\",\"padding\":\"\",\"header_transparent\":\"\",\"animation\":\"\",\"padding_remove_top\":true,\"padding_remove_bottom\":true,\"title\":\"\"},\"children\":[{\"type\":\"row\",\"props\":{\"layout\":\",3-4\",\"breakpoint\":\"m\",\"fixed_width\":\"large\",\"gutter\":\"collapse\",\"width\":\"\",\"width_expand\":\"\",\"height\":\"\",\"margin\":\"\"},\"children\":[{\"type\":\"column\",\"props\":{\"widths\":[\"\"],\"image_position\":\"top-center\",\"media_overlay_gradient\":\"\",\"vertical_align\":\"\",\"style\":\"secondary\",\"text_color\":\"\",\"padding\":\"\",\"image\":\"\\\/visuels-tg\\\/pave-tomy-etoile.png\",\"image_size\":\"contain\",\"image_effect\":\"\",\"image_parallax_breakpoint\":\"\",\"image_visibility\":\"m\",\"media_blend_mode\":\"\"},\"children\":[{\"type\":\"image\",\"props\":{\"margin\":\"remove-vertical\",\"image_svg_color\":\"emphasis\",\"link_target\":\"\",\"image_border\":\"\",\"image_box_shadow\":\"\",\"image_hover_box_shadow\":\"\",\"image_box_decoration\":\"\",\"text_align\":\"center\",\"text_align_breakpoint\":\"\",\"text_align_fallback\":\"\",\"maxwidth\":\"\",\"maxwidth_align\":\"\",\"maxwidth_breakpoint\":\"\",\"animation\":\"fade\",\"visibility\":\"m\",\"image\":\"\\\/visuels-tg\\\/pave-hugo-blank.png\",\"link\":\"\\\/tomy-and-co\\\/\",\"container_padding_remove\":true}},{\"type\":\"list\",\"props\":{\"show_image\":true,\"show_link\":true,\"image_svg_color\":\"emphasis\",\"image_align\":\"left\",\"image_vertical_align\":true,\"list_style\":\"\",\"content_style\":\"bold\",\"image_border\":\"\",\"icon_color\":\"\",\"link_style\":\"\",\"text_align\":\"left\",\"text_align_breakpoint\":\"\",\"text_align_fallback\":\"\",\"maxwidth\":\"\",\"maxwidth_align\":\"\",\"maxwidth_breakpoint\":\"\",\"margin\":\"\",\"animation\":\"slide-left\",\"visibility\":\"m\",\"list_size\":false,\"icon\":\"\",\"id\":\"\",\"class\":\"menuhugo\",\"css\":\".menuhugo {color:#538447;\"},\"children\":[{\"type\":\"list_item\",\"props\":{\"icon_color\":\"\",\"content\":\"LE RESTAURANT\",\"link\":\"\\\/tomy-and-co\\\/le-restaurant\"}},{\"type\":\"list_item\",\"props\":{\"icon_color\":\"\",\"content\":\"LE CHEF\",\"image\":\"\",\"link\":\"\\\/tomy-and-co\\\/le-chef\"}},{\"type\":\"list_item\",\"props\":{\"icon_color\":\"\",\"content\":\"L'\\u00c9QUIPE\",\"link\":\"\\\/tomy-and-co\\\/equipe\"}},{\"type\":\"list_item\",\"props\":{\"icon_color\":\"\",\"content\":\"LA CARTE\",\"link\":\"\\\/tomy-and-co\\\/la-carte\"}},{\"type\":\"list_item\",\"props\":{\"icon_color\":\"\",\"content\":\"S'Y RENDRE\",\"link\":\"\\\/tomy-and-co\\\/situation\"}},{\"type\":\"list_item\",\"props\":{\"icon_color\":\"\",\"content\":\"NOUS SUIVRE\",\"link\":\"\\\/tomy-and-co\\\/nous-suivre\\\/\"}}]},{\"type\":\"button\",\"props\":{\"gutter\":\"small\",\"margin\":\"default\",\"button_size\":\"small\",\"text_align\":\"\",\"text_align_breakpoint\":\"\",\"text_align_fallback\":\"\",\"maxwidth\":\"\",\"maxwidth_align\":\"\",\"maxwidth_breakpoint\":\"\",\"animation\":\"slide-left\",\"visibility\":\"m\",\"css\":\"\",\"class\":\"\"},\"children\":[{\"type\":\"button_item\",\"props\":{\"button_style\":\"default\",\"icon_align\":\"left\",\"link_target\":\"\",\"content\":\"R\\u00e9server\",\"link\":\"reserver\"}},{\"type\":\"button_item\",\"props\":{\"button_style\":\"secondary\",\"icon_align\":\"left\",\"link_target\":\"modal\",\"link\":\"https:\\\/\\\/vimeo.com\\\/360331129\",\"lightbox_width\":\"960\",\"lightbox_height\":\"540\",\"icon\":\"play-circle\",\"content\":\"VID\\u00c9O\"}},{\"type\":\"button_item\",\"props\":{\"button_style\":\"link-muted\",\"icon_align\":\"left\",\"link_target\":\"modal\",\"content\":\"S'abonner \\u00e0 notre newsletter\",\"link\":\"https:\\\/\\\/leadfoxcloud.com\\\/public\\\/5e206b98bd03b306dd3021ae\\\/\",\"lightbox_width\":\"960\",\"lightbox_height\":\"540\",\"icon\":\"mail\"}}],\"name\":\"LIENS3\"},{\"type\":\"text\",\"props\":{\"margin\":\"default\",\"column_breakpoint\":\"m\",\"text_style\":\"\",\"text_color\":\"\",\"text_size\":\"\",\"column\":\"\",\"text_align\":\"\",\"text_align_breakpoint\":\"\",\"text_align_fallback\":\"\",\"maxwidth\":\"\",\"maxwidth_align\":\"\",\"maxwidth_breakpoint\":\"\",\"animation\":\"\",\"visibility\":\"m\",\"content\":\"\n\n<p style=\\\"font-size: 0.8em;\\\">Du lundi au vendredi<br \\\/>12h00 &gt; 13h30<br \\\/>19h15 &gt; 21h30<\\\/p>\"}},{\"type\":\"text\",\"props\":{\"margin\":\"default\",\"column_breakpoint\":\"m\",\"text_style\":\"\",\"text_color\":\"\",\"text_size\":\"\",\"column\":\"\",\"text_align\":\"\",\"text_align_breakpoint\":\"\",\"text_align_fallback\":\"\",\"maxwidth\":\"\",\"maxwidth_align\":\"\",\"maxwidth_breakpoint\":\"\",\"animation\":\"\",\"visibility\":\"m\",\"content\":\"\n\n<p style=\\\"font-size: 0.8em;\\\">22 rue Surcouf - 75007 Paris<\\\/p>\\n\n\n<p>T. 01 45 51 46 93<\\\/p>\"}},{\"type\":\"text\",\"props\":{\"margin\":\"remove-vertical\",\"column_breakpoint\":\"m\",\"text_style\":\"meta\",\"text_color\":\"\",\"text_size\":\"\",\"column\":\"\",\"text_align\":\"\",\"text_align_breakpoint\":\"\",\"text_align_fallback\":\"\",\"maxwidth\":\"\",\"maxwidth_align\":\"\",\"maxwidth_breakpoint\":\"\",\"animation\":\"\",\"visibility\":\"m\",\"content\":\"\n\n<p style=\\\"font-size:0.8em;\\\"><a href=\\\"https:\\\/\\\/www.tomygousset.com\\\" target=\\\"_blank\\\" rel=\\\"noopener\\\">< Site Tomy Gousset <\\\/a> \\\/ <a class=\\\"el-link uk-link-muted uk-icon customize-unpreviewable\\\" target=\\\"_blank\\\" href=\\\"https:\\\/\\\/www.facebook.com\\\/tomyandco\\\/\\\" uk-icon=\\\"icon: facebook;\\\"><svg width=\\\"20\\\" height=\\\"20\\\" viewBox=\\\"0 0 20 20\\\" xmlns=\\\"http:\\\/\\\/www.w3.org\\\/2000\\\/svg\\\" data-svg=\\\"facebook\\\"><path d=\\\"M11,10h2.6l0.4-3H11V5.3c0-0.9,0.2-1.5,1.5-1.5H14V1.1c-0.3,0-1-0.1-2.1-0.1C9.6,1,8,2.4,8,5v2H5.5v3H8v8h3V10z\\\"><\\\/path><\\\/svg><\\\/a> <a class=\\\"el-link uk-link-muted uk-icon customize-unpreviewable\\\" target=\\\"_blank\\\" href=\\\"https:\\\/\\\/www.instagram.com\\\/tomyandco\\\/\\\" uk-icon=\\\"icon: instagram;\\\"><svg width=\\\"20\\\" height=\\\"20\\\" viewBox=\\\"0 0 20 20\\\" xmlns=\\\"http:\\\/\\\/www.w3.org\\\/2000\\\/svg\\\" data-svg=\\\"instagram\\\"><path d=\\\"M13.55,1H6.46C3.45,1,1,3.44,1,6.44v7.12c0,3,2.45,5.44,5.46,5.44h7.08c3.02,0,5.46-2.44,5.46-5.44V6.44 C19.01,3.44,16.56,1,13.55,1z M17.5,14c0,1.93-1.57,3.5-3.5,3.5H6c-1.93,0-3.5-1.57-3.5-3.5V6c0-1.93,1.57-3.5,3.5-3.5h8 c1.93,0,3.5,1.57,3.5,3.5V14z\\\"><\\\/path><circle cx=\\\"14.87\\\" cy=\\\"5.26\\\" r=\\\"1.09\\\"><\\\/circle><path d=\\\"M10.03,5.45c-2.55,0-4.63,2.06-4.63,4.6c0,2.55,2.07,4.61,4.63,4.61c2.56,0,4.63-2.061,4.63-4.61 C14.65,7.51,12.58,5.45,10.03,5.45L10.03,5.45L10.03,5.45z M10.08,13c-1.66,0-3-1.34-3-2.99c0-1.65,1.34-2.99,3-2.99s3,1.34,3,2.99 C13.08,11.66,11.74,13,10.08,13L10.08,13L10.08,13z\\\"><\\\/path><\\\/svg><\\\/a><\\\/p>\",\"margin_remove_bottom\":true,\"margin_remove_top\":true}},{\"type\":\"gallery\",\"props\":{\"show_title\":false,\"show_meta\":false,\"show_content\":false,\"show_link\":true,\"show_hover_image\":false,\"grid_default\":\"3\",\"grid_medium\":\"3\",\"filter_style\":\"tab\",\"filter_all\":true,\"filter_position\":\"top\",\"filter_align\":\"left\",\"filter_grid_width\":\"auto\",\"filter_breakpoint\":\"m\",\"overlay_mode\":\"caption\",\"overlay_hover\":true,\"overlay_style\":\"\",\"text_color\":\"light\",\"overlay_position\":\"bottom-center\",\"overlay_transition\":\"fade\",\"title_element\":\"h3\",\"meta_style\":\"meta\",\"meta_align\":\"bottom\",\"text_align\":\"left\",\"margin\":\"default\",\"item_animation\":\"\",\"gutter\":\"\",\"grid_small\":\"3\",\"grid_large\":\"\",\"grid_xlarge\":\"\",\"filter_margin\":\"\",\"filter_gutter\":\"\",\"title_display\":\"\",\"content_display\":\"\",\"item_maxwidth\":\"\",\"overlay_padding\":\"\",\"overlay_margin\":\"\",\"overlay_maxwidth\":\"\",\"image_transition\":\"\",\"image_box_shadow\":\"\",\"image_hover_box_shadow\":\"\",\"image_box_decoration\":\"\",\"title_transition\":\"\",\"title_style\":\"\",\"title_decoration\":\"\",\"title_color\":\"\",\"title_margin\":\"\",\"meta_transition\":\"\",\"meta_color\":\"\",\"meta_margin\":\"\",\"content_transition\":\"\",\"content_style\":\"\",\"content_margin\":\"\",\"text_align_breakpoint\":\"\",\"text_align_fallback\":\"\",\"maxwidth\":\"\",\"maxwidth_align\":\"\",\"maxwidth_breakpoint\":\"\",\"visibility\":\"m\",\"grid_masonry\":false,\"divider\":true,\"lightbox\":false,\"lightbox_image_width\":\"400\",\"lightbox_image_height\":\"400\",\"overlay_transition_background\":false},\"children\":[{\"type\":\"gallery_item\",\"props\":{\"text_color\":\"\",\"image\":\"https:\\\/\\\/www.tomygousset.com\\\/visuels-tg\\\/pave-tomy.png\",\"link\":\"https:\\\/\\\/www.tomygousset.com\\\/tomy-and-co\\\/\",\"image_alt\":\"Restaurant Tomy & Co\",\"meta\":\"\",\"content\":\"Restaurant Tomy & Co\"}},{\"type\":\"gallery_item\",\"props\":{\"text_color\":\"\",\"image\":\"https:\\\/\\\/www.tomygousset.com\\\/visuels-tg\\\/pave-hugo.png\",\"link\":\"https:\\\/\\\/www.tomygousset.com\\\/hugo-and-co\\\/\",\"image_alt\":\"Restaurant Hugo & Co\"}},{\"type\":\"gallery_item\",\"props\":{\"text_color\":\"\",\"image\":\"https:\\\/\\\/www.tomygousset.com\\\/visuels-tg\\\/pave-marso.png\",\"link\":\"https:\\\/\\\/www.tomygousset.com\\\/marso-and-co\\\/\",\"image_alt\":\"Restaurant Marso & Co\"}}],\"name\":\"menu-pictos-resto\"}]},{\"type\":\"column\",\"props\":{\"widths\":[\"3-4\"],\"image_position\":\"center-center\",\"media_overlay_gradient\":\"\",\"vertical_align\":\"\",\"style\":\"\",\"text_color\":\"\",\"padding\":\"small\",\"image\":\"\",\"image_size\":\"cover\",\"image_effect\":\"\",\"image_parallax_breakpoint\":\"\",\"image_visibility\":\"\",\"media_blend_mode\":\"\",\"image_width\":\"\"},\"children\":[{\"type\":\"map\",\"props\":{\"show_title\":true,\"type\":\"roadmap\",\"zoom\":\"13\",\"controls\":true,\"zooming\":false,\"dragging\":false,\"maxwidth\":\"\",\"maxwidth_align\":\"\",\"maxwidth_breakpoint\":\"\",\"margin\":\"remove-vertical\",\"animation\":\"fade\",\"visibility\":\"\",\"height\":\"900\"},\"children\":[{\"type\":\"map_marker\",\"props\":{\"location\":\"48.8609,2.3093\",\"content\":\"\n\n<p style=\\\"text-align: center;\\\">22 rue Surcouf<br \\\/>75007 Paris<\\\/p>\\n\n\n<p style=\\\"text-align: center;\\\">T. 01 45 51 46 93<\\\/p>\\n\n\n<p style=\\\"text-align: center;\\\"><a href=\\\"https:\\\/\\\/goo.gl\\\/maps\\\/bdKPVe4C2Sx\\\" target=\\\"_blank\\\" rel=\\\"noopener\\\">Ouvrir dans gmap<\\\/a><\\\/p>\\n\n\n<p style=\\\"text-align: center;\\\"><a href=\\\"https:\\\/\\\/www.tomygousset.com\\\/tomy-and-co\\\/reserver\\\" data-wplink-url-error=\\\"true\\\">R\\u00e9server<\\\/a><\\\/p>\",\"title\":\"Restaurant Tomy & Co\",\"hide\":false,\"show_popup\":true}}]}]}]}]}],\"version\":\"1.18.15\",\"props\":[]} --><\/p>\n","protected":false},"excerpt":{"rendered":"<p>LE RESTAURANT LE CHEF L&rsquo;\u00c9QUIPE LA CARTE S&rsquo;Y RENDRE NOUS SUIVRE R\u00e9server VID\u00c9O S&rsquo;abonner \u00e0 notre newsletter Du lundi au vendredi12h00 &gt; 13h3019h15 &gt; 21h30 22 rue Surcouf &#8211; 75007 Paris T. 01 45 51 46 93 < Site Tomy Gousset \/ Restaurant Tomy &#038; Co Restaurant Tomy &#038; Co 22 rue Surcouf75007 Paris T. [&hellip;]\n<\/p>\n","protected":false},"author":1,"featured_media":0,"parent":0,"menu_order":0,"comment_status":"closed","ping_status":"closed","template":"","meta":{"_monsterinsights_skip_tracking":false,"_monsterinsights_sitenote_active":false,"_monsterinsights_sitenote_note":"","_monsterinsights_sitenote_category":0,"footnotes":""},"class_list":["post-85","page","type-page","status-publish","hentry"],"_links":{"self":[{"href":"https:\/\/tomygousset.com\/tomy-and-co\/wp-json\/wp\/v2\/pages\/85","targetHints":{"allow":["GET"]}}],"collection":[{"href":"https:\/\/tomygousset.com\/tomy-and-co\/wp-json\/wp\/v2\/pages"}],"about":[{"href":"https:\/\/tomygousset.com\/tomy-and-co\/wp-json\/wp\/v2\/types\/page"}],"author":[{"embeddable":true,"href":"https:\/\/tomygousset.com\/tomy-and-co\/wp-json\/wp\/v2\/users\/1"}],"replies":[{"embeddable":true,"href":"https:\/\/tomygousset.com\/tomy-and-co\/wp-json\/wp\/v2\/comments?post=85"}],"version-history":[{"count":0,"href":"https:\/\/tomygousset.com\/tomy-and-co\/wp-json\/wp\/v2\/pages\/85\/revisions"}],"wp:attachment":[{"href":"https:\/\/tomygousset.com\/tomy-and-co\/wp-json\/wp\/v2\/media?parent=85"}],"curies":[{"name":"wp","href":"https:\/\/api.w.org\/{rel}","templated":true}]}}