{"id":93,"date":"2019-03-15T13:33:41","date_gmt":"2019-03-15T12:33:41","guid":{"rendered":"http:\/\/tomygousset.s26722.manumartin.atester.fr\/tomy-and-co\/?page_id=93"},"modified":"2025-12-23T10:45:10","modified_gmt":"2025-12-23T09:45:10","slug":"la-carte","status":"publish","type":"page","link":"https:\/\/tomygousset.com\/tomy-and-co\/la-carte\/","title":{"rendered":"La carte"},"content":{"rendered":"<p><a href=\"\/tomy-and-co\/\"><img decoding=\"async\" src=\"\/visuels-tg\/pave-hugo-blank.png\" alt=\"\"><\/a><\/p>\n<ul>\n<li>\n<p><a href=\"\/tomy-and-co\/le-restaurant\">LE RESTAURANT<\/a><\/p>\n<\/li>\n<li>\n<p><a href=\"\/tomy-and-co\/le-chef\">LE CHEF<\/a><\/p>\n<\/li>\n<li>\n<p><a href=\"\/tomy-and-co\/equipe\">L&rsquo;\u00c9QUIPE<\/a><\/p>\n<\/li>\n<li>\n<p><a href=\"\/tomy-and-co\/la-carte\">LA CARTE<\/a><\/p>\n<\/li>\n<li>\n<p><a href=\"\/tomy-and-co\/situation\">S&rsquo;Y RENDRE<\/a><\/p>\n<\/li>\n<li>\n<p><a href=\"\/tomy-and-co\/nous-suivre\/\">NOUS SUIVRE<\/a><\/p>\n<\/li>\n<\/ul>\n<ul>\n<li>\n<p>\n        <a href=\"\/tomy-and-co\/reserver\">R\u00e9server<\/a>\n    <\/p>\n<\/li>\n<li>\n<p>\n        <a href=\"https:\/\/vimeo.com\/360331129\">VID\u00c9O<\/a>\n    <\/p>\n<\/li>\n<li>\n<p>\n        <a href=\"https:\/\/leadfoxcloud.com\/public\/5e206b98bd03b306dd3021ae\/\">S&rsquo;abonner \u00e0 notre newsletter<\/a>\n    <\/p>\n<\/li>\n<\/ul>\n<div>\n<p style=\"font-size: 0.8em;\">Du lundi au vendredi<br \/>12h00 &gt; 13h30<br \/>19h15 &gt; 21h30<\/p>\n<\/div>\n<div>\n<p style=\"font-size: 0.8em;\">22 rue Surcouf<br \/>75007 Paris<\/p>\n<p>T. 01 45 51 46 93<\/p>\n<\/div>\n<hr>\n<div>\n<p>Restez en contact\u2026<\/p>\n<\/div>\n<div>\n<p style=\"font-size:0.8em;\"><a href=\"https:\/\/www.tomygousset.com\" target=\"_blank\" rel=\"noopener\">< Site Tomy Gousset <\/a> \/ <a class=\"el-link uk-link-muted uk-icon customize-unpreviewable\" target=\"_blank\" href=\"https:\/\/www.facebook.com\/tomyandco\/\" uk-icon=\"icon: facebook;\"><svg width=\"20\" height=\"20\" viewBox=\"0 0 20 20\" xmlns=\"http:\/\/www.w3.org\/2000\/svg\" data-svg=\"facebook\"><path d=\"M11,10h2.6l0.4-3H11V5.3c0-0.9,0.2-1.5,1.5-1.5H14V1.1c-0.3,0-1-0.1-2.1-0.1C9.6,1,8,2.4,8,5v2H5.5v3H8v8h3V10z\"><\/path><\/svg><\/a> <a class=\"el-link uk-link-muted uk-icon customize-unpreviewable\" target=\"_blank\" href=\"https:\/\/www.instagram.com\/tomy&#038;co\/\" uk-icon=\"icon: instagram;\"><svg width=\"20\" height=\"20\" viewBox=\"0 0 20 20\" xmlns=\"http:\/\/www.w3.org\/2000\/svg\" data-svg=\"instagram\"><path d=\"M13.55,1H6.46C3.45,1,1,3.44,1,6.44v7.12c0,3,2.45,5.44,5.46,5.44h7.08c3.02,0,5.46-2.44,5.46-5.44V6.44 C19.01,3.44,16.56,1,13.55,1z M17.5,14c0,1.93-1.57,3.5-3.5,3.5H6c-1.93,0-3.5-1.57-3.5-3.5V6c0-1.93,1.57-3.5,3.5-3.5h8 c1.93,0,3.5,1.57,3.5,3.5V14z\"><\/path><circle cx=\"14.87\" cy=\"5.26\" r=\"1.09\"><\/circle><path d=\"M10.03,5.45c-2.55,0-4.63,2.06-4.63,4.6c0,2.55,2.07,4.61,4.63,4.61c2.56,0,4.63-2.061,4.63-4.61 C14.65,7.51,12.58,5.45,10.03,5.45L10.03,5.45L10.03,5.45z M10.08,13c-1.66,0-3-1.34-3-2.99c0-1.65,1.34-2.99,3-2.99s3,1.34,3,2.99 C13.08,11.66,11.74,13,10.08,13L10.08,13L10.08,13z\"><\/path><\/svg><\/a><\/p>\n<\/div>\n<h2><span style=\"color: #393938;\">La carte<\/span><\/h2>\n<div>\n\n\n<div>\n\n        \n<ul class=\"uk-subnav uk-subnav-pill uk-flex-left\" uk-switcher=\"connect: #wk-f7c\" uk-margin>\n        <li><a href>Carte des vins au verre<\/a><\/li>\n        <li><a href>Carte<\/a><\/li>\n        <li><a href>Menu d\u00e9jeuner<\/a><\/li>\n<\/ul>\n\n    \n    \n<ul id=\"wk-f7c\" class=\"uk-switcher uk-text-left uk-margin-top\">\n\n    \n    <li>\n        <div class=\"uk-panel\">\n\n            \n            \n            \n            \n                        <div class=\"uk-margin\"><p class=\"p1\"><span class=\"s1\"><span class=\"Apple-converted-space\">\u00a0\u00a0 \u00a0 \u00a0 \u00a0 \u00a0 \u00a0 \u00a0 \u00a0 \u00a0 \u00a0 \u00a0 \u00a0 \u00a0 \u00a0 \u00a0 \u00a0 \u00a0 \u00a0 \u00a0 \u00a0 \u00a0 \u00a0 \u00a0 \u00a0 \u00a0 \u00a0 \u00a0 \u00a0 \u00a0 \u00a0 \u00a0 \u00a0 \u00a0 \u00a0 \u00a0 \u00a0 \u00a0 \u00a0 \u00a0 \u00a0 \u00a0 \u00a0 \u00a0 <\/span><\/span><\/p>\r\n<p style=\"text-align: center\"><em>Les Vins au verre<\/em><\/p>\r\n<p style=\"text-align: center\"><em>Servis au verre 15 cl \u20ac<\/em><\/p>\r\n<p style=\"text-align: center\"><em>Les Bulles<\/em><\/p>\r\n<p style=\"text-align: center\"><em>AOP Cr\u00e9mant d\u2019Alsace - Domaine Paul Buecher 13<\/em>\r\n<em>AOP Champagne Laetitia Torchet Blancs de Blancs - Brut nature 22<\/em>\r\n<em>2016 AOP Champagne Mo\u00ebt &amp; Chandon - \u00ab Grand Vintage \u00bb 27<\/em>\r\n<em>AOP Champagne Taittinger prestige ros\u00e9 30<\/em><\/p>\r\n<p style=\"text-align: center\"><em>Vin Ros\u00e9<\/em><\/p>\r\n<p style=\"text-align: center\"><em>2023 AOP C\u00f4tes de Provence \u00ab Whispering Angel \u00bb \u2013 Caves d\u2019Esclans 13<\/em><\/p>\r\n<p style=\"text-align: center\"><em>Vins Blancs<\/em><\/p>\r\n<p style=\"text-align: center\"><em>2023 AOP Pouilly-Fum\u00e9 \u00ab La Moynerie \u00bb - Domaine Michel Redde 16<\/em>\r\n<em>2023 AOP Auxey-Duresses - David Moret 25<\/em>\r\n<em>2015 AOP Hermitage \u00ab Chante Alouette \u00bb - M. Chapoutier 35<\/em>\r\n<em>Verre de Vin d\u00e9couverte \u00ab du moment \u00bb 14<\/em><\/p>\r\n<p style=\"text-align: center\"><em>Vins Rouges<\/em><\/p>\r\n<p style=\"text-align: center\"><em>2015 AOP Haut-M\u00e9doc - Ch\u00e2teau Cantemerle 19<\/em>\r\n<em>2023 AOP Beaune 1er Cru \u00ab En l\u2019Orme \u00bb Domaine Germain 30<\/em>\r\n<em>2023 AOP Cornas \u2013 Domaine du Tunnel 34<\/em>\r\n<em>Verre de Vin d\u00e9couverte \u00ab du moment \u00bb 14<\/em><\/p>\r\n<p style=\"text-align: center\"><em>Les Vins Sucr\u00e9s et Sak\u00e9<\/em><\/p>\r\n<p style=\"text-align: center\"><em>2022 Gewurztraminer \u00ab Spatlese \u00bb - Domaine Landauer - Autriche 13<\/em>\r\n<em>2021 AOP Alsace Muscat Vendange Tardive - Domaine Paul Buecher 15<\/em>\r\n<em>2020 AOP Muscat du Cap Corse \u2013 Domaine Yves Leccia 17<\/em>\r\n<em>Sak\u00e9 Japonais ( Nihonshu) du moment 14<\/em>\r\n<em>Shinsen - Junmai Ginjo - Ishikawa 16<\/em>\r\n<em>Dassai DEX45 - Junmai Daiginjo - Yamaguchi 19<\/em><\/p>\r\n<p style=\"text-align: center\"><em>PRIX NETS, SERVICE COMPRIS<\/em><\/p>\r\n<p class=\"p1\" style=\"text-align: center\"><em><span class=\"s1\"><span class=\"Apple-converted-space\"> \u00a0 \u00a0 \u00a0 \u00a0 \u00a0 \u00a0 \u00a0 \u00a0 \u00a0 \u00a0 \u00a0 \u00a0 \u00a0 \u00a0 \u00a0 \u00a0 \u00a0 \u00a0 \u00a0 \u00a0 \u00a0 \u00a0 \u00a0 \u00a0 \u00a0 \u00a0 \u00a0 \u00a0 \u00a0 \u00a0 \u00a0 \u00a0 \u00a0 \u00a0 \u00a0 \u00a0 \u00a0 \u00a0\u00a0<\/span><\/span><\/em><\/p><\/div>\n            \n            \n            \n            \n            \n        <\/div>\n    <\/li>\n\n\n    \n    <li>\n        <div class=\"uk-panel\">\n\n            \n            \n            \n            \n                        <div class=\"uk-margin\"><p style=\"text-align: center\"><em>Menu Entr\u00e9e \/ Plat \/ Dessert 80 euro<\/em><\/p>\r\n<p style=\"text-align: center\"><em>Menu D\u00e9gustation en 6 temps 110 euros<\/em><\/p>\r\n<p style=\"text-align: center\"><em>Accord METS &amp; VINS + 90 euros<\/em><\/p>\r\n<p style=\"text-align: center\"><em>Gnocchis frits aux morilles, sarrazin &amp; parmesan, sauce miso &amp; ciboulette<\/em><\/p>\r\n<p style=\"text-align: center\"><em>Crudo de boeuf marin\u00e9 \u00e0 l\u2019huile de s\u00e9same, navets marin\u00e9s &amp; endives rouges, citron confit<\/em><\/p>\r\n<p style=\"text-align: center\"><em>Asperges blanches &amp; saumon d\u2019Ecosse, pomelos &amp; leche de tigre ail \/ piment doux<\/em><\/p>\r\n<p style=\"text-align: center\"><em>Langoustines en tartare &amp; \u0153ufs de truite, concombres &amp; pomme granny, citron vert\u00a0<\/em><\/p>\r\n<p style=\"text-align: center\"><em>*<\/em><\/p>\r\n<p style=\"text-align: center\"><em>Maquereau grill\u00e9, artichauts &amp; petit pois, olives noires &amp; citron confit, beurre blanc<\/em><\/p>\r\n<p style=\"text-align: center\"><em>Merlu &amp; asperges vertes, fenouil compot\u00e9e &amp; condiment \u00e0 l\u2019orange, jus de crustac\u00e9s<\/em><\/p>\r\n<p style=\"text-align: center\"><em>Cuisse de volaille au sarrazin, morilles &amp; ails des ours, pur\u00e9e de choux fleurs &amp; sauce supr\u00eame<\/em><\/p>\r\n<p style=\"text-align: center\"><em>Pithiviers de canard \/ foie gras \/ cochon, chutney de datte &amp; salade de laitue \/ radicchio<\/em><\/p>\r\n<p style=\"text-align: center\"><em>Suggestion du chef (hors menu et en fonction des arrivages)<\/em><\/p>\r\n<p style=\"text-align: center\"><em>Sole meuni\u00e8re de 1 kg du Guilvinec pour 2 personnes 120 euros<\/em><\/p>\r\n<p style=\"text-align: center\"><em>C\u00f4te de veau r\u00f4ti au sautoir de 1kg pour 2 personnes 120 euros<\/em><\/p>\r\n<p style=\"text-align: center\"><em>**<\/em><\/p>\r\n<p style=\"text-align: center\"><em>Rhubarbes &amp; sa glace \/ compote \/ brunoise, meringue &amp; opaline<\/em><\/p>\r\n<p style=\"text-align: center\"><em>Ganache chocolat &amp; glace pain au levain, noix de p\u00e9can caram\u00e9lis\u00e9es<\/em><\/p>\r\n<p style=\"text-align: center\"><em>Fraises gariguette &amp; son sorbet, poivre de verveine &amp; yaourt, crumble &amp; tuile fraise<\/em><\/p>\r\n<p style=\"text-align: center\"><em>Brie de Melun aux fruits du mendiant, endives rouge &amp; vinaigrette au miel<\/em><\/p><\/div>\n            \n            \n            \n            \n            \n        <\/div>\n    <\/li>\n\n\n    \n    <li>\n        <div class=\"uk-panel\">\n\n            \n            \n            \n            \n                        <div class=\"uk-margin\">&nbsp;\r\n<p style=\"text-align: center\"><em>Menu d\u00e9jeuner \u00ab Parisien\u00bb<\/em><\/p>\r\n<p style=\"text-align: center\"><em>Entr\u00e9e + Plat + Dessert 49 euros<\/em><\/p>\r\n<p style=\"text-align: center\"><em>*<\/em><\/p>\r\n<p style=\"text-align: center\"><em>\u0152uf mollet, cr\u00e8me de panais &amp; croutons, cerfeuils<\/em><\/p>\r\n<p style=\"text-align: center\"><em>**<\/em><\/p>\r\n<p style=\"text-align: center\"><em>Pintade r\u00f4tie, pur\u00e9e de pommes de terre \u00e0 la truffe noire &amp; shiitak\u00e9<\/em><\/p>\r\n<p style=\"text-align: center\"><em>***<\/em><\/p>\r\n<p style=\"text-align: center\"><em>Poire &amp; kumquat, glace au fromage blanc &amp; opaline<\/em><\/p><\/div>\n            \n            \n            \n            \n            \n        <\/div>\n    <\/li>\n\n<\/ul>\n\n    \n<\/div>\n\n\n<\/div>\n<hr>\n<ul>\n<li>\n<p>\n        <a href=\"\/tomy-and-co\/wp-content\/uploads\/sites\/5\/2025\/12\/menu-dejeuner-tomy.pdf\">Menu d\u00e9jeuner<\/a>\n    <\/p>\n<\/li>\n<li>\n<p>\n        <a href=\"\/tomy-and-co\/wp-content\/uploads\/sites\/5\/2025\/10\/CARTE-FOOD-TOMY-A4.pdf\">CARTE<\/a>\n    <\/p>\n<\/li>\n<li>\n<p>\n        <a href=\"\/tomy-and-co\/wp-content\/uploads\/sites\/5\/2025\/10\/CARTE-VINS-TOMY-A4.pdf\">Carte des vins<\/a>\n    <\/p>\n<\/li>\n<\/ul>\n<div>\n<p><span style=\"color: #000000;\">Toutes nos cartes sont susceptibles de changer au court des saisons et des arrivages.<\/span><\/p>\n<\/div>\n<p><!--more--><br \/>\n<!-- {\"type\":\"layout\",\"children\":[{\"type\":\"section\",\"props\":{\"animation\":\"fade\",\"image_position\":\"center-center\",\"padding_remove_bottom\":true,\"padding_remove_top\":true,\"style\":\"default\",\"title_breakpoint\":\"xl\",\"title_position\":\"top-left\",\"title_rotation\":\"left\",\"vertical_align\":\"\",\"width\":\"\"},\"children\":[{\"type\":\"row\",\"props\":{\"column_gap\":\"collapse\",\"layout\":\"1-4,3-4\",\"row_gap\":\"collapse\"},\"children\":[{\"type\":\"column\",\"props\":{\"image\":\"\\\/visuels-tg\\\/pave-tomy-etoile.png\",\"image_position\":\"top-center\",\"image_size\":\"contain\",\"media_visibility\":\"m\",\"position_sticky_breakpoint\":\"m\",\"style\":\"tile-secondary\",\"width_medium\":\"1-4\"},\"children\":[{\"type\":\"image\",\"props\":{\"animation\":\"fade\",\"container_padding_remove\":true,\"image\":\"\\\/visuels-tg\\\/pave-hugo-blank.png\",\"image_svg_color\":\"emphasis\",\"link\":\"\\\/tomy-and-co\\\/\",\"margin\":\"remove-vertical\",\"text_align\":\"center\",\"visibility\":\"m\"}},{\"type\":\"list\",\"props\":{\"animation\":\"slide-left\",\"class\":\"menuhugo\",\"column_breakpoint\":\"m\",\"content_style\":\"text-bold\",\"css\":\".menuhugo {color:#538447;\",\"image_align\":\"left\",\"image_svg_color\":\"emphasis\",\"image_vertical_align\":true,\"list_element\":\"ul\",\"list_horizontal_separator\":\", \",\"list_type\":\"vertical\",\"show_image\":true,\"show_link\":true,\"text_align\":\"left\",\"visibility\":\"m\"},\"children\":[{\"type\":\"list_item\",\"props\":{\"content\":\"LE RESTAURANT\",\"link\":\"\\\/tomy-and-co\\\/le-restaurant\"}},{\"type\":\"list_item\",\"props\":{\"content\":\"LE CHEF\",\"image\":\"\",\"link\":\"\\\/tomy-and-co\\\/le-chef\"}},{\"type\":\"list_item\",\"props\":{\"content\":\"L'\\u00c9QUIPE\",\"link\":\"\\\/tomy-and-co\\\/equipe\"}},{\"type\":\"list_item\",\"props\":{\"content\":\"LA CARTE\",\"link\":\"\\\/tomy-and-co\\\/la-carte\"}},{\"type\":\"list_item\",\"props\":{\"content\":\"S'Y RENDRE\",\"link\":\"\\\/tomy-and-co\\\/situation\"}},{\"type\":\"list_item\",\"props\":{\"content\":\"NOUS SUIVRE\",\"link\":\"\\\/tomy-and-co\\\/nous-suivre\\\/\"}}]},{\"type\":\"button\",\"props\":{\"animation\":\"slide-left\",\"button_size\":\"small\",\"grid_column_gap\":\"small\",\"grid_row_gap\":\"small\",\"margin\":\"default\",\"visibility\":\"m\"},\"children\":[{\"type\":\"button_item\",\"props\":{\"button_style\":\"default\",\"content\":\"R\\u00e9server\",\"dialog_layout\":\"modal\",\"dialog_offcanvas_flip\":true,\"icon_align\":\"left\",\"link\":\"reserver\"}},{\"type\":\"button_item\",\"props\":{\"button_style\":\"secondary\",\"content\":\"VID\\u00c9O\",\"dialog_layout\":\"modal\",\"dialog_offcanvas_flip\":true,\"icon\":\"play-circle\",\"icon_align\":\"left\",\"image_height\":\"540\",\"image_width\":\"960\",\"link\":\"https:\\\/\\\/vimeo.com\\\/360331129\",\"link_target\":\"modal\"}},{\"type\":\"button_item\",\"props\":{\"button_style\":\"link-muted\",\"content\":\"S'abonner \\u00e0 notre newsletter\",\"dialog_layout\":\"modal\",\"dialog_offcanvas_flip\":true,\"icon\":\"mail\",\"icon_align\":\"left\",\"image_height\":\"540\",\"image_width\":\"960\",\"link\":\"https:\\\/\\\/leadfoxcloud.com\\\/public\\\/5e206b98bd03b306dd3021ae\\\/\",\"link_target\":\"modal\"}}],\"name\":\"LIENS3\"},{\"type\":\"text\",\"props\":{\"column_breakpoint\":\"m\",\"content\":\"\n\n<p style=\\\"font-size: 0.8em;\\\">Du lundi au vendredi<br \\\/>12h00 &gt; 13h30<br \\\/>19h15 &gt; 21h30<\\\/p>\",\"margin\":\"default\",\"visibility\":\"m\"}},{\"type\":\"text\",\"props\":{\"column_breakpoint\":\"m\",\"content\":\"\n\n<p style=\\\"font-size: 0.8em;\\\">22 rue Surcouf<br \\\/>75007 Paris<\\\/p>\\n\n\n<p>T. 01 45 51 46 93<\\\/p>\",\"margin\":\"default\",\"visibility\":\"m\"}},{\"type\":\"divider\",\"props\":{\"divider_element\":\"hr\",\"visibility\":\"m\"}},{\"type\":\"text\",\"props\":{\"column_breakpoint\":\"m\",\"content\":\"\n\n<p>Restez en contact\\u2026<\\\/p>\",\"margin\":\"small\",\"margin_remove_bottom\":true,\"margin_remove_top\":false,\"text_style\":\"meta\",\"visibility\":\"m\"}},{\"type\":\"text\",\"props\":{\"column_breakpoint\":\"m\",\"content\":\"\n\n<p style=\\\"font-size:0.8em;\\\"><a href=\\\"https:\\\/\\\/www.tomygousset.com\\\" target=\\\"_blank\\\" rel=\\\"noopener\\\">< Site Tomy Gousset <\\\/a> \\\/ <a class=\\\"el-link uk-link-muted uk-icon customize-unpreviewable\\\" target=\\\"_blank\\\" href=\\\"https:\\\/\\\/www.facebook.com\\\/tomyandco\\\/\\\" uk-icon=\\\"icon: facebook;\\\"><svg width=\\\"20\\\" height=\\\"20\\\" viewBox=\\\"0 0 20 20\\\" xmlns=\\\"http:\\\/\\\/www.w3.org\\\/2000\\\/svg\\\" data-svg=\\\"facebook\\\"><path d=\\\"M11,10h2.6l0.4-3H11V5.3c0-0.9,0.2-1.5,1.5-1.5H14V1.1c-0.3,0-1-0.1-2.1-0.1C9.6,1,8,2.4,8,5v2H5.5v3H8v8h3V10z\\\"><\\\/path><\\\/svg><\\\/a> <a class=\\\"el-link uk-link-muted uk-icon customize-unpreviewable\\\" target=\\\"_blank\\\" href=\\\"https:\\\/\\\/www.instagram.com\\\/tomy&co\\\/\\\" uk-icon=\\\"icon: instagram;\\\"><svg width=\\\"20\\\" height=\\\"20\\\" viewBox=\\\"0 0 20 20\\\" xmlns=\\\"http:\\\/\\\/www.w3.org\\\/2000\\\/svg\\\" data-svg=\\\"instagram\\\"><path d=\\\"M13.55,1H6.46C3.45,1,1,3.44,1,6.44v7.12c0,3,2.45,5.44,5.46,5.44h7.08c3.02,0,5.46-2.44,5.46-5.44V6.44 C19.01,3.44,16.56,1,13.55,1z M17.5,14c0,1.93-1.57,3.5-3.5,3.5H6c-1.93,0-3.5-1.57-3.5-3.5V6c0-1.93,1.57-3.5,3.5-3.5h8 c1.93,0,3.5,1.57,3.5,3.5V14z\\\"><\\\/path><circle cx=\\\"14.87\\\" cy=\\\"5.26\\\" r=\\\"1.09\\\"><\\\/circle><path d=\\\"M10.03,5.45c-2.55,0-4.63,2.06-4.63,4.6c0,2.55,2.07,4.61,4.63,4.61c2.56,0,4.63-2.061,4.63-4.61 C14.65,7.51,12.58,5.45,10.03,5.45L10.03,5.45L10.03,5.45z M10.08,13c-1.66,0-3-1.34-3-2.99c0-1.65,1.34-2.99,3-2.99s3,1.34,3,2.99 C13.08,11.66,11.74,13,10.08,13L10.08,13L10.08,13z\\\"><\\\/path><\\\/svg><\\\/a><\\\/p>\",\"margin\":\"remove-vertical\",\"margin_remove_bottom\":true,\"margin_remove_top\":true,\"text_style\":\"meta\",\"visibility\":\"m\"}}]},{\"type\":\"column\",\"props\":{\"image\":\"\\\/visuels-tg\\\/fond-carte.png\",\"image_position\":\"center-center\",\"image_size\":\"cover\",\"padding\":\"small\",\"position_sticky_breakpoint\":\"m\",\"width_medium\":\"3-4\"},\"children\":[{\"type\":\"headline\",\"props\":{\"content\":\"<span style=\\\"color: #393938;\\\">La carte<\\\/span>\",\"margin\":\"large\",\"text_align\":\"right\",\"title_element\":\"h2\",\"title_style\":\"h1\"}},{\"type\":\"text\",\"props\":{\"column_breakpoint\":\"m\",\"content\":\"\n\n<p>[widgetkit id=\\\"2\\\"]<\\\/p>\",\"margin\":\"default\",\"visibility\":\"s\"}},{\"type\":\"divider\",\"props\":{\"divider_element\":\"hr\",\"divider_style\":\"small\",\"visibility\":\"s\"}},{\"type\":\"button\",\"props\":{\"animation\":\"scale-up\",\"button_size\":\"large\",\"fullwidth\":false,\"grid_column_gap\":\"medium\",\"grid_row_gap\":\"medium\",\"margin\":\"default\",\"text_align\":\"center\"},\"children\":[{\"type\":\"button_item\",\"props\":{\"button_style\":\"default\",\"content\":\"Menu d\\u00e9jeuner\",\"dialog_layout\":\"modal\",\"dialog_offcanvas_flip\":true,\"icon\":\"download\",\"icon_align\":\"left\",\"link\":\"wp-content\\\/uploads\\\/sites\\\/5\\\/2025\\\/12\\\/menu-dejeuner-tomy.pdf\",\"link_target\":\"blank\"}},{\"type\":\"button_item\",\"props\":{\"button_style\":\"secondary\",\"content\":\"CARTE\",\"dialog_layout\":\"modal\",\"dialog_offcanvas_flip\":true,\"icon\":\"download\",\"icon_align\":\"left\",\"link\":\"\\\/tomy-and-co\\\/wp-content\\\/uploads\\\/sites\\\/5\\\/2025\\\/10\\\/CARTE-FOOD-TOMY-A4.pdf\",\"link_target\":\"blank\"}},{\"type\":\"button_item\",\"props\":{\"button_style\":\"default\",\"content\":\"Carte des vins\",\"dialog_layout\":\"modal\",\"dialog_offcanvas_flip\":true,\"icon\":\"arrow-down\",\"icon_align\":\"left\",\"link\":\"\\\/tomy-and-co\\\/wp-content\\\/uploads\\\/sites\\\/5\\\/2025\\\/10\\\/CARTE-VINS-TOMY-A4.pdf\",\"link_target\":\"blank\"}}]},{\"type\":\"text\",\"props\":{\"column_breakpoint\":\"m\",\"content\":\"\n\n<p><span style=\\\"color: #000000;\\\">Toutes nos cartes sont susceptibles de changer au court des saisons et des arrivages.<\\\/span><\\\/p>\",\"margin\":\"default\",\"text_align\":\"center\",\"text_style\":\"meta\",\"visibility\":\"s\"}}]}]}]}],\"version\":\"4.5.25\"} --><\/p>\n","protected":false},"excerpt":{"rendered":"<p>LE RESTAURANT LE CHEF L&rsquo;\u00c9QUIPE LA CARTE S&rsquo;Y RENDRE NOUS SUIVRE R\u00e9server VID\u00c9O S&rsquo;abonner \u00e0 notre newsletter Du lundi au vendredi12h00 &gt; 13h3019h15 &gt; 21h30 22 rue Surcouf75007 Paris T. 01 45 51 46 93 Restez en contact\u2026 < Site Tomy Gousset \/ La carte Menu d\u00e9jeuner CARTE Carte des vins Toutes nos cartes sont [&hellip;]\n<\/p>\n","protected":false},"author":1,"featured_media":0,"parent":0,"menu_order":0,"comment_status":"closed","ping_status":"closed","template":"","meta":{"_monsterinsights_skip_tracking":false,"_monsterinsights_sitenote_active":false,"_monsterinsights_sitenote_note":"","_monsterinsights_sitenote_category":0,"footnotes":""},"class_list":["post-93","page","type-page","status-publish","hentry"],"_links":{"self":[{"href":"https:\/\/tomygousset.com\/tomy-and-co\/wp-json\/wp\/v2\/pages\/93","targetHints":{"allow":["GET"]}}],"collection":[{"href":"https:\/\/tomygousset.com\/tomy-and-co\/wp-json\/wp\/v2\/pages"}],"about":[{"href":"https:\/\/tomygousset.com\/tomy-and-co\/wp-json\/wp\/v2\/types\/page"}],"author":[{"embeddable":true,"href":"https:\/\/tomygousset.com\/tomy-and-co\/wp-json\/wp\/v2\/users\/1"}],"replies":[{"embeddable":true,"href":"https:\/\/tomygousset.com\/tomy-and-co\/wp-json\/wp\/v2\/comments?post=93"}],"version-history":[{"count":0,"href":"https:\/\/tomygousset.com\/tomy-and-co\/wp-json\/wp\/v2\/pages\/93\/revisions"}],"wp:attachment":[{"href":"https:\/\/tomygousset.com\/tomy-and-co\/wp-json\/wp\/v2\/media?parent=93"}],"curies":[{"name":"wp","href":"https:\/\/api.w.org\/{rel}","templated":true}]}}